{"id":19712,"date":"2021-11-01T00:17:28","date_gmt":"2021-11-01T00:17:28","guid":{"rendered":"http:\/\/ahelth.com\/about-us\/"},"modified":"2022-05-01T00:06:57","modified_gmt":"2022-05-01T00:06:57","slug":"about-us","status":"publish","type":"page","link":"https:\/\/ahelth.com\/de\/about-us\/","title":{"rendered":"\u00fcber uns"},"content":{"rendered":"\r\n<p><span style=\"vertical-align: inherit;\"><span style=\"vertical-align: inherit;\">\u00fcber uns<\/span><\/span><\/p>\r\n\r\n\r\n\r\n<p><span style=\"vertical-align: inherit;\"><span style=\"vertical-align: inherit;\">Die Website Ahelth.com arbeitet daran, den Lesern \u00fcberall zuverl\u00e4ssige Informationen in allen Bereichen der Gesundheit zur Verf\u00fcgung zu stellen. <\/span><span style=\"vertical-align: inherit;\">Wir glauben an das Recht aller auf Information und einfachen Zugang zu zuverl\u00e4ssigen Informationen.<\/span><\/span><\/p>\r\n\r\n\r\n\r\n<p><span style=\"vertical-align: inherit;\"><span style=\"vertical-align: inherit;\">Um seine Mission zu erf\u00fcllen, ist Ahelth.com bestrebt, das Vertrauen der Benutzer zu gewinnen und zu erhalten, indem es:<\/span><\/span><\/p>\r\n\r\n\r\n\r\n<p><span style=\"vertical-align: inherit;\"><span style=\"vertical-align: inherit;\">Weitergabe von Informationen in allen den Daten zugeordneten und freigegebenen Feldern.<\/span><\/span><\/p>\r\n\r\n\r\n\r\n<p><span style=\"vertical-align: inherit;\"><span style=\"vertical-align: inherit;\">Respektieren Sie Urheberrechte, geistiges Eigentum sowie professionelle und ethische Standards.<\/span><\/span><\/p>\r\n\r\n\r\n\r\n<p><span style=\"vertical-align: inherit;\"><span style=\"vertical-align: inherit;\">Respektieren Sie die Privatsph\u00e4re unserer Benutzer und geben Sie keine privaten Informationen weiter, die mit Ahelth.com geteilt werden<\/span><\/span><\/p>\r\n\r\n\r\n\r\n<p><span style=\"vertical-align: inherit;\"><span style=\"vertical-align: inherit;\">Halten Sie sich \u00fcber die neuesten wissenschaftlichen Entwicklungen auf dem Laufenden und aktualisieren Sie unsere Inhalte entsprechend.<\/span><\/span><\/p>\r\n\r\n\r\n\r\n<p><span style=\"vertical-align: inherit;\"><span style=\"vertical-align: inherit;\">Ahelth.com wird von einem Team aus professionellen Experten, Managern, Redakteuren, Programmierern, Designern und Werbespezialisten betrieben, die daran arbeiten, ihre Leistung aufrechtzuerhalten und kontinuierlich zu verbessern, um qualitativ hochwertige Produkte, Inhalte und Dienstleistungen zu gew\u00e4hrleisten.<\/span><\/span><\/p>\r\n\r\n\r\n\r\n<p><span style=\"vertical-align: inherit;\"><span style=\"vertical-align: inherit;\">Haftungsausschluss: Ahelth.com betont, wie wichtig es ist, vor Beginn einer Behandlung und im Falle eines medizinischen Problems professionelle medizinische Hilfe in Anspruch zu nehmen. <\/span><span style=\"vertical-align: inherit;\">Die von Ahelth.com bereitgestellten Informationen dienen Bildungszwecken und sollten nicht als Ersatz f\u00fcr medizinische und professionelle Meinungen betrachtet werden.<\/span><\/span><\/p>\r\n\r\n\r\n\r\n<p><span style=\"vertical-align: inherit;\"><span style=\"vertical-align: inherit;\">\u00a0Mit freundlichen Gr\u00fc\u00dfen<\/span><\/span><\/p>\r\n\r\n\r\n\r\n<p><span style=\"vertical-align: inherit;\"><span style=\"vertical-align: inherit;\">Gesundheit.com<\/span><\/span><\/p>\r\n","protected":false},"excerpt":{"rendered":"<p>\u00fcber uns Die Website Ahelth.com arbeitet daran, den Lesern \u00fcberall zuverl\u00e4ssige Informationen in allen Bereichen der Gesundheit zur Verf\u00fcgung zu stellen. Wir glauben an das Recht aller auf Information und einfachen Zugang zu zuverl\u00e4ssigen Informationen. Um seine Mission zu erf\u00fcllen, ist Ahelth.com bestrebt, das Vertrauen der Benutzer zu gewinnen und zu erhalten, indem es: Weitergabe &hellip;<\/p>\n","protected":false},"author":1,"featured_media":0,"parent":0,"menu_order":0,"comment_status":"closed","ping_status":"closed","template":"","meta":{"footnotes":""},"class_list":["post-19712","page","type-page","status-publish","hentry"],"yoast_head":"<!-- This site is optimized with the Yoast SEO plugin v27.4 - https:\/\/yoast.com\/product\/yoast-seo-wordpress\/ -->\n<title>\u00fcber uns - the health<\/title>\n<meta name=\"robots\" content=\"index, follow, max-snippet:-1, max-image-preview:large, max-video-preview:-1\" \/>\n<link rel=\"canonical\" href=\"https:\/\/ahelth.com\/de\/about-us\/\" \/>\n<meta property=\"og:locale\" content=\"de_DE\" \/>\n<meta property=\"og:type\" content=\"article\" \/>\n<meta property=\"og:title\" content=\"\u00fcber uns - the health\" \/>\n<meta property=\"og:description\" content=\"\u00fcber uns Die Website Ahelth.com arbeitet daran, den Lesern \u00fcberall zuverl\u00e4ssige Informationen in allen Bereichen der Gesundheit zur Verf\u00fcgung zu stellen. Wir glauben an das Recht aller auf Information und einfachen Zugang zu zuverl\u00e4ssigen Informationen. Um seine Mission zu erf\u00fcllen, ist Ahelth.com bestrebt, das Vertrauen der Benutzer zu gewinnen und zu erhalten, indem es: Weitergabe &hellip;\" \/>\n<meta property=\"og:url\" content=\"https:\/\/ahelth.com\/de\/about-us\/\" \/>\n<meta property=\"og:site_name\" content=\"the health\" \/>\n<meta property=\"article:modified_time\" content=\"2022-05-01T00:06:57+00:00\" \/>\n<meta name=\"twitter:card\" content=\"summary_large_image\" \/>\n<meta name=\"twitter:label1\" content=\"Gesch\u00e4tzte Lesezeit\" \/>\n\t<meta name=\"twitter:data1\" content=\"1 minute\" \/>\n<script type=\"application\/ld+json\" class=\"yoast-schema-graph\">{\"@context\":\"https:\\\/\\\/schema.org\",\"@graph\":[{\"@type\":\"WebPage\",\"@id\":\"https:\\\/\\\/ahelth.com\\\/de\\\/about-us\\\/\",\"url\":\"https:\\\/\\\/ahelth.com\\\/de\\\/about-us\\\/\",\"name\":\"\u00fcber uns - the health\",\"isPartOf\":{\"@id\":\"https:\\\/\\\/ahelth.com\\\/es\\\/#website\"},\"datePublished\":\"2021-11-01T00:17:28+00:00\",\"dateModified\":\"2022-05-01T00:06:57+00:00\",\"breadcrumb\":{\"@id\":\"https:\\\/\\\/ahelth.com\\\/de\\\/about-us\\\/#breadcrumb\"},\"inLanguage\":\"de-DE\",\"potentialAction\":[{\"@type\":\"ReadAction\",\"target\":[\"https:\\\/\\\/ahelth.com\\\/de\\\/about-us\\\/\"]}]},{\"@type\":\"BreadcrumbList\",\"@id\":\"https:\\\/\\\/ahelth.com\\\/de\\\/about-us\\\/#breadcrumb\",\"itemListElement\":[{\"@type\":\"ListItem\",\"position\":1,\"name\":\"Home\",\"item\":\"https:\\\/\\\/ahelth.com\\\/de\\\/\"},{\"@type\":\"ListItem\",\"position\":2,\"name\":\"\u00fcber uns\"}]},{\"@type\":\"WebSite\",\"@id\":\"https:\\\/\\\/ahelth.com\\\/es\\\/#website\",\"url\":\"https:\\\/\\\/ahelth.com\\\/es\\\/\",\"name\":\"the health\",\"description\":\"Articles on health\",\"potentialAction\":[{\"@type\":\"SearchAction\",\"target\":{\"@type\":\"EntryPoint\",\"urlTemplate\":\"https:\\\/\\\/ahelth.com\\\/es\\\/?s={search_term_string}\"},\"query-input\":{\"@type\":\"PropertyValueSpecification\",\"valueRequired\":true,\"valueName\":\"search_term_string\"}}],\"inLanguage\":\"de-DE\"}]}<\/script>\n<!-- \/ Yoast SEO plugin. -->","yoast_head_json":{"title":"\u00fcber uns - the health","robots":{"index":"index","follow":"follow","max-snippet":"max-snippet:-1","max-image-preview":"max-image-preview:large","max-video-preview":"max-video-preview:-1"},"canonical":"https:\/\/ahelth.com\/de\/about-us\/","og_locale":"de_DE","og_type":"article","og_title":"\u00fcber uns - the health","og_description":"\u00fcber uns Die Website Ahelth.com arbeitet daran, den Lesern \u00fcberall zuverl\u00e4ssige Informationen in allen Bereichen der Gesundheit zur Verf\u00fcgung zu stellen. Wir glauben an das Recht aller auf Information und einfachen Zugang zu zuverl\u00e4ssigen Informationen. Um seine Mission zu erf\u00fcllen, ist Ahelth.com bestrebt, das Vertrauen der Benutzer zu gewinnen und zu erhalten, indem es: Weitergabe &hellip;","og_url":"https:\/\/ahelth.com\/de\/about-us\/","og_site_name":"the health","article_modified_time":"2022-05-01T00:06:57+00:00","twitter_card":"summary_large_image","twitter_misc":{"Gesch\u00e4tzte Lesezeit":"1 minute"},"schema":{"@context":"https:\/\/schema.org","@graph":[{"@type":"WebPage","@id":"https:\/\/ahelth.com\/de\/about-us\/","url":"https:\/\/ahelth.com\/de\/about-us\/","name":"\u00fcber uns - the health","isPartOf":{"@id":"https:\/\/ahelth.com\/es\/#website"},"datePublished":"2021-11-01T00:17:28+00:00","dateModified":"2022-05-01T00:06:57+00:00","breadcrumb":{"@id":"https:\/\/ahelth.com\/de\/about-us\/#breadcrumb"},"inLanguage":"de-DE","potentialAction":[{"@type":"ReadAction","target":["https:\/\/ahelth.com\/de\/about-us\/"]}]},{"@type":"BreadcrumbList","@id":"https:\/\/ahelth.com\/de\/about-us\/#breadcrumb","itemListElement":[{"@type":"ListItem","position":1,"name":"Home","item":"https:\/\/ahelth.com\/de\/"},{"@type":"ListItem","position":2,"name":"\u00fcber uns"}]},{"@type":"WebSite","@id":"https:\/\/ahelth.com\/es\/#website","url":"https:\/\/ahelth.com\/es\/","name":"the health","description":"Articles on health","potentialAction":[{"@type":"SearchAction","target":{"@type":"EntryPoint","urlTemplate":"https:\/\/ahelth.com\/es\/?s={search_term_string}"},"query-input":{"@type":"PropertyValueSpecification","valueRequired":true,"valueName":"search_term_string"}}],"inLanguage":"de-DE"}]}},"_links":{"self":[{"href":"https:\/\/ahelth.com\/de\/wp-json\/wp\/v2\/pages\/19712","targetHints":{"allow":["GET"]}}],"collection":[{"href":"https:\/\/ahelth.com\/de\/wp-json\/wp\/v2\/pages"}],"about":[{"href":"https:\/\/ahelth.com\/de\/wp-json\/wp\/v2\/types\/page"}],"author":[{"embeddable":true,"href":"https:\/\/ahelth.com\/de\/wp-json\/wp\/v2\/users\/1"}],"replies":[{"embeddable":true,"href":"https:\/\/ahelth.com\/de\/wp-json\/wp\/v2\/comments?post=19712"}],"version-history":[{"count":0,"href":"https:\/\/ahelth.com\/de\/wp-json\/wp\/v2\/pages\/19712\/revisions"}],"wp:attachment":[{"href":"https:\/\/ahelth.com\/de\/wp-json\/wp\/v2\/media?parent=19712"}],"curies":[{"name":"wp","href":"https:\/\/api.w.org\/{rel}","templated":true}]}}