{"id":19745,"date":"2021-10-31T23:44:38","date_gmt":"2021-10-31T23:44:38","guid":{"rendered":"http:\/\/ahelth.com\/privacy-policy\/"},"modified":"2022-05-01T00:24:37","modified_gmt":"2022-05-01T00:24:37","slug":"privacy-policy","status":"publish","type":"page","link":"https:\/\/ahelth.com\/de\/privacy-policy\/","title":{"rendered":"Datenschutz-Bestimmungen"},"content":{"rendered":"<p><strong><span style=\"vertical-align: inherit;\"><span style=\"vertical-align: inherit;\">Datenschutz-Bestimmungen<\/span><\/span><\/strong><\/p>\n<p><strong><span style=\"vertical-align: inherit;\"><span style=\"vertical-align: inherit;\">Lieber Besucher,<\/span><\/span><\/strong><\/p>\n<p><span style=\"vertical-align: inherit;\"><span style=\"vertical-align: inherit;\">Ihre Privatsph\u00e4re, Besucher, ist uns sehr wichtig, und die Datenschutzrichtlinie in diesem Dokument beschreibt die Arten von pers\u00f6nlichen Informationen, die\u00a0 <\/span><\/span><strong><span style=\"vertical-align: inherit;\"><span style=\"vertical-align: inherit;\">\u00a0\u00a0ahelth<\/span><\/span><\/strong><a href=\"https:\/\/1ajaeb.com\/\">\u00a0<\/a><span style=\"vertical-align: inherit;\"><span style=\"vertical-align: inherit;\"> blog sammelt, und wie diese Informationen verwendet werden.<\/span><\/span><\/p>\n<p><span style=\"vertical-align: inherit;\"><span style=\"vertical-align: inherit;\">Wir verwenden externe Werbeunternehmen, um Anzeigen anzuzeigen, und wenn Sie\u00a0 <\/span><\/span><strong><span style=\"vertical-align: inherit;\"><span style=\"vertical-align: inherit;\">\u00a0den ahelth-<\/span><\/span><\/strong><span style=\"vertical-align: inherit;\"><span style=\"vertical-align: inherit;\"> Blog besuchen \u00a0\u00a0, haben diese Unternehmen das Recht, Informationen \u00fcber Ihre Besuche in diesem Blog (mit Ausnahme von Name, Adresse, E-Mail-Adresse oder Telefonnummer) zu verwenden Bereitstellung von Werbung zu Waren und Dienstleistungen, die Sie durch <\/span><\/span><a href=\"https:\/\/www.doubleclickbygoogle.com\/\"><span style=\"vertical-align: inherit;\"><span style=\"vertical-align: inherit;\">Cookie-Dateien<\/span><\/span><\/a><span style=\"vertical-align: inherit;\"><span style=\"vertical-align: inherit;\"> interessieren\u00a0 <\/span><span style=\"vertical-align: inherit;\">.<\/span><\/span><\/p>\n<p>&nbsp;<\/p>\n<p><span style=\"vertical-align: inherit;\"><span style=\"vertical-align: inherit;\">Wir bei\u00a0 <\/span><\/span><strong><span style=\"vertical-align: inherit;\"><span style=\"vertical-align: inherit;\">\u00a0ahelth<\/span><\/span><\/strong><span style=\"vertical-align: inherit;\"><span style=\"vertical-align: inherit;\"> \u00a0\u00a0verwenden Google-Anzeigen als externe Finanzquelle, daher verwendet Google\u00a0 <\/span><\/span><a href=\"https:\/\/www.doubleclickbygoogle.com\/\"><span style=\"vertical-align: inherit;\"><span style=\"vertical-align: inherit;\">Cookies<\/span><\/span><\/a><span style=\"vertical-align: inherit;\"><span style=\"vertical-align: inherit;\"> \u00a0, um Anzeigen auf unserer Website anzuzeigen.<\/span><\/span><\/p>\n<p>&nbsp;<\/p>\n<p><span style=\"vertical-align: inherit;\"><span style=\"vertical-align: inherit;\">Dadurch wird es\u00a0 <\/span><\/span><strong><span style=\"vertical-align: inherit;\"><span style=\"vertical-align: inherit;\">Google<\/span><\/span><\/strong><span style=\"vertical-align: inherit;\"><span style=\"vertical-align: inherit;\"> erm\u00f6glicht \u00a0, durch Verwendung des\u00a0 <\/span><\/span><strong><span style=\"vertical-align: inherit;\"><span style=\"vertical-align: inherit;\">DART-Cookies<\/span><\/span><\/strong><span style=\"vertical-align: inherit;\"><span style=\"vertical-align: inherit;\"> \u00a0\u201einteressenbezogene\u201c Anzeigen f\u00fcr Nutzer auf Grundlage ihrer Besuche auf unserer Website zu schalten.<\/span><\/span><\/p>\n<p>&nbsp;<\/p>\n<p><span style=\"vertical-align: inherit;\"><span style=\"vertical-align: inherit;\">Unsere gesch\u00e4tzten Besucher k\u00f6nnen die Verwendung des\u00a0 <\/span><\/span><strong><span style=\"vertical-align: inherit;\"><span style=\"vertical-align: inherit;\">DART-Cookies deaktivieren, indem sie die Datenschutzrichtlinie von <\/span><\/span><\/strong><span style=\"vertical-align: inherit;\"><a href=\"https:\/\/www.google.com\/policies\/technologies\/ads\/\"><strong><span style=\"vertical-align: inherit;\">Google<\/span><\/strong><\/a><\/span><a href=\"https:\/\/www.google.com\/policies\/technologies\/ads\/\"><span style=\"vertical-align: inherit;\"><span style=\"vertical-align: inherit;\"> -Anzeigen\u00a0 <\/span><span style=\"vertical-align: inherit;\">\u00a0und dem Content-<\/span><\/span><\/a><span style=\"vertical-align: inherit;\"><span style=\"vertical-align: inherit;\"> Werbenetzwerk \u00a0besuchen\u00a0 <\/span><span style=\"vertical-align: inherit;\">.<\/span><\/span><\/p>\n<p>&nbsp;<\/p>\n<p><strong><span style=\"vertical-align: inherit;\"><span style=\"vertical-align: inherit;\">Protokolldateien <\/span><\/span><\/strong><strong><span style=\"vertical-align: inherit;\"><span style=\"vertical-align: inherit;\">:<\/span><\/span><\/strong><\/p>\n<p><span style=\"vertical-align: inherit;\"><span style=\"vertical-align: inherit;\">Wie die meisten anderen Site-Server verwendet die\u00a0 <\/span><\/span><strong><span style=\"vertical-align: inherit;\"><span style=\"vertical-align: inherit;\">\u00a0ahelth-<\/span><\/span><\/strong><span style=\"vertical-align: inherit;\"><span style=\"vertical-align: inherit;\"> Website daher \u00a0\u00a0das Protokolldateisystem, und dazu geh\u00f6rt das Internetprotokoll (Adressen, Browsertyp, Internetdienstanbieter \u201eInternet Service Provider\u201c, Datum \/ Uhrzeit und Anzahl der Klicks zur Trendanalyse).<\/span><\/span><\/p>\n<p>&nbsp;<\/p>\n<p><span style=\"vertical-align: inherit;\"><span style=\"vertical-align: inherit;\">Durch diesen Prozess sollen all diese Informationen nicht gesammelt werden, um die pers\u00f6nlichen Angelegenheiten der Besucher zu belauschen, sondern es handelt sich um analytische Zwecke, um die Qualit\u00e4t der Anzeigen von\u00a0 <\/span><\/span><strong><span style=\"vertical-align: inherit;\"><span style=\"vertical-align: inherit;\">Google<\/span><\/span><\/strong><span style=\"vertical-align: inherit;\"><span style=\"vertical-align: inherit;\"> zu verbessern \u00a0, und dar\u00fcber hinaus all diese Informationen von uns gespeicherte Informationen sind absolut vertraulich und bleiben im Rahmen privater Entwicklung und Verbesserung.Nur unsere Website.<\/span><\/span><\/p>\n<p>&nbsp;<\/p>\n<p><strong><span style=\"vertical-align: inherit;\"><span style=\"vertical-align: inherit;\">Cookies und Netzwerkeinstellungen <\/span><\/span><\/strong><strong><span style=\"vertical-align: inherit;\"><span style=\"vertical-align: inherit;\">:<\/span><\/span><\/strong><\/p>\n<p><span style=\"vertical-align: inherit;\"><span style=\"vertical-align: inherit;\">Google\u00a0 <\/span><span style=\"vertical-align: inherit;\">\u00a0verwendet Cookies, um Informationen \u00fcber die Interessen der Besucher zusammen mit einem speziellen Benutzerdatensatz zu speichern, in dem spezifische Informationen \u00fcber die aufgerufenen oder besuchten Seiten gespeichert werden, und wir wissen mit diesem Schritt, wie gro\u00df die Interessen der Besucher sind und welche Themen am meisten bevorzugt werden von ihnen, damit wir wiederum unsere Service- und <\/span><\/span><strong><span style=\"vertical-align: inherit;\"><span style=\"vertical-align: inherit;\">Wissensinhalte<\/span><\/span><\/strong><\/p>\n<p>&nbsp;<\/p>\n<p><span style=\"vertical-align: inherit;\"><span style=\"vertical-align: inherit;\">Wir f\u00fcgen hinzu, dass einige Unternehmen, die auf\u00a0 <\/span><\/span><strong><span style=\"vertical-align: inherit;\"><span style=\"vertical-align: inherit;\">\u00a0ahelth werben,<\/span><\/span><\/strong><span style=\"vertical-align: inherit;\"><span style=\"vertical-align: inherit;\"> \u00a0m\u00f6glicherweise Cookies und Netzwerkeinstellungen f\u00fcr unsere Website und f\u00fcr Sie einsehen, und diese Unternehmen sind beispielsweise\u00a0 <\/span><\/span><strong><span style=\"vertical-align: inherit;\"><span style=\"vertical-align: inherit;\">Google<\/span><\/span><\/strong><span style=\"vertical-align: inherit;\"><span style=\"vertical-align: inherit;\"> \u00a0und sein Werbeprogramm\u00a0 <\/span><\/span><a href=\"https:\/\/accounts.google.com\/ServiceLogin?service=adsense&amp;rm=hide&amp;nui=15&amp;alwf=true&amp;ltmpl=adsense&amp;passive=true&amp;continue=https:\/\/www.google.com\/adsense\/gaiaauth2?hl%3Den_US%26subid%3Dww-en_US-et-ads%26sourceid%3Daso%26medium%3Dlink&amp;followup=https:\/\/www.google.com\/adsense\/gaiaauth2?hl%3Den_US%26subid%3Dww-en_US-et-ads%26sourceid%3Daso%26medium%3Dlink&amp;hl=en_US#identifier\"><strong><span style=\"vertical-align: inherit;\"><span style=\"vertical-align: inherit;\">Google AdSense<\/span><\/span><\/strong><\/a><span style=\"vertical-align: inherit;\"><span style=\"vertical-align: inherit;\"> \u00a0, das das erste Werbeunternehmen auf unserer Website ist.<\/span><\/span><\/p>\n<p>&nbsp;<\/p>\n<p><span style=\"vertical-align: inherit;\"><span style=\"vertical-align: inherit;\">Nat\u00fcrlich verfolgen solche Werbetreibenden, die in der Datenschutzrichtlinie als Dritte betrachtet werden, solche Daten und Statistiken \u00fcber Internetprotokolle, um die Qualit\u00e4t ihrer Werbung zu verbessern und ihre Wirksamkeit zu messen.<\/span><\/span><\/p>\n<p>&nbsp;<\/p>\n<p><span style=\"vertical-align: inherit;\"><span style=\"vertical-align: inherit;\">Au\u00dferdem sind diese Unternehmen im Rahmen der mit uns geschlossenen Vereinbarungen berechtigt, technische Mittel (wie Cookies, Netzwerkeinstellungen und spezielle \u201eJavaScript\u201c-Programmiercodes) f\u00fcr die gleichen oben genannten Zwecke zu verwenden, die dazu dienen, den Werbeinhalt dieser zu entwickeln Unternehmen und messen Sie die Wirksamkeit dieser Anzeigen, ohne andere Ziele, die den Besuchern unserer Website auf die eine oder andere Weise schaden k\u00f6nnten.<\/span><\/span><\/p>\n<p>&nbsp;<\/p>\n<p><span style=\"vertical-align: inherit;\"><span style=\"vertical-align: inherit;\">Nat\u00fcrlich kann die\u00a0 <\/span><\/span><strong><span style=\"vertical-align: inherit;\"><span style=\"vertical-align: inherit;\">ahelth-<\/span><\/span><\/strong><span style=\"vertical-align: inherit;\"><span style=\"vertical-align: inherit;\"> Website \u00a0nicht auf diese Dateien zugreifen oder sie kontrollieren, selbst nachdem Sie sie zugelassen und aktiviert haben, um sie von Ihrem Ger\u00e4t zu nehmen (Cookies), und wir sind in keiner Weise f\u00fcr die illegale Verwendung dieser Dateien verantwortlich, falls dies geschieht, Gott bewahre.<\/span><\/span><\/p>\n<p>&nbsp;<\/p>\n<p><span style=\"vertical-align: inherit;\"><span style=\"vertical-align: inherit;\">Sie sollten die Datenschutzrichtlinie des Drittanbieters in diesem Dokument (Werbetreibende wie\u00a0 <\/span><\/span><a href=\"https:\/\/accounts.google.com\/ServiceLogin?service=adsense&amp;rm=hide&amp;nui=15&amp;alwf=true&amp;ltmpl=adsense&amp;passive=true&amp;continue=https:\/\/www.google.com\/adsense\/gaiaauth2?hl%3Den_US%26subid%3Dww-en_US-et-ads%26sourceid%3Daso%26medium%3Dlink&amp;followup=https:\/\/www.google.com\/adsense\/gaiaauth2?hl%3Den_US%26subid%3Dww-en_US-et-ads%26sourceid%3Daso%26medium%3Dlink&amp;hl=en_US#identifier\"><strong><span style=\"vertical-align: inherit;\"><span style=\"vertical-align: inherit;\">Google AdSense<\/span><\/span><\/strong><\/a><span style=\"vertical-align: inherit;\"><span style=\"vertical-align: inherit;\"> \u00a0) oder Ad-Netzwerk-Server lesen, um weitere Informationen zu ihren verschiedenen Praktiken und Aktivit\u00e4ten zu erhalten.<\/span><\/span><\/p>\n<p>&nbsp;<\/p>\n<p><span style=\"vertical-align: inherit;\"><span style=\"vertical-align: inherit;\">Um die Datenschutzerkl\u00e4rung <\/span><span style=\"vertical-align: inherit;\">\u00a0des\u00a0 <\/span><a href=\"https:\/\/accounts.google.com\/ServiceLogin?service=adsense&amp;rm=hide&amp;nui=15&amp;alwf=true&amp;ltmpl=adsense&amp;passive=true&amp;continue=https:\/\/www.google.com\/adsense\/gaiaauth2?hl%3Den_US%26subid%3Dww-en_US-et-ads%26sourceid%3Daso%26medium%3Dlink&amp;followup=https:\/\/www.google.com\/adsense\/gaiaauth2?hl%3Den_US%26subid%3Dww-en_US-et-ads%26sourceid%3Daso%26medium%3Dlink&amp;hl=en_US#identifier\"><strong><span style=\"vertical-align: inherit;\">Google AdSense<\/span><\/strong><\/a><strong><span style=\"vertical-align: inherit;\"> -Werbeprogramms von Google\u00a0<\/span><\/strong><span style=\"vertical-align: inherit;\"> anzuzeigen, klicken Sie bitte\u00a0 <\/span><a href=\"https:\/\/www.google.com\/policies\/technologies\/ads\/\"><span style=\"vertical-align: inherit;\">hier<\/span><\/a><\/span><strong>\u00a0<\/strong><\/p>\n<p>&nbsp;<\/p>\n<p><span style=\"vertical-align: inherit;\"><span style=\"vertical-align: inherit;\">\u00dcber die Anzeigenrichtlinie, die auf die Interessen und Standorte der Besucher abzielt, k\u00f6nnen Daten f\u00fcr das Remarketing im Display-Netzwerk und im Such-Netzwerk erfasst werden, und diese Funktion kann hier deaktiviert\u00a0 <\/span><\/span><a href=\"https:\/\/tools.google.com\/dlpage\/gaoptout\/?hl=ar\"><span style=\"vertical-align: inherit;\"><span style=\"vertical-align: inherit;\">werden<\/span><\/span><\/a><span style=\"vertical-align: inherit;\"><span style=\"vertical-align: inherit;\"> .<\/span><\/span><\/p>\n<p>&nbsp;<\/p>\n<p><span style=\"vertical-align: inherit;\"><span style=\"vertical-align: inherit;\">Schlie\u00dflich sind wir durch die Bedingungen dieser Vereinbarung verpflichtet, Ihnen zu zeigen, wie Sie die Cookie-Funktion deaktivieren k\u00f6nnen, wenn Sie dies \u00fcber Ihre Browseroptionen oder durch Befolgen \u00a0 <\/span><\/span><a href=\"https:\/\/www.google.com\/policies\/technologies\/ads\/\"><span style=\"vertical-align: inherit;\"><span style=\"vertical-align: inherit;\">der Datenschutzrichtlinie von\u00a0 <\/span><\/span><strong><span style=\"vertical-align: inherit;\"><span style=\"vertical-align: inherit;\">Google<\/span><\/span><\/strong><span style=\"vertical-align: inherit;\"><span style=\"vertical-align: inherit;\"> -Anzeigen \u00a0und dem Content-<\/span><\/span><\/a><span style=\"vertical-align: inherit;\"><span style=\"vertical-align: inherit;\"> Werbenetzwerk tun k\u00f6nnen \u00a0.<\/span><\/span><\/p>\n<p>&nbsp;<\/p>\n<p><span style=\"vertical-align: inherit;\"><span style=\"vertical-align: inherit;\">Wenn Sie weitere Informationen ben\u00f6tigen oder Fragen zur Datenschutzrichtlinie haben, k\u00f6nnen Sie sich gerne \u00fcber das Kontaktformular an uns wenden, indem Sie auf die\u00a0 Registerkarte \u201e <\/span><\/span><strong><span style=\"vertical-align: inherit;\"><span style=\"vertical-align: inherit;\">Kontakt<\/span><\/span><\/strong><span style=\"vertical-align: inherit;\"><span style=\"vertical-align: inherit;\"> \u201c gehen .<\/span><\/span><\/p>\n<p>&nbsp;<\/p>\n<p><span style=\"vertical-align: inherit;\"><span style=\"vertical-align: inherit;\">Die Bedingungen dieser Richtlinie k\u00f6nnen jederzeit weiterentwickelt und inhaltlich ge\u00e4ndert werden, wenn wir dies f\u00fcr erforderlich halten.<\/span><\/span><\/p>\n<p>&nbsp;<\/p>\n","protected":false},"excerpt":{"rendered":"<p>Datenschutz-Bestimmungen Lieber Besucher, Ihre Privatsph\u00e4re, Besucher, ist uns sehr wichtig, und die Datenschutzrichtlinie in diesem Dokument beschreibt die Arten von pers\u00f6nlichen Informationen, die\u00a0 \u00a0\u00a0ahelth\u00a0 blog sammelt, und wie diese Informationen verwendet werden. Wir verwenden externe Werbeunternehmen, um Anzeigen anzuzeigen, und wenn Sie\u00a0 \u00a0den ahelth- Blog besuchen \u00a0\u00a0, haben diese Unternehmen das Recht, Informationen \u00fcber Ihre &hellip;<\/p>\n","protected":false},"author":1,"featured_media":0,"parent":0,"menu_order":0,"comment_status":"closed","ping_status":"open","template":"","meta":{"footnotes":""},"class_list":["post-19745","page","type-page","status-publish","hentry"],"yoast_head":"<!-- This site is optimized with the Yoast SEO plugin v24.0 - https:\/\/yoast.com\/wordpress\/plugins\/seo\/ -->\n<title>Datenschutz-Bestimmungen - the health<\/title>\n<meta name=\"robots\" content=\"index, follow, max-snippet:-1, max-image-preview:large, max-video-preview:-1\" \/>\n<link rel=\"canonical\" href=\"https:\/\/ahelth.com\/de\/privacy-policy\/\" \/>\n<meta property=\"og:locale\" content=\"de_DE\" \/>\n<meta property=\"og:type\" content=\"article\" \/>\n<meta property=\"og:title\" content=\"Datenschutz-Bestimmungen - the health\" \/>\n<meta property=\"og:description\" content=\"Datenschutz-Bestimmungen Lieber Besucher, Ihre Privatsph\u00e4re, Besucher, ist uns sehr wichtig, und die Datenschutzrichtlinie in diesem Dokument beschreibt die Arten von pers\u00f6nlichen Informationen, die\u00a0 \u00a0\u00a0ahelth\u00a0 blog sammelt, und wie diese Informationen verwendet werden. Wir verwenden externe Werbeunternehmen, um Anzeigen anzuzeigen, und wenn Sie\u00a0 \u00a0den ahelth- Blog besuchen \u00a0\u00a0, haben diese Unternehmen das Recht, Informationen \u00fcber Ihre &hellip;\" \/>\n<meta property=\"og:url\" content=\"https:\/\/ahelth.com\/de\/privacy-policy\/\" \/>\n<meta property=\"og:site_name\" content=\"the health\" \/>\n<meta property=\"article:modified_time\" content=\"2022-05-01T00:24:37+00:00\" \/>\n<meta name=\"twitter:card\" content=\"summary_large_image\" \/>\n<meta name=\"twitter:label1\" content=\"Gesch\u00e4tzte Lesezeit\" \/>\n\t<meta name=\"twitter:data1\" content=\"3 minutes\" \/>\n<script type=\"application\/ld+json\" class=\"yoast-schema-graph\">{\"@context\":\"https:\/\/schema.org\",\"@graph\":[{\"@type\":\"WebPage\",\"@id\":\"https:\/\/ahelth.com\/de\/privacy-policy\/\",\"url\":\"https:\/\/ahelth.com\/de\/privacy-policy\/\",\"name\":\"Datenschutz-Bestimmungen - the health\",\"isPartOf\":{\"@id\":\"https:\/\/ahelth.com\/es\/#website\"},\"datePublished\":\"2021-10-31T23:44:38+00:00\",\"dateModified\":\"2022-05-01T00:24:37+00:00\",\"breadcrumb\":{\"@id\":\"https:\/\/ahelth.com\/de\/privacy-policy\/#breadcrumb\"},\"inLanguage\":\"de-DE\",\"potentialAction\":[{\"@type\":\"ReadAction\",\"target\":[\"https:\/\/ahelth.com\/de\/privacy-policy\/\"]}]},{\"@type\":\"BreadcrumbList\",\"@id\":\"https:\/\/ahelth.com\/de\/privacy-policy\/#breadcrumb\",\"itemListElement\":[{\"@type\":\"ListItem\",\"position\":1,\"name\":\"Home\",\"item\":\"https:\/\/ahelth.com\/de\/\"},{\"@type\":\"ListItem\",\"position\":2,\"name\":\"Datenschutz-Bestimmungen\"}]},{\"@type\":\"WebSite\",\"@id\":\"https:\/\/ahelth.com\/es\/#website\",\"url\":\"https:\/\/ahelth.com\/es\/\",\"name\":\"the health\",\"description\":\"Articles on health\",\"potentialAction\":[{\"@type\":\"SearchAction\",\"target\":{\"@type\":\"EntryPoint\",\"urlTemplate\":\"https:\/\/ahelth.com\/es\/?s={search_term_string}\"},\"query-input\":{\"@type\":\"PropertyValueSpecification\",\"valueRequired\":true,\"valueName\":\"search_term_string\"}}],\"inLanguage\":\"de-DE\"}]}<\/script>\n<!-- \/ Yoast SEO plugin. -->","yoast_head_json":{"title":"Datenschutz-Bestimmungen - the health","robots":{"index":"index","follow":"follow","max-snippet":"max-snippet:-1","max-image-preview":"max-image-preview:large","max-video-preview":"max-video-preview:-1"},"canonical":"https:\/\/ahelth.com\/de\/privacy-policy\/","og_locale":"de_DE","og_type":"article","og_title":"Datenschutz-Bestimmungen - the health","og_description":"Datenschutz-Bestimmungen Lieber Besucher, Ihre Privatsph\u00e4re, Besucher, ist uns sehr wichtig, und die Datenschutzrichtlinie in diesem Dokument beschreibt die Arten von pers\u00f6nlichen Informationen, die\u00a0 \u00a0\u00a0ahelth\u00a0 blog sammelt, und wie diese Informationen verwendet werden. Wir verwenden externe Werbeunternehmen, um Anzeigen anzuzeigen, und wenn Sie\u00a0 \u00a0den ahelth- Blog besuchen \u00a0\u00a0, haben diese Unternehmen das Recht, Informationen \u00fcber Ihre &hellip;","og_url":"https:\/\/ahelth.com\/de\/privacy-policy\/","og_site_name":"the health","article_modified_time":"2022-05-01T00:24:37+00:00","twitter_card":"summary_large_image","twitter_misc":{"Gesch\u00e4tzte Lesezeit":"3 minutes"},"schema":{"@context":"https:\/\/schema.org","@graph":[{"@type":"WebPage","@id":"https:\/\/ahelth.com\/de\/privacy-policy\/","url":"https:\/\/ahelth.com\/de\/privacy-policy\/","name":"Datenschutz-Bestimmungen - the health","isPartOf":{"@id":"https:\/\/ahelth.com\/es\/#website"},"datePublished":"2021-10-31T23:44:38+00:00","dateModified":"2022-05-01T00:24:37+00:00","breadcrumb":{"@id":"https:\/\/ahelth.com\/de\/privacy-policy\/#breadcrumb"},"inLanguage":"de-DE","potentialAction":[{"@type":"ReadAction","target":["https:\/\/ahelth.com\/de\/privacy-policy\/"]}]},{"@type":"BreadcrumbList","@id":"https:\/\/ahelth.com\/de\/privacy-policy\/#breadcrumb","itemListElement":[{"@type":"ListItem","position":1,"name":"Home","item":"https:\/\/ahelth.com\/de\/"},{"@type":"ListItem","position":2,"name":"Datenschutz-Bestimmungen"}]},{"@type":"WebSite","@id":"https:\/\/ahelth.com\/es\/#website","url":"https:\/\/ahelth.com\/es\/","name":"the health","description":"Articles on health","potentialAction":[{"@type":"SearchAction","target":{"@type":"EntryPoint","urlTemplate":"https:\/\/ahelth.com\/es\/?s={search_term_string}"},"query-input":{"@type":"PropertyValueSpecification","valueRequired":true,"valueName":"search_term_string"}}],"inLanguage":"de-DE"}]}},"_links":{"self":[{"href":"https:\/\/ahelth.com\/de\/wp-json\/wp\/v2\/pages\/19745","targetHints":{"allow":["GET"]}}],"collection":[{"href":"https:\/\/ahelth.com\/de\/wp-json\/wp\/v2\/pages"}],"about":[{"href":"https:\/\/ahelth.com\/de\/wp-json\/wp\/v2\/types\/page"}],"author":[{"embeddable":true,"href":"https:\/\/ahelth.com\/de\/wp-json\/wp\/v2\/users\/1"}],"replies":[{"embeddable":true,"href":"https:\/\/ahelth.com\/de\/wp-json\/wp\/v2\/comments?post=19745"}],"version-history":[{"count":0,"href":"https:\/\/ahelth.com\/de\/wp-json\/wp\/v2\/pages\/19745\/revisions"}],"wp:attachment":[{"href":"https:\/\/ahelth.com\/de\/wp-json\/wp\/v2\/media?parent=19745"}],"curies":[{"name":"wp","href":"https:\/\/api.w.org\/{rel}","templated":true}]}}