{"id":19781,"date":"2021-11-01T00:15:34","date_gmt":"2021-11-01T00:15:34","guid":{"rendered":"http:\/\/ahelth.com\/terms-and-conditions\/"},"modified":"2022-05-01T00:38:37","modified_gmt":"2022-05-01T00:38:37","slug":"terms-and-conditions","status":"publish","type":"page","link":"https:\/\/ahelth.com\/de\/terms-and-conditions\/","title":{"rendered":"\u00a0Gesch\u00e4ftsbedingungen"},"content":{"rendered":"\r\n<p>&nbsp;<\/p>\r\n<p><span style=\"vertical-align: inherit;\"><span class=\"\" style=\"vertical-align: inherit;\">\u00a0Gesch\u00e4ftsbedingungen<\/span><\/span><\/p>\r\n<p><span style=\"vertical-align: inherit;\"><span style=\"vertical-align: inherit;\">Willkommen auf Ahelth.com<\/span><\/span><\/p>\r\n<p><span style=\"vertical-align: inherit;\"><span style=\"vertical-align: inherit;\">Diese Allgemeinen Gesch\u00e4ftsbedingungen legen die Regeln und Vorschriften f\u00fcr die Nutzung der Website ahelth.com fest, die sich auf ahelth.com befindet. Durch den Zugriff auf diese Website gehen wir davon aus, dass Sie diese Allgemeinen Gesch\u00e4ftsbedingungen akzeptieren. <\/span><span style=\"vertical-align: inherit;\">Verwenden Sie Ahelth.com nicht weiter, wenn Sie nicht damit einverstanden sind, alle auf dieser Seite aufgef\u00fchrten Bedingungen zu akzeptieren.<\/span><\/span><\/p>\r\n<p><span style=\"vertical-align: inherit;\"><span style=\"vertical-align: inherit;\">Die folgenden Bedingungen gelten f\u00fcr diese Allgemeinen Gesch\u00e4ftsbedingungen, die Datenschutzerkl\u00e4rung, den Haftungsausschluss und alle Vereinbarungen: \u201eKunde\u201c, \u201eSie\u201c und \u201eIhr\u201c beziehen sich auf Sie, die Person, die sich auf dieser Website anmeldet und die Allgemeinen Gesch\u00e4ftsbedingungen des Unternehmens einh\u00e4lt. <\/span><span style=\"vertical-align: inherit;\">\u201eDas Unternehmen\u201c, \u201euns\u201c, \u201ewir\u201c, \u201euns\u201c und \u201euns\u201c beziehen sich auf unser Unternehmen. <\/span><span style=\"vertical-align: inherit;\">\u201ePartei\u201c, \u201eParteien\u201c oder \u201ewir\u201c beziehen sich sowohl auf den Kunden als auch auf uns selbst. <\/span><span style=\"vertical-align: inherit;\">Alle Bedingungen beziehen sich auf das Angebot, die Annahme und die Ber\u00fccksichtigung der Zahlung, die erforderlich sind, um den Prozess unserer Unterst\u00fctzung des Kunden in der Weise durchzuf\u00fchren, die f\u00fcr den ausdr\u00fccklichen Zweck der Befriedigung der Bed\u00fcrfnisse des Kunden in Verbindung mit der Erbringung der angegebenen Dienstleistungen des Unternehmens am besten geeignet ist mit und vorbehaltlich des geltenden Rechts. <\/span><span style=\"vertical-align: inherit;\">Jegliche Verwendung der obigen Begriffe oder anderer W\u00f6rter im Singular und Plural und\/oder er\/sie oder sie wird als austauschbar angesehen und bezieht sich somit auf dasselbe.<\/span><\/span><\/p>\r\n<p><span style=\"vertical-align: inherit;\"><span style=\"vertical-align: inherit;\">Internet-Cookies<\/span><\/span><\/p>\r\n<p><span style=\"vertical-align: inherit;\"><span style=\"vertical-align: inherit;\">Wir verwenden Cookies. <\/span><span style=\"vertical-align: inherit;\">Durch den Zugriff auf ahelth.com stimmen Sie der Verwendung von Cookies in \u00dcbereinstimmung mit der Datenschutzrichtlinie von ahelth.com zu<\/span><\/span><\/p>\r\n<p><span style=\"vertical-align: inherit;\"><span style=\"vertical-align: inherit;\">Die meisten interaktiven Websites verwenden Cookies, damit wir bei jedem Besuch Benutzerdaten abrufen k\u00f6nnen. <\/span><span style=\"vertical-align: inherit;\">Unsere Website verwendet Cookies, um die Funktionalit\u00e4t bestimmter Bereiche zu erm\u00f6glichen und den Besuchern den Besuch unserer Website zu erleichtern. <\/span><span style=\"vertical-align: inherit;\">Einige Affiliate-\/Werbepartner k\u00f6nnen ebenfalls Cookies verwenden.<\/span><\/span><\/p>\r\n<p><span style=\"vertical-align: inherit;\"><span style=\"vertical-align: inherit;\">Lizenz<\/span><\/span><\/p>\r\n<p><span style=\"vertical-align: inherit;\"><span style=\"vertical-align: inherit;\">Sofern nicht anders angegeben, besitzen Ahelth.com und\/oder seine Lizenzgeber die geistigen Eigentumsrechte an allen Materialien auf Ahelth.com. <\/span><span style=\"vertical-align: inherit;\">Alle geistigen Eigentumsrechte vorbehalten. <\/span><span style=\"vertical-align: inherit;\">Sie k\u00f6nnen von Ahelth.com aus f\u00fcr Ihren eigenen pers\u00f6nlichen Gebrauch darauf zugreifen, vorbehaltlich der in diesen Allgemeinen Gesch\u00e4ftsbedingungen festgelegten Einschr\u00e4nkungen.<\/span><\/span><\/p>\r\n<p><span style=\"vertical-align: inherit;\"><span style=\"vertical-align: inherit;\">du musst nicht:<\/span><\/span><\/p>\r\n<p><span style=\"vertical-align: inherit;\"><span style=\"vertical-align: inherit;\">Ver\u00f6ffentlichen Sie Material von Ahelth.com. Verkaufen, vermieten oder lizenzieren Sie Material von Ahelth.com<\/span><\/span><\/p>\r\n<p><span style=\"vertical-align: inherit;\"><span style=\"vertical-align: inherit;\">Reproduktion, Vervielf\u00e4ltigung oder Vervielf\u00e4ltigung von Material von Ahelth.com<\/span><\/span><\/p>\r\n<p><span style=\"vertical-align: inherit;\"><span style=\"vertical-align: inherit;\">Verbreiten Sie Inhalte von Ahelth.com<\/span><\/span><\/p>\r\n<p><span style=\"vertical-align: inherit;\"><span style=\"vertical-align: inherit;\">Dieses Abkommen beginnt in seiner Geschichte. <\/span><span style=\"vertical-align: inherit;\">Unsere AGB wurden mit Hilfe des AGB-Generators erstellt.<\/span><\/span><\/p>\r\n<p><span style=\"vertical-align: inherit;\"><span style=\"vertical-align: inherit;\">Teile dieser Website bieten Benutzern die M\u00f6glichkeit, Meinungen und Informationen in bestimmten Bereichen der Website zu posten und auszutauschen. <\/span><span style=\"vertical-align: inherit;\">Ahelth.com filtert, bearbeitet, ver\u00f6ffentlicht oder \u00fcberpr\u00fcft Kommentare nicht, bevor sie auf der Website erscheinen. <\/span><span style=\"vertical-align: inherit;\">Kommentare spiegeln nicht die Ansichten und Meinungen von Ahelth.com, seinen Vertretern und\/oder verbundenen Unternehmen wider. <\/span><span style=\"vertical-align: inherit;\">Kommentare spiegeln die Ansichten und Meinungen der Person wider, die ihre Beitr\u00e4ge ver\u00f6ffentlicht. <\/span><span style=\"vertical-align: inherit;\">Soweit nach geltendem Recht zul\u00e4ssig, haftet Ahelth.com nicht f\u00fcr die Kommentare oder f\u00fcr jegliche Haftung, Sch\u00e4den oder Kosten, die durch die Nutzung und\/oder das Posten und\/oder Erscheinen der Kommentare verursacht und\/oder erlitten werden Diese Internetseite.<\/span><\/span><\/p>\r\n<p><span style=\"vertical-align: inherit;\"><span style=\"vertical-align: inherit;\">Ahelth.com beh\u00e4lt sich das Recht vor, alle Kommentare zu \u00fcberwachen und Kommentare zu entfernen, die als unangemessen oder beleidigend angesehen werden oder einen Versto\u00df gegen diese Allgemeinen Gesch\u00e4ftsbedingungen darstellen.<\/span><\/span><\/p>\r\n<p><span style=\"vertical-align: inherit;\"><span style=\"vertical-align: inherit;\">Sie garantieren und versichern, dass:<\/span><\/span><\/p>\r\n<p><span style=\"vertical-align: inherit;\"><span style=\"vertical-align: inherit;\">Sie haben das Recht, Kommentare auf unserer Website zu ver\u00f6ffentlichen und alle erforderlichen Lizenzen und Zustimmungen dazu einzuholen;<\/span><\/span><\/p>\r\n<p><span style=\"vertical-align: inherit;\"><span style=\"vertical-align: inherit;\">Die Kommentare verletzen keine Rechte an geistigem Eigentum, einschlie\u00dflich, aber nicht beschr\u00e4nkt auf Urheberrechte, Patente oder Marken von Dritten;<\/span><\/span><\/p>\r\n<p><span style=\"vertical-align: inherit;\"><span style=\"vertical-align: inherit;\">Kommentare enthalten kein diffamierendes, diffamierendes, anst\u00f6\u00dfiges, unanst\u00e4ndiges oder anderweitig rechtswidriges Material, das eine Verletzung der Privatsph\u00e4re darstellt<\/span><\/span><\/p>\r\n<p><span style=\"vertical-align: inherit;\"><span style=\"vertical-align: inherit;\">Kommentare werden nicht verwendet, um Gesch\u00e4fte, kundenspezifische oder aktuelle kommerzielle Aktivit\u00e4ten oder illegale Aktivit\u00e4ten zu erbitten oder zu f\u00f6rdern.<\/span><\/span><\/p>\r\n<p><span style=\"vertical-align: inherit;\"><span style=\"vertical-align: inherit;\">Sie gew\u00e4hren Ahelth.com hiermit eine nicht ausschlie\u00dfliche Lizenz zur Nutzung, Vervielf\u00e4ltigung, Bearbeitung und Autorisierung anderer zur Nutzung, Vervielf\u00e4ltigung und Bearbeitung Ihrer Kommentare in allen Formen, Formaten oder Medien.<\/span><\/span><\/p>\r\n<p><span style=\"vertical-align: inherit;\"><span style=\"vertical-align: inherit;\">Hyperlink zu unseren Inhalten<\/span><\/span><\/p>\r\n<p><span style=\"vertical-align: inherit;\"><span style=\"vertical-align: inherit;\">Die folgenden Organisationen d\u00fcrfen ohne unsere vorherige schriftliche Zustimmung auf unsere Website verlinken:<\/span><\/span><\/p>\r\n<p><span style=\"vertical-align: inherit;\"><span style=\"vertical-align: inherit;\">Regierungsbeh\u00f6rden;<\/span><\/span><\/p>\r\n<p><span style=\"vertical-align: inherit;\"><span style=\"vertical-align: inherit;\">Suchmaschinen<\/span><\/span><\/p>\r\n<p><span style=\"vertical-align: inherit;\"><span style=\"vertical-align: inherit;\">Nachrichtenorganisationen;<\/span><\/span><\/p>\r\n<p><span style=\"vertical-align: inherit;\"><span style=\"vertical-align: inherit;\">Online-Verzeichnisverteiler k\u00f6nnen auf dieselbe Weise auf unsere Website verlinken wie Hyperlinks zu den Websites anderer b\u00f6rsennotierter Unternehmen; <\/span><span style=\"vertical-align: inherit;\">Und<\/span><\/span><\/p>\r\n<p><span style=\"vertical-align: inherit;\"><span style=\"vertical-align: inherit;\">Systemweit zugelassene Unternehmen mit Ausnahme von gemeinn\u00fctzigen Organisationen, Einkaufszentren f\u00fcr Wohlt\u00e4tigkeitszwecke und Wohlt\u00e4tigkeitsgruppen, die m\u00f6glicherweise nicht mit unserer Website verlinkt sind.<\/span><\/span><\/p>\r\n<p><span style=\"vertical-align: inherit;\"><span style=\"vertical-align: inherit;\">Diese Organisationen k\u00f6nnen auf unsere Homepage, auf Ver\u00f6ffentlichungen oder auf andere Informationen auf der Website verlinken, solange der Link: (a) in keiner Weise irref\u00fchrend ist; <\/span><span style=\"vertical-align: inherit;\">(b) bedeutet kein Sponsoring, Billigung oder Genehmigung der verbundenen Partei und ihrer Produkte und\/oder Dienstleistungen; <\/span><span style=\"vertical-align: inherit;\">und (c) in den Kontext der Website der verlinkenden Partei passt.<\/span><\/span><\/p>\r\n<p><span style=\"vertical-align: inherit;\"><span style=\"vertical-align: inherit;\">Wir k\u00f6nnen andere Verkn\u00fcpfungsanfragen von den folgenden Arten von Organisationen pr\u00fcfen und ihnen zustimmen:<\/span><\/span><\/p>\r\n<p><span style=\"vertical-align: inherit;\"><span style=\"vertical-align: inherit;\">bekannte Verbraucher- und\/oder Gesch\u00e4ftsinformationsquellen;<\/span><\/span><\/p>\r\n<p><span style=\"vertical-align: inherit;\"><span style=\"vertical-align: inherit;\">dot.com-Community-Sites;<\/span><\/span><\/p>\r\n<p><span style=\"vertical-align: inherit;\"><span style=\"vertical-align: inherit;\">Vereine oder andere Gruppen, die Wohlt\u00e4tigkeitsorganisationen vertreten;<\/span><\/span><\/p>\r\n<p><span style=\"vertical-align: inherit;\"><span style=\"vertical-align: inherit;\">Verteiler von Online-Verzeichnissen;<\/span><\/span><\/p>\r\n<p><span style=\"vertical-align: inherit;\"><span style=\"vertical-align: inherit;\">Internetportale<\/span><\/span><\/p>\r\n<p><span style=\"vertical-align: inherit;\"><span style=\"vertical-align: inherit;\">Wirtschaftspr\u00fcfungs-, Anwalts- und Beratungsunternehmen; <\/span><span style=\"vertical-align: inherit;\">Und<\/span><\/span><\/p>\r\n<p><span style=\"vertical-align: inherit;\"><span style=\"vertical-align: inherit;\">Bildungseinrichtungen und Wirtschaftsverb\u00e4nde.<\/span><\/span><\/p>\r\n<p><span style=\"vertical-align: inherit;\"><span style=\"vertical-align: inherit;\">Wir werden Linkanfragen von diesen Organisationen genehmigen, wenn wir entscheiden, dass: (a) der Link uns nicht dazu bringt, uns selbst oder unsere genehmigten Unternehmen zu sehen; <\/span><span style=\"vertical-align: inherit;\">(b) die Organisation keine negativen Aufzeichnungen bei uns hat; <\/span><span style=\"vertical-align: inherit;\">(c) der Vorteil, den wir aus der Anzeige des Hyperlinks ziehen, kompensiert das Fehlen von Ahelth.com, und (d) der Link steht im Kontext allgemeiner Ressourceninformationen.<\/span><\/span><\/p>\r\n<p><span style=\"vertical-align: inherit;\"><span style=\"vertical-align: inherit;\">Diese Organisationen d\u00fcrfen auf unsere Homepage verlinken, solange der Link: (a) in keiner Weise irref\u00fchrend ist; <\/span><span style=\"vertical-align: inherit;\">(b) bedeutet kein Sponsoring, Billigung oder Genehmigung der verbundenen Partei und ihrer Produkte oder Dienstleistungen; <\/span><span style=\"vertical-align: inherit;\">und (c) in den Kontext der Website der verlinkenden Partei passt.<\/span><\/span><\/p>\r\n<p><span style=\"vertical-align: inherit;\"><span style=\"vertical-align: inherit;\">Wenn Sie eine der in Absatz 2 oben aufgef\u00fchrten Organisationen sind und daran interessiert sind, auf unsere Website zu verlinken, m\u00fcssen Sie uns dar\u00fcber informieren, indem Sie eine E-Mail an Ahelth.com senden. <\/span><span style=\"vertical-align: inherit;\">Bitte geben Sie Ihren Namen, den Namen der Organisation und Kontaktinformationen sowie Ihre Website-URL, eine Liste aller URLs, die Sie mit unserer Website verlinken m\u00f6chten, und eine Liste der URLs auf unserer Website, die Sie verlinken m\u00f6chten, an. <\/span><span style=\"vertical-align: inherit;\">Warten Sie 2-3 Wochen auf eine Antwort.<\/span><\/span><\/p>\r\n<p><span style=\"vertical-align: inherit;\"><span style=\"vertical-align: inherit;\">Zugelassene Organisationen k\u00f6nnen wie folgt auf unsere Website verlinken:<\/span><\/span><\/p>\r\n<p><span style=\"vertical-align: inherit;\"><span style=\"vertical-align: inherit;\">Durch die Verwendung unseres Firmennamens; <\/span><span style=\"vertical-align: inherit;\">oder<\/span><\/span><\/p>\r\n<p><span style=\"vertical-align: inherit;\"><span style=\"vertical-align: inherit;\">Durch die Verwendung des verlinkten Standard-Ressourcenfinders; <\/span><span style=\"vertical-align: inherit;\">oder<\/span><\/span><\/p>\r\n<p><span style=\"vertical-align: inherit;\"><span style=\"vertical-align: inherit;\">Durch die Verwendung einer anderen Beschreibung unserer Website, die mit dieser verlinkt ist, im Kontext und Format des Inhalts auf der Website der verlinkenden Partei.<\/span><\/span><\/p>\r\n<p><span style=\"vertical-align: inherit;\"><span style=\"vertical-align: inherit;\">Die Verwendung des Ahelth.com-Logos oder anderer Kunstwerke ist nicht gestattet, um das Fehlen einer Markenlizenzvereinbarung in Verbindung zu bringen.<\/span><\/span><\/p>\r\n<p><span style=\"vertical-align: inherit;\"><span style=\"vertical-align: inherit;\">iFrames<\/span><\/span><\/p>\r\n<p><span style=\"vertical-align: inherit;\"><span style=\"vertical-align: inherit;\">Ohne vorherige Zustimmung und schriftliche Genehmigung d\u00fcrfen Sie keine Frames um unsere Webseiten herum erstellen, die die visuelle Darstellung oder das Erscheinungsbild unserer Website in irgendeiner Weise ver\u00e4ndern.<\/span><\/span><\/p>\r\n<p><span style=\"vertical-align: inherit;\"><span style=\"vertical-align: inherit;\">Inhaltliche Verantwortung<\/span><\/span><\/p>\r\n<p><span style=\"vertical-align: inherit;\"><span style=\"vertical-align: inherit;\">Wir \u00fcbernehmen keine Verantwortung f\u00fcr Inhalte, die auf Ihrer Website erscheinen. <\/span><span style=\"vertical-align: inherit;\">Sie stimmen zu, uns gegen alle Anspr\u00fcche zu sch\u00fctzen und zu verteidigen, die auf Ihrer Website entstehen. <\/span><span style=\"vertical-align: inherit;\">Auf einer Website d\u00fcrfen keine Links erscheinen, die als verleumderisch, obsz\u00f6n oder kriminell ausgelegt werden k\u00f6nnen oder die anderweitig die Rechte Dritter verletzen, anderweitig verletzen oder die Verletzung oder andere Verletzung der Rechte Dritter bef\u00fcrworten.<\/span><\/span><\/p>\r\n<p><span style=\"vertical-align: inherit;\"><span style=\"vertical-align: inherit;\">Ihre Privatsph\u00e4re<\/span><\/span><\/p>\r\n<p><span style=\"vertical-align: inherit;\"><span style=\"vertical-align: inherit;\">Bitte lesen Sie unsere Datenschutzrichtlinie http:\/\/ahelth.com\/privacy-policy\/ Vorbehalt der Rechte<\/span><\/span><\/p>\r\n<p><span style=\"vertical-align: inherit;\"><span style=\"vertical-align: inherit;\">Wir behalten uns das Recht vor, Sie aufzufordern, alle Links oder bestimmte Links zu unserer Website zu entfernen. <\/span><span style=\"vertical-align: inherit;\">Sie stimmen zu, auf Anfrage unverz\u00fcglich alle Links zu unserer Website zu entfernen. <\/span><span style=\"vertical-align: inherit;\">Wir behalten uns au\u00dferdem das Recht vor, diese Allgemeinen Gesch\u00e4ftsbedingungen und ihre Verkn\u00fcpfungsrichtlinie jederzeit zu \u00e4ndern. <\/span><span style=\"vertical-align: inherit;\">Indem Sie weiterhin auf unsere Website verlinken, erkl\u00e4ren Sie sich damit einverstanden, an diese Verlinkungsbedingungen gebunden zu sein und diese zu befolgen.<\/span><\/span><\/p>\r\n<p><span style=\"vertical-align: inherit;\"><span style=\"vertical-align: inherit;\">Entfernen Sie Links von unserer Website<\/span><\/span><\/p>\r\n<p><span style=\"vertical-align: inherit;\"><span style=\"vertical-align: inherit;\">Wenn Sie einen Link auf unserer Website aus irgendeinem Grund als anst\u00f6\u00dfig empfinden, k\u00f6nnen Sie uns jederzeit kontaktieren und informieren. <\/span><span style=\"vertical-align: inherit;\">Wir werden Anfragen zum Entfernen von Links pr\u00fcfen, sind jedoch nicht dazu verpflichtet oder Ihnen direkt zu antworten.<\/span><\/span><\/p>\r\n<p><span style=\"vertical-align: inherit;\"><span style=\"vertical-align: inherit;\">Wir \u00fcbernehmen keine Gew\u00e4hr f\u00fcr die Richtigkeit der Informationen auf dieser Website, noch f\u00fcr deren Vollst\u00e4ndigkeit oder Genauigkeit; <\/span><span style=\"vertical-align: inherit;\">Wir garantieren auch nicht, dass die Website verf\u00fcgbar bleibt oder dass das Material auf der Website auf dem neuesten Stand ist.<\/span><\/span><\/p>\r\n<p><span style=\"vertical-align: inherit;\"><span style=\"vertical-align: inherit;\">Haftungsausschluss<\/span><\/span><\/p>\r\n<p><span style=\"vertical-align: inherit;\"><span style=\"vertical-align: inherit;\">Soweit nach geltendem Recht zul\u00e4ssig, schlie\u00dfen wir alle Zusicherungen, Gew\u00e4hrleistungen und Bedingungen in Bezug auf unsere Website und die Nutzung dieser Website aus. <\/span><span style=\"vertical-align: inherit;\">Nichts in diesem Haftungsausschluss:<\/span><\/span><\/p>\r\n<p><span style=\"vertical-align: inherit;\"><span style=\"vertical-align: inherit;\">unsere oder Ihre Haftung f\u00fcr Tod oder K\u00f6rperverletzung einschr\u00e4nken oder ausschlie\u00dfen;<\/span><\/span><\/p>\r\n<p><span style=\"vertical-align: inherit;\"><span style=\"vertical-align: inherit;\">unsere oder Ihre Haftung f\u00fcr Betrug oder betr\u00fcgerische Falschdarstellung einschr\u00e4nken oder ausschlie\u00dfen;<\/span><\/span><\/p>\r\n<p><span style=\"vertical-align: inherit;\"><span style=\"vertical-align: inherit;\">unsere oder Ihre Verbindlichkeiten auf eine Weise einschr\u00e4nken, die nach geltendem Recht nicht zul\u00e4ssig ist; <\/span><span style=\"vertical-align: inherit;\">oder<\/span><\/span><\/p>\r\n<p><span style=\"vertical-align: inherit;\"><span style=\"vertical-align: inherit;\">keine unserer oder Ihrer Verpflichtungen ausschlie\u00dfen, die nach geltendem Recht nicht ausgeschlossen werden k\u00f6nnen.<\/span><\/span><\/p>\r\n<p><span style=\"vertical-align: inherit;\"><span style=\"vertical-align: inherit;\">Die in diesem Abschnitt und an anderer Stelle in diesem Haftungsausschluss dargelegten Haftungsbeschr\u00e4nkungen und -verbote: (a) unterliegen dem vorstehenden Absatz; <\/span><span style=\"vertical-align: inherit;\">und (b) regeln alle Verbindlichkeiten, die sich aus dem Haftungsausschluss ergeben, einschlie\u00dflich Verbindlichkeiten aus Vertrag, unerlaubter Handlung und Verletzung gesetzlicher Pflichten.<\/span><\/span><\/p>\r\n<p><span style=\"vertical-align: inherit;\"><span style=\"vertical-align: inherit;\">Solange die Website und die Informationen und Dienste auf der Website kostenlos zur Verf\u00fcgung gestellt werden, haften wir nicht f\u00fcr Verluste oder Sch\u00e4den jeglicher Art.<\/span><\/span><\/p>\r\n<p>&nbsp;<\/p>\r\n","protected":false},"excerpt":{"rendered":"<p>&nbsp; \u00a0Gesch\u00e4ftsbedingungen Willkommen auf Ahelth.com Diese Allgemeinen Gesch\u00e4ftsbedingungen legen die Regeln und Vorschriften f\u00fcr die Nutzung der Website ahelth.com fest, die sich auf ahelth.com befindet. Durch den Zugriff auf diese Website gehen wir davon aus, dass Sie diese Allgemeinen Gesch\u00e4ftsbedingungen akzeptieren. Verwenden Sie Ahelth.com nicht weiter, wenn Sie nicht damit einverstanden sind, alle auf dieser &hellip;<\/p>\n","protected":false},"author":1,"featured_media":0,"parent":0,"menu_order":0,"comment_status":"closed","ping_status":"closed","template":"","meta":{"footnotes":""},"class_list":["post-19781","page","type-page","status-publish","hentry"],"yoast_head":"<!-- This site is optimized with the Yoast SEO plugin v24.0 - https:\/\/yoast.com\/wordpress\/plugins\/seo\/ -->\n<title>\u00a0Gesch\u00e4ftsbedingungen - the health<\/title>\n<meta name=\"robots\" content=\"index, follow, max-snippet:-1, max-image-preview:large, max-video-preview:-1\" \/>\n<link rel=\"canonical\" href=\"https:\/\/ahelth.com\/de\/terms-and-conditions\/\" \/>\n<meta property=\"og:locale\" content=\"de_DE\" \/>\n<meta property=\"og:type\" content=\"article\" \/>\n<meta property=\"og:title\" content=\"\u00a0Gesch\u00e4ftsbedingungen - the health\" \/>\n<meta property=\"og:description\" content=\"&nbsp; \u00a0Gesch\u00e4ftsbedingungen Willkommen auf Ahelth.com Diese Allgemeinen Gesch\u00e4ftsbedingungen legen die Regeln und Vorschriften f\u00fcr die Nutzung der Website ahelth.com fest, die sich auf ahelth.com befindet. Durch den Zugriff auf diese Website gehen wir davon aus, dass Sie diese Allgemeinen Gesch\u00e4ftsbedingungen akzeptieren. Verwenden Sie Ahelth.com nicht weiter, wenn Sie nicht damit einverstanden sind, alle auf dieser &hellip;\" \/>\n<meta property=\"og:url\" content=\"https:\/\/ahelth.com\/de\/terms-and-conditions\/\" \/>\n<meta property=\"og:site_name\" content=\"the health\" \/>\n<meta property=\"article:modified_time\" content=\"2022-05-01T00:38:37+00:00\" \/>\n<meta name=\"twitter:card\" content=\"summary_large_image\" \/>\n<meta name=\"twitter:label1\" content=\"Gesch\u00e4tzte Lesezeit\" \/>\n\t<meta name=\"twitter:data1\" content=\"8 minutes\" \/>\n<script type=\"application\/ld+json\" class=\"yoast-schema-graph\">{\"@context\":\"https:\/\/schema.org\",\"@graph\":[{\"@type\":\"WebPage\",\"@id\":\"https:\/\/ahelth.com\/de\/terms-and-conditions\/\",\"url\":\"https:\/\/ahelth.com\/de\/terms-and-conditions\/\",\"name\":\"\u00a0Gesch\u00e4ftsbedingungen - the health\",\"isPartOf\":{\"@id\":\"https:\/\/ahelth.com\/es\/#website\"},\"datePublished\":\"2021-11-01T00:15:34+00:00\",\"dateModified\":\"2022-05-01T00:38:37+00:00\",\"breadcrumb\":{\"@id\":\"https:\/\/ahelth.com\/de\/terms-and-conditions\/#breadcrumb\"},\"inLanguage\":\"de-DE\",\"potentialAction\":[{\"@type\":\"ReadAction\",\"target\":[\"https:\/\/ahelth.com\/de\/terms-and-conditions\/\"]}]},{\"@type\":\"BreadcrumbList\",\"@id\":\"https:\/\/ahelth.com\/de\/terms-and-conditions\/#breadcrumb\",\"itemListElement\":[{\"@type\":\"ListItem\",\"position\":1,\"name\":\"Home\",\"item\":\"https:\/\/ahelth.com\/de\/\"},{\"@type\":\"ListItem\",\"position\":2,\"name\":\"\u00a0Gesch\u00e4ftsbedingungen\"}]},{\"@type\":\"WebSite\",\"@id\":\"https:\/\/ahelth.com\/es\/#website\",\"url\":\"https:\/\/ahelth.com\/es\/\",\"name\":\"the health\",\"description\":\"Articles on health\",\"potentialAction\":[{\"@type\":\"SearchAction\",\"target\":{\"@type\":\"EntryPoint\",\"urlTemplate\":\"https:\/\/ahelth.com\/es\/?s={search_term_string}\"},\"query-input\":{\"@type\":\"PropertyValueSpecification\",\"valueRequired\":true,\"valueName\":\"search_term_string\"}}],\"inLanguage\":\"de-DE\"}]}<\/script>\n<!-- \/ Yoast SEO plugin. -->","yoast_head_json":{"title":"\u00a0Gesch\u00e4ftsbedingungen - the health","robots":{"index":"index","follow":"follow","max-snippet":"max-snippet:-1","max-image-preview":"max-image-preview:large","max-video-preview":"max-video-preview:-1"},"canonical":"https:\/\/ahelth.com\/de\/terms-and-conditions\/","og_locale":"de_DE","og_type":"article","og_title":"\u00a0Gesch\u00e4ftsbedingungen - the health","og_description":"&nbsp; \u00a0Gesch\u00e4ftsbedingungen Willkommen auf Ahelth.com Diese Allgemeinen Gesch\u00e4ftsbedingungen legen die Regeln und Vorschriften f\u00fcr die Nutzung der Website ahelth.com fest, die sich auf ahelth.com befindet. Durch den Zugriff auf diese Website gehen wir davon aus, dass Sie diese Allgemeinen Gesch\u00e4ftsbedingungen akzeptieren. Verwenden Sie Ahelth.com nicht weiter, wenn Sie nicht damit einverstanden sind, alle auf dieser &hellip;","og_url":"https:\/\/ahelth.com\/de\/terms-and-conditions\/","og_site_name":"the health","article_modified_time":"2022-05-01T00:38:37+00:00","twitter_card":"summary_large_image","twitter_misc":{"Gesch\u00e4tzte Lesezeit":"8 minutes"},"schema":{"@context":"https:\/\/schema.org","@graph":[{"@type":"WebPage","@id":"https:\/\/ahelth.com\/de\/terms-and-conditions\/","url":"https:\/\/ahelth.com\/de\/terms-and-conditions\/","name":"\u00a0Gesch\u00e4ftsbedingungen - the health","isPartOf":{"@id":"https:\/\/ahelth.com\/es\/#website"},"datePublished":"2021-11-01T00:15:34+00:00","dateModified":"2022-05-01T00:38:37+00:00","breadcrumb":{"@id":"https:\/\/ahelth.com\/de\/terms-and-conditions\/#breadcrumb"},"inLanguage":"de-DE","potentialAction":[{"@type":"ReadAction","target":["https:\/\/ahelth.com\/de\/terms-and-conditions\/"]}]},{"@type":"BreadcrumbList","@id":"https:\/\/ahelth.com\/de\/terms-and-conditions\/#breadcrumb","itemListElement":[{"@type":"ListItem","position":1,"name":"Home","item":"https:\/\/ahelth.com\/de\/"},{"@type":"ListItem","position":2,"name":"\u00a0Gesch\u00e4ftsbedingungen"}]},{"@type":"WebSite","@id":"https:\/\/ahelth.com\/es\/#website","url":"https:\/\/ahelth.com\/es\/","name":"the health","description":"Articles on health","potentialAction":[{"@type":"SearchAction","target":{"@type":"EntryPoint","urlTemplate":"https:\/\/ahelth.com\/es\/?s={search_term_string}"},"query-input":{"@type":"PropertyValueSpecification","valueRequired":true,"valueName":"search_term_string"}}],"inLanguage":"de-DE"}]}},"_links":{"self":[{"href":"https:\/\/ahelth.com\/de\/wp-json\/wp\/v2\/pages\/19781","targetHints":{"allow":["GET"]}}],"collection":[{"href":"https:\/\/ahelth.com\/de\/wp-json\/wp\/v2\/pages"}],"about":[{"href":"https:\/\/ahelth.com\/de\/wp-json\/wp\/v2\/types\/page"}],"author":[{"embeddable":true,"href":"https:\/\/ahelth.com\/de\/wp-json\/wp\/v2\/users\/1"}],"replies":[{"embeddable":true,"href":"https:\/\/ahelth.com\/de\/wp-json\/wp\/v2\/comments?post=19781"}],"version-history":[{"count":0,"href":"https:\/\/ahelth.com\/de\/wp-json\/wp\/v2\/pages\/19781\/revisions"}],"wp:attachment":[{"href":"https:\/\/ahelth.com\/de\/wp-json\/wp\/v2\/media?parent=19781"}],"curies":[{"name":"wp","href":"https:\/\/api.w.org\/{rel}","templated":true}]}}