{"id":19721,"date":"2021-11-01T00:17:28","date_gmt":"2021-11-01T00:17:28","guid":{"rendered":"http:\/\/ahelth.com\/about-us\/"},"modified":"2022-05-01T00:13:57","modified_gmt":"2022-05-01T00:13:57","slug":"about-us","status":"publish","type":"page","link":"https:\/\/ahelth.com\/es\/about-us\/","title":{"rendered":"sobre nosotros"},"content":{"rendered":"\r\n<p><span style=\"vertical-align: inherit;\"><span style=\"vertical-align: inherit;\">sobre nosotros<\/span><\/span><\/p>\r\n\r\n\r\n\r\n<p><span style=\"vertical-align: inherit;\"><span style=\"vertical-align: inherit;\">El sitio web Ahelth.com trabaja para brindar informaci\u00f3n confiable en todas las \u00e1reas de la salud a los lectores dondequiera que se encuentren. <\/span><span style=\"vertical-align: inherit;\">Creemos en el derecho de todos a saber y en el f\u00e1cil acceso a informaci\u00f3n confiable.<\/span><\/span><\/p>\r\n\r\n\r\n\r\n<p><span style=\"vertical-align: inherit;\"><span style=\"vertical-align: inherit;\">Para lograr su misi\u00f3n, Ahelth.com desea ganarse y mantener la confianza de los usuarios al:<\/span><\/span><\/p>\r\n\r\n\r\n\r\n<p><span style=\"vertical-align: inherit;\"><span style=\"vertical-align: inherit;\">Difusi\u00f3n de informaci\u00f3n en todos los campos asignados a los datos y aprobados.<\/span><\/span><\/p>\r\n\r\n\r\n\r\n<p><span style=\"vertical-align: inherit;\"><span style=\"vertical-align: inherit;\">Respetar los derechos de autor, la propiedad intelectual, las normas profesionales y \u00e9ticas.<\/span><\/span><\/p>\r\n\r\n\r\n\r\n<p><span style=\"vertical-align: inherit;\"><span style=\"vertical-align: inherit;\">Respetar la privacidad de nuestros usuarios y no divulgar ninguna informaci\u00f3n privada compartida con Ahelth.com<\/span><\/span><\/p>\r\n\r\n\r\n\r\n<p><span style=\"vertical-align: inherit;\"><span style=\"vertical-align: inherit;\">Mantenerse al tanto de los \u00faltimos avances cient\u00edficos y actualizar nuestro contenido en consecuencia.<\/span><\/span><\/p>\r\n\r\n\r\n\r\n<p><span style=\"vertical-align: inherit;\"><span style=\"vertical-align: inherit;\">Ahelth.com est\u00e1 impulsado por un equipo de expertos profesionales, gerentes, editores, programadores, dise\u00f1adores y especialistas en publicidad, que trabajan para mantener y mejorar continuamente su desempe\u00f1o para garantizar productos, contenido y servicios de alta calidad.<\/span><\/span><\/p>\r\n\r\n\r\n\r\n<p><span style=\"vertical-align: inherit;\"><span style=\"vertical-align: inherit;\">Descargo de responsabilidad: Ahelth.com destaca la importancia de buscar ayuda m\u00e9dica profesional antes de iniciar cualquier tratamiento y en caso de cualquier problema m\u00e9dico. <\/span><span style=\"vertical-align: inherit;\">La informaci\u00f3n proporcionada por Ahelth.com tiene fines educativos y no debe considerarse como un sustituto de las opiniones m\u00e9dicas y profesionales.<\/span><\/span><\/p>\r\n\r\n\r\n\r\n<p><span style=\"vertical-align: inherit;\"><span style=\"vertical-align: inherit;\">\u00a0con mis saludos<\/span><\/span><\/p>\r\n\r\n\r\n\r\n<p><span style=\"vertical-align: inherit;\"><span style=\"vertical-align: inherit;\">salud.com<\/span><\/span><\/p>\r\n","protected":false},"excerpt":{"rendered":"<p>sobre nosotros El sitio web Ahelth.com trabaja para brindar informaci\u00f3n confiable en todas las \u00e1reas de la salud a los lectores dondequiera que se encuentren. Creemos en el derecho de todos a saber y en el f\u00e1cil acceso a informaci\u00f3n confiable. Para lograr su misi\u00f3n, Ahelth.com desea ganarse y mantener la confianza de los usuarios &hellip;<\/p>\n","protected":false},"author":1,"featured_media":0,"parent":0,"menu_order":0,"comment_status":"closed","ping_status":"closed","template":"","meta":{"footnotes":""},"class_list":["post-19721","page","type-page","status-publish","hentry"],"yoast_head":"<!-- This site is optimized with the Yoast SEO plugin v27.4 - https:\/\/yoast.com\/product\/yoast-seo-wordpress\/ -->\n<title>sobre nosotros - the health<\/title>\n<meta name=\"robots\" content=\"index, follow, max-snippet:-1, max-image-preview:large, max-video-preview:-1\" \/>\n<link rel=\"canonical\" href=\"https:\/\/ahelth.com\/es\/about-us\/\" \/>\n<meta property=\"og:locale\" content=\"es_ES\" \/>\n<meta property=\"og:type\" content=\"article\" \/>\n<meta property=\"og:title\" content=\"sobre nosotros - the health\" \/>\n<meta property=\"og:description\" content=\"sobre nosotros El sitio web Ahelth.com trabaja para brindar informaci\u00f3n confiable en todas las \u00e1reas de la salud a los lectores dondequiera que se encuentren. Creemos en el derecho de todos a saber y en el f\u00e1cil acceso a informaci\u00f3n confiable. Para lograr su misi\u00f3n, Ahelth.com desea ganarse y mantener la confianza de los usuarios &hellip;\" \/>\n<meta property=\"og:url\" content=\"https:\/\/ahelth.com\/es\/about-us\/\" \/>\n<meta property=\"og:site_name\" content=\"the health\" \/>\n<meta property=\"article:modified_time\" content=\"2022-05-01T00:13:57+00:00\" \/>\n<meta name=\"twitter:card\" content=\"summary_large_image\" \/>\n<meta name=\"twitter:label1\" content=\"Tiempo de lectura\" \/>\n\t<meta name=\"twitter:data1\" content=\"1 minute\" \/>\n<script type=\"application\/ld+json\" class=\"yoast-schema-graph\">{\"@context\":\"https:\\\/\\\/schema.org\",\"@graph\":[{\"@type\":\"WebPage\",\"@id\":\"https:\\\/\\\/ahelth.com\\\/es\\\/about-us\\\/\",\"url\":\"https:\\\/\\\/ahelth.com\\\/es\\\/about-us\\\/\",\"name\":\"sobre nosotros - the health\",\"isPartOf\":{\"@id\":\"https:\\\/\\\/ahelth.com\\\/es\\\/#website\"},\"datePublished\":\"2021-11-01T00:17:28+00:00\",\"dateModified\":\"2022-05-01T00:13:57+00:00\",\"breadcrumb\":{\"@id\":\"https:\\\/\\\/ahelth.com\\\/es\\\/about-us\\\/#breadcrumb\"},\"inLanguage\":\"es-ES\",\"potentialAction\":[{\"@type\":\"ReadAction\",\"target\":[\"https:\\\/\\\/ahelth.com\\\/es\\\/about-us\\\/\"]}]},{\"@type\":\"BreadcrumbList\",\"@id\":\"https:\\\/\\\/ahelth.com\\\/es\\\/about-us\\\/#breadcrumb\",\"itemListElement\":[{\"@type\":\"ListItem\",\"position\":1,\"name\":\"Home\",\"item\":\"https:\\\/\\\/ahelth.com\\\/es\\\/\"},{\"@type\":\"ListItem\",\"position\":2,\"name\":\"sobre nosotros\"}]},{\"@type\":\"WebSite\",\"@id\":\"https:\\\/\\\/ahelth.com\\\/es\\\/#website\",\"url\":\"https:\\\/\\\/ahelth.com\\\/es\\\/\",\"name\":\"the health\",\"description\":\"Articles on health\",\"potentialAction\":[{\"@type\":\"SearchAction\",\"target\":{\"@type\":\"EntryPoint\",\"urlTemplate\":\"https:\\\/\\\/ahelth.com\\\/es\\\/?s={search_term_string}\"},\"query-input\":{\"@type\":\"PropertyValueSpecification\",\"valueRequired\":true,\"valueName\":\"search_term_string\"}}],\"inLanguage\":\"es-ES\"}]}<\/script>\n<!-- \/ Yoast SEO plugin. -->","yoast_head_json":{"title":"sobre nosotros - the health","robots":{"index":"index","follow":"follow","max-snippet":"max-snippet:-1","max-image-preview":"max-image-preview:large","max-video-preview":"max-video-preview:-1"},"canonical":"https:\/\/ahelth.com\/es\/about-us\/","og_locale":"es_ES","og_type":"article","og_title":"sobre nosotros - the health","og_description":"sobre nosotros El sitio web Ahelth.com trabaja para brindar informaci\u00f3n confiable en todas las \u00e1reas de la salud a los lectores dondequiera que se encuentren. Creemos en el derecho de todos a saber y en el f\u00e1cil acceso a informaci\u00f3n confiable. Para lograr su misi\u00f3n, Ahelth.com desea ganarse y mantener la confianza de los usuarios &hellip;","og_url":"https:\/\/ahelth.com\/es\/about-us\/","og_site_name":"the health","article_modified_time":"2022-05-01T00:13:57+00:00","twitter_card":"summary_large_image","twitter_misc":{"Tiempo de lectura":"1 minute"},"schema":{"@context":"https:\/\/schema.org","@graph":[{"@type":"WebPage","@id":"https:\/\/ahelth.com\/es\/about-us\/","url":"https:\/\/ahelth.com\/es\/about-us\/","name":"sobre nosotros - the health","isPartOf":{"@id":"https:\/\/ahelth.com\/es\/#website"},"datePublished":"2021-11-01T00:17:28+00:00","dateModified":"2022-05-01T00:13:57+00:00","breadcrumb":{"@id":"https:\/\/ahelth.com\/es\/about-us\/#breadcrumb"},"inLanguage":"es-ES","potentialAction":[{"@type":"ReadAction","target":["https:\/\/ahelth.com\/es\/about-us\/"]}]},{"@type":"BreadcrumbList","@id":"https:\/\/ahelth.com\/es\/about-us\/#breadcrumb","itemListElement":[{"@type":"ListItem","position":1,"name":"Home","item":"https:\/\/ahelth.com\/es\/"},{"@type":"ListItem","position":2,"name":"sobre nosotros"}]},{"@type":"WebSite","@id":"https:\/\/ahelth.com\/es\/#website","url":"https:\/\/ahelth.com\/es\/","name":"the health","description":"Articles on health","potentialAction":[{"@type":"SearchAction","target":{"@type":"EntryPoint","urlTemplate":"https:\/\/ahelth.com\/es\/?s={search_term_string}"},"query-input":{"@type":"PropertyValueSpecification","valueRequired":true,"valueName":"search_term_string"}}],"inLanguage":"es-ES"}]}},"_links":{"self":[{"href":"https:\/\/ahelth.com\/es\/wp-json\/wp\/v2\/pages\/19721","targetHints":{"allow":["GET"]}}],"collection":[{"href":"https:\/\/ahelth.com\/es\/wp-json\/wp\/v2\/pages"}],"about":[{"href":"https:\/\/ahelth.com\/es\/wp-json\/wp\/v2\/types\/page"}],"author":[{"embeddable":true,"href":"https:\/\/ahelth.com\/es\/wp-json\/wp\/v2\/users\/1"}],"replies":[{"embeddable":true,"href":"https:\/\/ahelth.com\/es\/wp-json\/wp\/v2\/comments?post=19721"}],"version-history":[{"count":0,"href":"https:\/\/ahelth.com\/es\/wp-json\/wp\/v2\/pages\/19721\/revisions"}],"wp:attachment":[{"href":"https:\/\/ahelth.com\/es\/wp-json\/wp\/v2\/media?parent=19721"}],"curies":[{"name":"wp","href":"https:\/\/api.w.org\/{rel}","templated":true}]}}