{"id":19754,"date":"2021-10-31T23:44:38","date_gmt":"2021-10-31T23:44:38","guid":{"rendered":"http:\/\/ahelth.com\/privacy-policy\/"},"modified":"2022-05-01T00:27:58","modified_gmt":"2022-05-01T00:27:58","slug":"privacy-policy","status":"publish","type":"page","link":"https:\/\/ahelth.com\/es\/privacy-policy\/","title":{"rendered":"Pol\u00edtica de privacidad"},"content":{"rendered":"<p><strong><span style=\"vertical-align: inherit;\"><span style=\"vertical-align: inherit;\">Pol\u00edtica de privacidad<\/span><\/span><\/strong><\/p>\n<p><strong><span style=\"vertical-align: inherit;\"><span style=\"vertical-align: inherit;\">Estimado visitante,<\/span><\/span><\/strong><\/p>\n<p><span style=\"vertical-align: inherit;\"><span style=\"vertical-align: inherit;\">Su privacidad, visitante, es extremadamente importante para nosotros, y la pol\u00edtica de privacidad en este documento describe los tipos de informaci\u00f3n personal que\u00a0 <\/span><\/span><strong><span style=\"vertical-align: inherit;\"><span style=\"vertical-align: inherit;\">\u00a0\u00a0recopila un<\/span><\/span><\/strong><a href=\"https:\/\/1ajaeb.com\/\">\u00a0<\/a><span style=\"vertical-align: inherit;\"><span style=\"vertical-align: inherit;\"> blog de salud y c\u00f3mo se utiliza esta informaci\u00f3n.<\/span><\/span><\/p>\n<p><span style=\"vertical-align: inherit;\"><span style=\"vertical-align: inherit;\">Utilizamos empresas de publicidad de terceros para mostrar anuncios, y cuando visita\u00a0 <\/span><\/span><strong><span style=\"vertical-align: inherit;\"><span style=\"vertical-align: inherit;\">\u00a0el blog de ahelth<\/span><\/span><\/strong><span style=\"vertical-align: inherit;\"><span style=\"vertical-align: inherit;\"> \u00a0\u00a0, estas empresas tienen derecho a utilizar la informaci\u00f3n sobre sus visitas a este blog (excepto el nombre, la direcci\u00f3n, la direcci\u00f3n de correo electr\u00f3nico o el n\u00famero de tel\u00e9fono) para proporcionar anuncios sobre bienes y servicios que le interesen a trav\u00e9s\u00a0 <\/span><\/span><a href=\"https:\/\/www.doubleclickbygoogle.com\/\"><span style=\"vertical-align: inherit;\"><span style=\"vertical-align: inherit;\">del archivo de cookies<\/span><\/span><\/a><span style=\"vertical-align: inherit;\"><span style=\"vertical-align: inherit;\"> .<\/span><\/span><\/p>\n<p>&nbsp;<\/p>\n<p><span style=\"vertical-align: inherit;\"><span style=\"vertical-align: inherit;\">En\u00a0 <\/span><\/span><strong><span style=\"vertical-align: inherit;\"><span style=\"vertical-align: inherit;\">\u00a0ahelth<\/span><\/span><\/strong><span style=\"vertical-align: inherit;\"><span style=\"vertical-align: inherit;\"> \u00a0\u00a0usamos los anuncios de Google como un recurso financiero externo, por lo que Google usa\u00a0 <\/span><\/span><a href=\"https:\/\/www.doubleclickbygoogle.com\/\"><span style=\"vertical-align: inherit;\"><span style=\"vertical-align: inherit;\">cookies<\/span><\/span><\/a><span style=\"vertical-align: inherit;\"><span style=\"vertical-align: inherit;\"> \u00a0para mostrar anuncios en nuestro sitio.<\/span><\/span><\/p>\n<p>&nbsp;<\/p>\n<p><span style=\"vertical-align: inherit;\"><span style=\"vertical-align: inherit;\">Esto permitir\u00e1 que\u00a0 <\/span><\/span><strong><span style=\"vertical-align: inherit;\"><span style=\"vertical-align: inherit;\">Google<\/span><\/span><\/strong><span style=\"vertical-align: inherit;\"><span style=\"vertical-align: inherit;\"> \u00a0, mediante el uso de la\u00a0 <\/span><\/span><strong><span style=\"vertical-align: inherit;\"><span style=\"vertical-align: inherit;\">cookie de DART<\/span><\/span><\/strong><span style=\"vertical-align: inherit;\"><span style=\"vertical-align: inherit;\"> \u00a0, publique anuncios &#8220;basados \u200b\u200ben intereses&#8221; para los usuarios en funci\u00f3n de sus visitas a nuestro sitio.<\/span><\/span><\/p>\n<p>&nbsp;<\/p>\n<p><span style=\"vertical-align: inherit;\"><span style=\"vertical-align: inherit;\">Nuestros valiosos visitantes pueden deshabilitar el uso de la\u00a0 <\/span><\/span><strong><span style=\"vertical-align: inherit;\"><span style=\"vertical-align: inherit;\">cookie de DART<\/span><\/span><\/strong><span style=\"vertical-align: inherit;\"><span style=\"vertical-align: inherit;\"> \u00a0visitando\u00a0 la pol\u00edtica de privacidad de los <\/span><\/span><a href=\"https:\/\/www.google.com\/policies\/technologies\/ads\/\"><span style=\"vertical-align: inherit;\"><span style=\"vertical-align: inherit;\">anuncios\u00a0 de <\/span><\/span><strong><span style=\"vertical-align: inherit;\"><span style=\"vertical-align: inherit;\">Google<\/span><\/span><\/strong><span style=\"vertical-align: inherit;\"><span style=\"vertical-align: inherit;\"> \u00a0y la red de contenido<\/span><\/span><\/a><span style=\"vertical-align: inherit;\"><span style=\"vertical-align: inherit;\"> .<\/span><\/span><\/p>\n<p>&nbsp;<\/p>\n<p><strong><span style=\"vertical-align: inherit;\"><span style=\"vertical-align: inherit;\">Archivos de registro <\/span><\/span><\/strong><strong><span style=\"vertical-align: inherit;\"><span style=\"vertical-align: inherit;\">:<\/span><\/span><\/strong><\/p>\n<p><span style=\"vertical-align: inherit;\"><span style=\"vertical-align: inherit;\">Como la mayor\u00eda de los otros servidores del sitio, por lo tanto, el\u00a0 sitio web de <\/span><\/span><strong><span style=\"vertical-align: inherit;\"><span style=\"vertical-align: inherit;\">\u00a0ahelth<\/span><\/span><\/strong><span style=\"vertical-align: inherit;\"><span style=\"vertical-align: inherit;\"> \u00a0\u00a0utiliza el sistema de archivos de registro, y esto incluye el protocolo de Internet (direcciones, tipo de navegador, proveedor de servicios de Internet &#8220;Proveedores de servicios de Internet&#8221;, fecha\/hora y n\u00famero de clics para analizar tendencias).<\/span><\/span><\/p>\n<p>&nbsp;<\/p>\n<p><span style=\"vertical-align: inherit;\"><span style=\"vertical-align: inherit;\">A trav\u00e9s de este proceso, no se pretende recopilar toda esta informaci\u00f3n para espiar asuntos personales de los visitantes, sino que se trata de cuestiones anal\u00edticas con el fin de mejorar la calidad de los anuncios de\u00a0 <\/span><\/span><strong><span style=\"vertical-align: inherit;\"><span style=\"vertical-align: inherit;\">Google<\/span><\/span><\/strong><span style=\"vertical-align: inherit;\"><span style=\"vertical-align: inherit;\"> \u00a0, y adem\u00e1s de eso, toda esta informaci\u00f3n guardado por nosotros es completamente confidencial y permanece dentro del alcance del desarrollo y la mejora privados. Solo nuestro sitio.<\/span><\/span><\/p>\n<p>&nbsp;<\/p>\n<p><strong><span style=\"vertical-align: inherit;\"><span style=\"vertical-align: inherit;\">Cookies y configuraci\u00f3n de red <\/span><\/span><\/strong><strong><span style=\"vertical-align: inherit;\"><span style=\"vertical-align: inherit;\">:<\/span><\/span><\/strong><\/p>\n<p><span style=\"vertical-align: inherit;\"><span style=\"vertical-align: inherit;\">Google\u00a0 <\/span><span style=\"vertical-align: inherit;\">\u00a0utiliza cookies para almacenar informaci\u00f3n sobre los intereses de los visitantes, junto con un registro de usuario especial en el que se incluye informaci\u00f3n espec\u00edfica sobre las p\u00e1ginas a las que se ha accedido o visitado, y con este paso, sabemos el alcance de los intereses de los visitantes y qu\u00e9 temas son los m\u00e1s preferidos. por ellos para que a su vez podamos desarrollar nuestro servicio y <\/span><\/span><strong><span style=\"vertical-align: inherit;\"><span style=\"vertical-align: inherit;\">contenido<\/span><\/span><\/strong><\/p>\n<p>&nbsp;<\/p>\n<p><span style=\"vertical-align: inherit;\"><span style=\"vertical-align: inherit;\">Agregamos a esto que algunas empresas que se anuncian en\u00a0 <\/span><\/span><strong><span style=\"vertical-align: inherit;\"><span style=\"vertical-align: inherit;\">\u00a0ahelth<\/span><\/span><\/strong><span style=\"vertical-align: inherit;\"><span style=\"vertical-align: inherit;\"> \u00a0pueden mirar las cookies y la configuraci\u00f3n de red para nuestro sitio y para usted, y estas empresas, por ejemplo,\u00a0 <\/span><\/span><strong><span style=\"vertical-align: inherit;\"><span style=\"vertical-align: inherit;\">Google<\/span><\/span><\/strong><span style=\"vertical-align: inherit;\"><span style=\"vertical-align: inherit;\"> \u00a0y su programa de publicidad\u00a0 <\/span><\/span><a href=\"https:\/\/accounts.google.com\/ServiceLogin?service=adsense&amp;rm=hide&amp;nui=15&amp;alwf=true&amp;ltmpl=adsense&amp;passive=true&amp;continue=https:\/\/www.google.com\/adsense\/gaiaauth2?hl%3Den_US%26subid%3Dww-en_US-et-ads%26sourceid%3Daso%26medium%3Dlink&amp;followup=https:\/\/www.google.com\/adsense\/gaiaauth2?hl%3Den_US%26subid%3Dww-en_US-et-ads%26sourceid%3Daso%26medium%3Dlink&amp;hl=en_US#identifier\"><strong><span style=\"vertical-align: inherit;\"><span style=\"vertical-align: inherit;\">Google AdSense<\/span><\/span><\/strong><\/a><span style=\"vertical-align: inherit;\"><span style=\"vertical-align: inherit;\"> \u00a0, que es la primera empresa de publicidad en nuestro sitio.<\/span><\/span><\/p>\n<p>&nbsp;<\/p>\n<p><span style=\"vertical-align: inherit;\"><span style=\"vertical-align: inherit;\">Por supuesto, dichos anunciantes, que se consideran terceros en la pol\u00edtica de privacidad, siguen dichos datos y estad\u00edsticas a trav\u00e9s de protocolos de Internet con el fin de mejorar la calidad de sus anuncios y medir su eficacia.<\/span><\/span><\/p>\n<p>&nbsp;<\/p>\n<p><span style=\"vertical-align: inherit;\"><span style=\"vertical-align: inherit;\">Asimismo, estas empresas, en virtud de los acuerdos celebrados con nosotros, tienen derecho a utilizar medios t\u00e9cnicos (como cookies, configuraciones de red y c\u00f3digos especiales de programaci\u00f3n \u201cJavaScript\u201d) con los mismos fines mencionados anteriormente, que son desarrollar los contenidos publicitarios de estos empresas y medir la eficacia de estos anuncios, sin ning\u00fan otro objetivo que pueda perjudicar de una forma u otra a los visitantes de nuestro sitio.<\/span><\/span><\/p>\n<p>&nbsp;<\/p>\n<p><span style=\"vertical-align: inherit;\"><span style=\"vertical-align: inherit;\">Por supuesto,\u00a0 el sitio web de <\/span><\/span><strong><span style=\"vertical-align: inherit;\"><span style=\"vertical-align: inherit;\">ahelth<\/span><\/span><\/strong><span style=\"vertical-align: inherit;\"><span style=\"vertical-align: inherit;\"> \u00a0no puede acceder ni controlar estos archivos, incluso despu\u00e9s de que usted los permita y los active para tomarlos de su dispositivo (cookies), y no somos responsables de ninguna manera por el uso ilegal de ellos si sucede, Dios no lo quiera.<\/span><\/span><\/p>\n<p>&nbsp;<\/p>\n<p><span style=\"vertical-align: inherit;\"><span style=\"vertical-align: inherit;\">Debe revisar la pol\u00edtica de privacidad del tercero en este documento (anunciantes como\u00a0 <\/span><\/span><a href=\"https:\/\/accounts.google.com\/ServiceLogin?service=adsense&amp;rm=hide&amp;nui=15&amp;alwf=true&amp;ltmpl=adsense&amp;passive=true&amp;continue=https:\/\/www.google.com\/adsense\/gaiaauth2?hl%3Den_US%26subid%3Dww-en_US-et-ads%26sourceid%3Daso%26medium%3Dlink&amp;followup=https:\/\/www.google.com\/adsense\/gaiaauth2?hl%3Den_US%26subid%3Dww-en_US-et-ads%26sourceid%3Daso%26medium%3Dlink&amp;hl=en_US#identifier\"><strong><span style=\"vertical-align: inherit;\"><span style=\"vertical-align: inherit;\">Google AdSense<\/span><\/span><\/strong><\/a><span style=\"vertical-align: inherit;\"><span style=\"vertical-align: inherit;\"> \u00a0) o servidores de redes publicitarias para obtener m\u00e1s informaci\u00f3n sobre sus diversas pr\u00e1cticas y actividades.<\/span><\/span><\/p>\n<p>&nbsp;<\/p>\n<p><span style=\"vertical-align: inherit;\"><span style=\"vertical-align: inherit;\">Para revisar la pol\u00edtica de privacidad del programa de publicidad <\/span><a href=\"https:\/\/accounts.google.com\/ServiceLogin?service=adsense&amp;rm=hide&amp;nui=15&amp;alwf=true&amp;ltmpl=adsense&amp;passive=true&amp;continue=https:\/\/www.google.com\/adsense\/gaiaauth2?hl%3Den_US%26subid%3Dww-en_US-et-ads%26sourceid%3Daso%26medium%3Dlink&amp;followup=https:\/\/www.google.com\/adsense\/gaiaauth2?hl%3Den_US%26subid%3Dww-en_US-et-ads%26sourceid%3Daso%26medium%3Dlink&amp;hl=en_US#identifier\"><strong><span style=\"vertical-align: inherit;\">Google AdSense<\/span><\/strong><\/a><span style=\"vertical-align: inherit;\"> \u00a0de\u00a0 <\/span><strong><span style=\"vertical-align: inherit;\">Google\u00a0<\/span><\/strong><span style=\"vertical-align: inherit;\"> , haga clic\u00a0 <\/span><a href=\"https:\/\/www.google.com\/policies\/technologies\/ads\/\"><span style=\"vertical-align: inherit;\">aqu\u00ed<\/span><\/a><\/span><strong>\u00a0<\/strong><\/p>\n<p>&nbsp;<\/p>\n<p><span style=\"vertical-align: inherit;\"><span style=\"vertical-align: inherit;\">Los datos se pueden recopilar para el remarketing en la Red de Display y la Red de b\u00fasqueda a trav\u00e9s de la pol\u00edtica de anuncios que se orienta a los intereses y ubicaciones de los visitantes, y esta funci\u00f3n se puede desactivar desde\u00a0 <\/span><\/span><a href=\"https:\/\/tools.google.com\/dlpage\/gaoptout\/?hl=ar\"><span style=\"vertical-align: inherit;\"><span style=\"vertical-align: inherit;\">aqu\u00ed<\/span><\/span><\/a><span style=\"vertical-align: inherit;\"><span style=\"vertical-align: inherit;\"> .<\/span><\/span><\/p>\n<p>&nbsp;<\/p>\n<p><span style=\"vertical-align: inherit;\"><span style=\"vertical-align: inherit;\">Finalmente, estamos obligados por los t\u00e9rminos de este acuerdo a mostrarle c\u00f3mo deshabilitar la funci\u00f3n de cookies, donde puede hacerlo a trav\u00e9s de las opciones de su navegador, o siguiendo \u00a0 <\/span><\/span><a href=\"https:\/\/www.google.com\/policies\/technologies\/ads\/\"><span style=\"vertical-align: inherit;\"><span style=\"vertical-align: inherit;\">la pol\u00edtica de privacidad de los anuncios de\u00a0 <\/span><\/span><strong><span style=\"vertical-align: inherit;\"><span style=\"vertical-align: inherit;\">Google<\/span><\/span><\/strong><span style=\"vertical-align: inherit;\"><span style=\"vertical-align: inherit;\"> \u00a0y la red de contenido<\/span><\/span><\/a><span style=\"vertical-align: inherit;\"><span style=\"vertical-align: inherit;\"> \u00a0.<\/span><\/span><\/p>\n<p>&nbsp;<\/p>\n<p><span style=\"vertical-align: inherit;\"><span style=\"vertical-align: inherit;\">Si necesita m\u00e1s informaci\u00f3n o tiene alguna pregunta sobre la pol\u00edtica de privacidad, no dude en contactarnos a trav\u00e9s del formulario de contacto, ingresando a la\u00a0 pesta\u00f1a <\/span><\/span><strong><span style=\"vertical-align: inherit;\"><span style=\"vertical-align: inherit;\">Cont\u00e1ctenos<\/span><\/span><\/strong><span style=\"vertical-align: inherit;\"><span style=\"vertical-align: inherit;\"> .<\/span><\/span><\/p>\n<p>&nbsp;<\/p>\n<p><span style=\"vertical-align: inherit;\"><span style=\"vertical-align: inherit;\">Los t\u00e9rminos de esta pol\u00edtica est\u00e1n sujetos a desarrollo y cambio en su contenido en cualquier momento que lo consideremos necesario.<\/span><\/span><\/p>\n<p>&nbsp;<\/p>\n","protected":false},"excerpt":{"rendered":"<p>Pol\u00edtica de privacidad Estimado visitante, Su privacidad, visitante, es extremadamente importante para nosotros, y la pol\u00edtica de privacidad en este documento describe los tipos de informaci\u00f3n personal que\u00a0 \u00a0\u00a0recopila un\u00a0 blog de salud y c\u00f3mo se utiliza esta informaci\u00f3n. Utilizamos empresas de publicidad de terceros para mostrar anuncios, y cuando visita\u00a0 \u00a0el blog de ahelth &hellip;<\/p>\n","protected":false},"author":1,"featured_media":0,"parent":0,"menu_order":0,"comment_status":"closed","ping_status":"open","template":"","meta":{"footnotes":""},"class_list":["post-19754","page","type-page","status-publish","hentry"],"yoast_head":"<!-- This site is optimized with the Yoast SEO plugin v27.4 - https:\/\/yoast.com\/product\/yoast-seo-wordpress\/ -->\n<title>Pol\u00edtica de privacidad - the health<\/title>\n<meta name=\"robots\" content=\"index, follow, max-snippet:-1, max-image-preview:large, max-video-preview:-1\" \/>\n<link rel=\"canonical\" href=\"https:\/\/ahelth.com\/es\/privacy-policy\/\" \/>\n<meta property=\"og:locale\" content=\"es_ES\" \/>\n<meta property=\"og:type\" content=\"article\" \/>\n<meta property=\"og:title\" content=\"Pol\u00edtica de privacidad - the health\" \/>\n<meta property=\"og:description\" content=\"Pol\u00edtica de privacidad Estimado visitante, Su privacidad, visitante, es extremadamente importante para nosotros, y la pol\u00edtica de privacidad en este documento describe los tipos de informaci\u00f3n personal que\u00a0 \u00a0\u00a0recopila un\u00a0 blog de salud y c\u00f3mo se utiliza esta informaci\u00f3n. Utilizamos empresas de publicidad de terceros para mostrar anuncios, y cuando visita\u00a0 \u00a0el blog de ahelth &hellip;\" \/>\n<meta property=\"og:url\" content=\"https:\/\/ahelth.com\/es\/privacy-policy\/\" \/>\n<meta property=\"og:site_name\" content=\"the health\" \/>\n<meta property=\"article:modified_time\" content=\"2022-05-01T00:27:58+00:00\" \/>\n<meta name=\"twitter:card\" content=\"summary_large_image\" \/>\n<meta name=\"twitter:label1\" content=\"Tiempo de lectura\" \/>\n\t<meta name=\"twitter:data1\" content=\"4 minutes\" \/>\n<script type=\"application\/ld+json\" class=\"yoast-schema-graph\">{\"@context\":\"https:\\\/\\\/schema.org\",\"@graph\":[{\"@type\":\"WebPage\",\"@id\":\"https:\\\/\\\/ahelth.com\\\/es\\\/privacy-policy\\\/\",\"url\":\"https:\\\/\\\/ahelth.com\\\/es\\\/privacy-policy\\\/\",\"name\":\"Pol\u00edtica de privacidad - the health\",\"isPartOf\":{\"@id\":\"https:\\\/\\\/ahelth.com\\\/es\\\/#website\"},\"datePublished\":\"2021-10-31T23:44:38+00:00\",\"dateModified\":\"2022-05-01T00:27:58+00:00\",\"breadcrumb\":{\"@id\":\"https:\\\/\\\/ahelth.com\\\/es\\\/privacy-policy\\\/#breadcrumb\"},\"inLanguage\":\"es-ES\",\"potentialAction\":[{\"@type\":\"ReadAction\",\"target\":[\"https:\\\/\\\/ahelth.com\\\/es\\\/privacy-policy\\\/\"]}]},{\"@type\":\"BreadcrumbList\",\"@id\":\"https:\\\/\\\/ahelth.com\\\/es\\\/privacy-policy\\\/#breadcrumb\",\"itemListElement\":[{\"@type\":\"ListItem\",\"position\":1,\"name\":\"Home\",\"item\":\"https:\\\/\\\/ahelth.com\\\/es\\\/\"},{\"@type\":\"ListItem\",\"position\":2,\"name\":\"Pol\u00edtica de privacidad\"}]},{\"@type\":\"WebSite\",\"@id\":\"https:\\\/\\\/ahelth.com\\\/es\\\/#website\",\"url\":\"https:\\\/\\\/ahelth.com\\\/es\\\/\",\"name\":\"the health\",\"description\":\"Articles on health\",\"potentialAction\":[{\"@type\":\"SearchAction\",\"target\":{\"@type\":\"EntryPoint\",\"urlTemplate\":\"https:\\\/\\\/ahelth.com\\\/es\\\/?s={search_term_string}\"},\"query-input\":{\"@type\":\"PropertyValueSpecification\",\"valueRequired\":true,\"valueName\":\"search_term_string\"}}],\"inLanguage\":\"es-ES\"}]}<\/script>\n<!-- \/ Yoast SEO plugin. -->","yoast_head_json":{"title":"Pol\u00edtica de privacidad - the health","robots":{"index":"index","follow":"follow","max-snippet":"max-snippet:-1","max-image-preview":"max-image-preview:large","max-video-preview":"max-video-preview:-1"},"canonical":"https:\/\/ahelth.com\/es\/privacy-policy\/","og_locale":"es_ES","og_type":"article","og_title":"Pol\u00edtica de privacidad - the health","og_description":"Pol\u00edtica de privacidad Estimado visitante, Su privacidad, visitante, es extremadamente importante para nosotros, y la pol\u00edtica de privacidad en este documento describe los tipos de informaci\u00f3n personal que\u00a0 \u00a0\u00a0recopila un\u00a0 blog de salud y c\u00f3mo se utiliza esta informaci\u00f3n. Utilizamos empresas de publicidad de terceros para mostrar anuncios, y cuando visita\u00a0 \u00a0el blog de ahelth &hellip;","og_url":"https:\/\/ahelth.com\/es\/privacy-policy\/","og_site_name":"the health","article_modified_time":"2022-05-01T00:27:58+00:00","twitter_card":"summary_large_image","twitter_misc":{"Tiempo de lectura":"4 minutes"},"schema":{"@context":"https:\/\/schema.org","@graph":[{"@type":"WebPage","@id":"https:\/\/ahelth.com\/es\/privacy-policy\/","url":"https:\/\/ahelth.com\/es\/privacy-policy\/","name":"Pol\u00edtica de privacidad - the health","isPartOf":{"@id":"https:\/\/ahelth.com\/es\/#website"},"datePublished":"2021-10-31T23:44:38+00:00","dateModified":"2022-05-01T00:27:58+00:00","breadcrumb":{"@id":"https:\/\/ahelth.com\/es\/privacy-policy\/#breadcrumb"},"inLanguage":"es-ES","potentialAction":[{"@type":"ReadAction","target":["https:\/\/ahelth.com\/es\/privacy-policy\/"]}]},{"@type":"BreadcrumbList","@id":"https:\/\/ahelth.com\/es\/privacy-policy\/#breadcrumb","itemListElement":[{"@type":"ListItem","position":1,"name":"Home","item":"https:\/\/ahelth.com\/es\/"},{"@type":"ListItem","position":2,"name":"Pol\u00edtica de privacidad"}]},{"@type":"WebSite","@id":"https:\/\/ahelth.com\/es\/#website","url":"https:\/\/ahelth.com\/es\/","name":"the health","description":"Articles on health","potentialAction":[{"@type":"SearchAction","target":{"@type":"EntryPoint","urlTemplate":"https:\/\/ahelth.com\/es\/?s={search_term_string}"},"query-input":{"@type":"PropertyValueSpecification","valueRequired":true,"valueName":"search_term_string"}}],"inLanguage":"es-ES"}]}},"_links":{"self":[{"href":"https:\/\/ahelth.com\/es\/wp-json\/wp\/v2\/pages\/19754","targetHints":{"allow":["GET"]}}],"collection":[{"href":"https:\/\/ahelth.com\/es\/wp-json\/wp\/v2\/pages"}],"about":[{"href":"https:\/\/ahelth.com\/es\/wp-json\/wp\/v2\/types\/page"}],"author":[{"embeddable":true,"href":"https:\/\/ahelth.com\/es\/wp-json\/wp\/v2\/users\/1"}],"replies":[{"embeddable":true,"href":"https:\/\/ahelth.com\/es\/wp-json\/wp\/v2\/comments?post=19754"}],"version-history":[{"count":0,"href":"https:\/\/ahelth.com\/es\/wp-json\/wp\/v2\/pages\/19754\/revisions"}],"wp:attachment":[{"href":"https:\/\/ahelth.com\/es\/wp-json\/wp\/v2\/media?parent=19754"}],"curies":[{"name":"wp","href":"https:\/\/api.w.org\/{rel}","templated":true}]}}