{"id":19790,"date":"2021-11-01T00:15:34","date_gmt":"2021-11-01T00:15:34","guid":{"rendered":"http:\/\/ahelth.com\/terms-and-conditions\/"},"modified":"2022-05-01T00:42:52","modified_gmt":"2022-05-01T00:42:52","slug":"terms-and-conditions","status":"publish","type":"page","link":"https:\/\/ahelth.com\/es\/terms-and-conditions\/","title":{"rendered":"\u00a0T\u00e9rminos y condiciones"},"content":{"rendered":"\r\n<p>&nbsp;<\/p>\r\n<p><span style=\"vertical-align: inherit;\"><span style=\"vertical-align: inherit;\">\u00a0T\u00e9rminos y condiciones<\/span><\/span><\/p>\r\n<p><span style=\"vertical-align: inherit;\"><span style=\"vertical-align: inherit;\">Bienvenido a Ahelth.com<\/span><\/span><\/p>\r\n<p><span style=\"vertical-align: inherit;\"><span style=\"vertical-align: inherit;\">Estos t\u00e9rminos y condiciones establecen las reglas y regulaciones para el uso del sitio web ahelth.com, ubicado en ahelth.com. Al acceder a este sitio web asumimos que acepta estos t\u00e9rminos y condiciones. <\/span><span style=\"vertical-align: inherit;\">No contin\u00fae usando Ahelth.com si no est\u00e1 de acuerdo con todos los t\u00e9rminos y condiciones establecidos en esta p\u00e1gina.<\/span><\/span><\/p>\r\n<p><span style=\"vertical-align: inherit;\"><span style=\"vertical-align: inherit;\">Los siguientes t\u00e9rminos se aplican a estos T\u00e9rminos y condiciones, Declaraci\u00f3n de privacidad, Aviso de exenci\u00f3n de responsabilidad y todos los acuerdos: &#8220;Cliente&#8221;, &#8220;Usted&#8221; y &#8220;Su&#8221; se refieren a usted, la persona que inicia sesi\u00f3n en este sitio web y cumple con los T\u00e9rminos y condiciones de la Compa\u00f1\u00eda. <\/span><span style=\"vertical-align: inherit;\">&#8220;La Compa\u00f1\u00eda&#8221;, &#8220;Nosotros mismos&#8221;, &#8220;Nosotros&#8221;, &#8220;Nos&#8221; y &#8220;Nosotros&#8221; se refieren a nuestra Compa\u00f1\u00eda. <\/span><span style=\"vertical-align: inherit;\">&#8220;Parte&#8221;, &#8220;Partes&#8221; o &#8220;nosotros&#8221; se refieren tanto al Cliente como a nosotros mismos. <\/span><span style=\"vertical-align: inherit;\">Todos los t\u00e9rminos se refieren a la oferta, aceptaci\u00f3n y consideraci\u00f3n del pago necesario para llevar a cabo el proceso de nuestra asistencia al Cliente de la manera m\u00e1s adecuada con el prop\u00f3sito expreso de satisfacer las necesidades del Cliente en relaci\u00f3n con la prestaci\u00f3n de los servicios indicados por la Compa\u00f1\u00eda, de conformidad con y sujeto a la ley vigente. <\/span><span style=\"vertical-align: inherit;\">Cualquier uso de los t\u00e9rminos anteriores u otras palabras en singular y plural y\/o \u00e9l\/ella o ellos, se considera intercambiable y, por lo tanto, se refiere a lo mismo.<\/span><\/span><\/p>\r\n<p><span style=\"vertical-align: inherit;\"><span style=\"vertical-align: inherit;\">cookies de internet<\/span><\/span><\/p>\r\n<p><span style=\"vertical-align: inherit;\"><span style=\"vertical-align: inherit;\">Utilizamos el uso de cookies. <\/span><span style=\"vertical-align: inherit;\">Al acceder a ahelth.com, acepta el uso de cookies de acuerdo con la Pol\u00edtica de privacidad de ahelth.com<\/span><\/span><\/p>\r\n<p><span style=\"vertical-align: inherit;\"><span style=\"vertical-align: inherit;\">La mayor\u00eda de los sitios web interactivos utilizan cookies para permitirnos recuperar los detalles del usuario para cada visita. <\/span><span style=\"vertical-align: inherit;\">Nuestro sitio utiliza cookies para habilitar la funcionalidad de ciertas \u00e1reas para que sea m\u00e1s f\u00e1cil para las personas visitar nuestro sitio. <\/span><span style=\"vertical-align: inherit;\">Algunos socios afiliados\/publicitarios tambi\u00e9n pueden usar cookies.<\/span><\/span><\/p>\r\n<p><span style=\"vertical-align: inherit;\"><span style=\"vertical-align: inherit;\">licencia<\/span><\/span><\/p>\r\n<p><span style=\"vertical-align: inherit;\"><span style=\"vertical-align: inherit;\">A menos que se indique lo contrario, Ahelth.com y\/o sus licenciantes poseen los derechos de propiedad intelectual de todo el material de Ahelth.com. <\/span><span style=\"vertical-align: inherit;\">Todos los derechos de propiedad intelectual reservados. <\/span><span style=\"vertical-align: inherit;\">Puede acceder a esto desde Ahelth.com para su uso personal sujeto a las restricciones establecidas en estos T\u00e9rminos y Condiciones.<\/span><\/span><\/p>\r\n<p><span style=\"vertical-align: inherit;\"><span style=\"vertical-align: inherit;\">usted no tiene que:<\/span><\/span><\/p>\r\n<p><span style=\"vertical-align: inherit;\"><span style=\"vertical-align: inherit;\">Volver a publicar material de Ahelth.com Vender, alquilar o licenciar material de Ahelth.com<\/span><\/span><\/p>\r\n<p><span style=\"vertical-align: inherit;\"><span style=\"vertical-align: inherit;\">Reproducci\u00f3n, duplicaci\u00f3n o duplicaci\u00f3n de material de Ahelth.com<\/span><\/span><\/p>\r\n<p><span style=\"vertical-align: inherit;\"><span style=\"vertical-align: inherit;\">Redistribuir contenido de Ahelth.com<\/span><\/span><\/p>\r\n<p><span style=\"vertical-align: inherit;\"><span style=\"vertical-align: inherit;\">Este acuerdo comienza en su historia. <\/span><span style=\"vertical-align: inherit;\">Nuestros T\u00e9rminos y Condiciones fueron creados con la ayuda del Generador de T\u00e9rminos y Condiciones.<\/span><\/span><\/p>\r\n<p><span style=\"vertical-align: inherit;\"><span style=\"vertical-align: inherit;\">Partes de este sitio web brindan una oportunidad para que los usuarios publiquen y compartan opiniones e informaci\u00f3n en ciertas \u00e1reas del sitio web. <\/span><span style=\"vertical-align: inherit;\">Ahelth.com no filtra, edita, publica ni revisa los Comentarios antes de que aparezcan en el Sitio. <\/span><span style=\"vertical-align: inherit;\">Los comentarios no reflejan los puntos de vista y opiniones de Ahelth.com, sus agentes y\/o afiliados. <\/span><span style=\"vertical-align: inherit;\">Los comentarios reflejan los puntos de vista y las opiniones de la persona que publica los suyos. <\/span><span style=\"vertical-align: inherit;\">En la medida permitida por las leyes aplicables, Ahelth.com no ser\u00e1 responsable de los Comentarios ni de ninguna responsabilidad, da\u00f1o o gasto causado y\/o sufrido como resultado de cualquier uso y\/o publicaci\u00f3n y\/o aparici\u00f3n de los Comentarios en este sitio web.<\/span><\/span><\/p>\r\n<p><span style=\"vertical-align: inherit;\"><span style=\"vertical-align: inherit;\">Ahelth.com se reserva el derecho de monitorear todos los Comentarios y eliminar cualquier Comentario que pueda considerarse inapropiado, ofensivo o que cause una violaci\u00f3n de estos T\u00e9rminos y Condiciones.<\/span><\/span><\/p>\r\n<p><span style=\"vertical-align: inherit;\"><span style=\"vertical-align: inherit;\">Usted garantiza y declara que:<\/span><\/span><\/p>\r\n<p><span style=\"vertical-align: inherit;\"><span style=\"vertical-align: inherit;\">Tiene derecho a publicar Comentarios en nuestro Sitio y obtener todas las licencias y consentimientos necesarios para hacerlo;<\/span><\/span><\/p>\r\n<p><span style=\"vertical-align: inherit;\"><span style=\"vertical-align: inherit;\">Los Comentarios no infringen ning\u00fan derecho de propiedad intelectual, incluidos, entre otros, los derechos de autor, patentes o marcas registradas de terceros;<\/span><\/span><\/p>\r\n<p><span style=\"vertical-align: inherit;\"><span style=\"vertical-align: inherit;\">Los comentarios no contienen ning\u00fan material difamatorio, difamatorio, ofensivo, indecente o ilegal que sea una invasi\u00f3n de la privacidad.<\/span><\/span><\/p>\r\n<p><span style=\"vertical-align: inherit;\"><span style=\"vertical-align: inherit;\">Los comentarios no se utilizar\u00e1n para solicitar o promover negocios, actividades comerciales personalizadas o actuales, o actividades ilegales.<\/span><\/span><\/p>\r\n<p><span style=\"vertical-align: inherit;\"><span style=\"vertical-align: inherit;\">Por la presente, otorga a Ahelth.com una licencia no exclusiva para usar, reproducir, editar y autorizar a otros a usar, reproducir y editar cualquiera de sus Comentarios en cualquiera y todas las formas, formatos o medios.<\/span><\/span><\/p>\r\n<p><span style=\"vertical-align: inherit;\"><span style=\"vertical-align: inherit;\">Hiperv\u00ednculo a nuestro contenido<\/span><\/span><\/p>\r\n<p><span style=\"vertical-align: inherit;\"><span style=\"vertical-align: inherit;\">Las siguientes organizaciones pueden vincular a nuestro sitio web sin nuestro consentimiento previo por escrito:<\/span><\/span><\/p>\r\n<p><span style=\"vertical-align: inherit;\"><span style=\"vertical-align: inherit;\">agencias gubernamentales;<\/span><\/span><\/p>\r\n<p><span style=\"vertical-align: inherit;\"><span style=\"vertical-align: inherit;\">los motores de b\u00fasqueda<\/span><\/span><\/p>\r\n<p><span style=\"vertical-align: inherit;\"><span style=\"vertical-align: inherit;\">organizaciones de noticias;<\/span><\/span><\/p>\r\n<p><span style=\"vertical-align: inherit;\"><span style=\"vertical-align: inherit;\">Los distribuidores de directorios en l\u00ednea pueden vincularse a nuestro sitio web de la misma manera que un hiperv\u00ednculo a los sitios web de otras empresas que figuran en la lista; <\/span><span style=\"vertical-align: inherit;\">Y<\/span><\/span><\/p>\r\n<p><span style=\"vertical-align: inherit;\"><span style=\"vertical-align: inherit;\">Empresas aprobadas en todo el sistema, excepto organizaciones sin fines de lucro, centros comerciales de caridad y grupos de recaudaci\u00f3n de fondos caritativos que pueden no tener hiperv\u00ednculos a nuestro sitio web.<\/span><\/span><\/p>\r\n<p><span style=\"vertical-align: inherit;\"><span style=\"vertical-align: inherit;\">Estas organizaciones pueden vincular a nuestra p\u00e1gina de inicio, a publicaciones u otra informaci\u00f3n en el sitio web siempre que el enlace: (a) no sea enga\u00f1oso de ninguna manera; <\/span><span style=\"vertical-align: inherit;\">(b) no implica patrocinio, respaldo o aprobaci\u00f3n de la Parte Vinculada y sus productos y\/o servicios; <\/span><span style=\"vertical-align: inherit;\">y (c) encaja dentro del contexto del sitio web de la parte enlazante.<\/span><\/span><\/p>\r\n<p><span style=\"vertical-align: inherit;\"><span style=\"vertical-align: inherit;\">Podemos considerar y aceptar otras solicitudes de enlace de los siguientes tipos de organizaciones:<\/span><\/span><\/p>\r\n<p><span style=\"vertical-align: inherit;\"><span style=\"vertical-align: inherit;\">fuentes conocidas de informaci\u00f3n comercial y\/o de consumidores;<\/span><\/span><\/p>\r\n<p><span style=\"vertical-align: inherit;\"><span style=\"vertical-align: inherit;\">sitios de la comunidad dot.com;<\/span><\/span><\/p>\r\n<p><span style=\"vertical-align: inherit;\"><span style=\"vertical-align: inherit;\">asociaciones u otros grupos que representen organizaciones ben\u00e9ficas;<\/span><\/span><\/p>\r\n<p><span style=\"vertical-align: inherit;\"><span style=\"vertical-align: inherit;\">distribuidores de directorios en l\u00ednea;<\/span><\/span><\/p>\r\n<p><span style=\"vertical-align: inherit;\"><span style=\"vertical-align: inherit;\">portales de internet<\/span><\/span><\/p>\r\n<p><span style=\"vertical-align: inherit;\"><span style=\"vertical-align: inherit;\">firmas de contabilidad, leyes y consultor\u00eda; <\/span><span style=\"vertical-align: inherit;\">Y<\/span><\/span><\/p>\r\n<p><span style=\"vertical-align: inherit;\"><span style=\"vertical-align: inherit;\">Instituciones educativas y asociaciones comerciales.<\/span><\/span><\/p>\r\n<p><span style=\"vertical-align: inherit;\"><span style=\"vertical-align: inherit;\">Aprobaremos las solicitudes de enlace de estas organizaciones si decidimos que: (a) el enlace no nos har\u00e1 mirarnos a nosotros mismos ni a nuestras empresas aprobadas; <\/span><span style=\"vertical-align: inherit;\">(b) la organizaci\u00f3n no tiene registros negativos con nosotros; <\/span><span style=\"vertical-align: inherit;\">(c) el beneficio que obtenemos al ver el hiperv\u00ednculo compensa la ausencia de Ahelth.com, y (d) el enlace se encuentra en el contexto de informaci\u00f3n general sobre recursos.<\/span><\/span><\/p>\r\n<p><span style=\"vertical-align: inherit;\"><span style=\"vertical-align: inherit;\">Estas organizaciones pueden vincular a nuestra p\u00e1gina de inicio siempre que el enlace: (a) no sea enga\u00f1oso de ninguna manera; <\/span><span style=\"vertical-align: inherit;\">(b) no implica patrocinio, respaldo o aprobaci\u00f3n de la Parte Vinculada y sus productos o servicios; <\/span><span style=\"vertical-align: inherit;\">y (c) encaja dentro del contexto del sitio web de la parte enlazante.<\/span><\/span><\/p>\r\n<p><span style=\"vertical-align: inherit;\"><span style=\"vertical-align: inherit;\">Si usted es una de las organizaciones enumeradas en el p\u00e1rrafo 2 anterior y est\u00e1 interesado en vincularse a nuestro sitio web, debe informarnos enviando un correo electr\u00f3nico a Ahelth.com. <\/span><span style=\"vertical-align: inherit;\">Incluya su nombre, el nombre de la organizaci\u00f3n y la informaci\u00f3n de contacto, as\u00ed como la URL de su sitio, una lista de las URL que desea vincular a nuestro sitio web y una lista de las URL de nuestro sitio a las que le gustar\u00eda vincularse. <\/span><span style=\"vertical-align: inherit;\">Espere 2-3 semanas para una respuesta.<\/span><\/span><\/p>\r\n<p><span style=\"vertical-align: inherit;\"><span style=\"vertical-align: inherit;\">Las organizaciones aprobadas pueden tener hiperv\u00ednculos a nuestro sitio de la siguiente manera:<\/span><\/span><\/p>\r\n<p><span style=\"vertical-align: inherit;\"><span style=\"vertical-align: inherit;\">Al utilizar el nombre de nuestra empresa; <\/span><span style=\"vertical-align: inherit;\">o<\/span><\/span><\/p>\r\n<p><span style=\"vertical-align: inherit;\"><span style=\"vertical-align: inherit;\">Mediante el uso del localizador de recursos est\u00e1ndar al que est\u00e1 vinculado; <\/span><span style=\"vertical-align: inherit;\">o<\/span><\/span><\/p>\r\n<p><span style=\"vertical-align: inherit;\"><span style=\"vertical-align: inherit;\">Mediante el uso de cualquier otra descripci\u00f3n de nuestro sitio web vinculado a este en el contexto y formato del contenido en el sitio web de la parte vinculada.<\/span><\/span><\/p>\r\n<p><span style=\"vertical-align: inherit;\"><span style=\"vertical-align: inherit;\">No se permitir\u00e1 el uso del logotipo de Ahelth.com o cualquier otra obra de arte para asociar la ausencia de un acuerdo de licencia de marca registrada.<\/span><\/span><\/p>\r\n<p><span style=\"vertical-align: inherit;\"><span style=\"vertical-align: inherit;\">marcos flotantes<\/span><\/span><\/p>\r\n<p><span style=\"vertical-align: inherit;\"><span style=\"vertical-align: inherit;\">Sin consentimiento previo y permiso por escrito, no puede crear marcos alrededor de nuestras p\u00e1ginas web que alteren de alguna manera la presentaci\u00f3n visual o la apariencia de nuestro Sitio.<\/span><\/span><\/p>\r\n<p><span style=\"vertical-align: inherit;\"><span style=\"vertical-align: inherit;\">Responsabilidad de contenido<\/span><\/span><\/p>\r\n<p><span style=\"vertical-align: inherit;\"><span style=\"vertical-align: inherit;\">No seremos responsables de ning\u00fan contenido que aparezca en su sitio web. <\/span><span style=\"vertical-align: inherit;\">Usted acepta protegernos y defendernos contra todos los reclamos que surjan en su sitio web. <\/span><span style=\"vertical-align: inherit;\">Ning\u00fan enlace debe aparecer en ning\u00fan sitio web que pueda interpretarse como difamatorio, obsceno o criminal, o que de otra manera infrinja, viole o promueva la infracci\u00f3n u otra infracci\u00f3n de los derechos de cualquier tercero.<\/span><\/span><\/p>\r\n<p><span style=\"vertical-align: inherit;\"><span style=\"vertical-align: inherit;\">tu privacidad<\/span><\/span><\/p>\r\n<p><span style=\"vertical-align: inherit;\"><span style=\"vertical-align: inherit;\">Lea nuestra Pol\u00edtica de privacidad http:\/\/ahelth.com\/privacy-policy\/ Reserva de derechos<\/span><\/span><\/p>\r\n<p><span style=\"vertical-align: inherit;\"><span style=\"vertical-align: inherit;\">Nos reservamos el derecho de pedirle que elimine todos los enlaces o cualquier enlace particular a nuestro sitio. <\/span><span style=\"vertical-align: inherit;\">Usted acepta eliminar inmediatamente todos los enlaces a nuestro sitio a pedido. <\/span><span style=\"vertical-align: inherit;\">Tambi\u00e9n nos reservamos el derecho de modificar estos t\u00e9rminos y condiciones y su pol\u00edtica de vinculaci\u00f3n en cualquier momento. <\/span><span style=\"vertical-align: inherit;\">Al continuar con el enlace a nuestro sitio, usted acepta estar sujeto y seguir estos t\u00e9rminos y condiciones de enlace.<\/span><\/span><\/p>\r\n<p><span style=\"vertical-align: inherit;\"><span style=\"vertical-align: inherit;\">Eliminar enlaces de nuestro sitio<\/span><\/span><\/p>\r\n<p><span style=\"vertical-align: inherit;\"><span style=\"vertical-align: inherit;\">Si encuentra alg\u00fan enlace ofensivo en nuestro sitio web por cualquier motivo, puede ponerse en contacto con nosotros e informarnos en cualquier momento. <\/span><span style=\"vertical-align: inherit;\">Consideraremos las solicitudes para eliminar enlaces, pero no tenemos la obligaci\u00f3n de hacerlo ni de responderle directamente.<\/span><\/span><\/p>\r\n<p><span style=\"vertical-align: inherit;\"><span style=\"vertical-align: inherit;\">No garantizamos la exactitud de la informaci\u00f3n en este sitio web, ni su integridad o exactitud; <\/span><span style=\"vertical-align: inherit;\">Tampoco prometemos garantizar que el sitio web permanecer\u00e1 disponible o que el material del sitio web estar\u00e1 actualizado.<\/span><\/span><\/p>\r\n<p><span style=\"vertical-align: inherit;\"><span style=\"vertical-align: inherit;\">Descargo de responsabilidad<\/span><\/span><\/p>\r\n<p><span style=\"vertical-align: inherit;\"><span style=\"vertical-align: inherit;\">En la m\u00e1xima medida permitida por la ley aplicable, excluimos todas las representaciones, garant\u00edas y condiciones relacionadas con nuestro sitio web y el uso de este sitio web. <\/span><span style=\"vertical-align: inherit;\">Nada en este descargo de responsabilidad:<\/span><\/span><\/p>\r\n<p><span style=\"vertical-align: inherit;\"><span style=\"vertical-align: inherit;\">limitar o excluir nuestra o su responsabilidad por muerte o lesiones personales;<\/span><\/span><\/p>\r\n<p><span style=\"vertical-align: inherit;\"><span style=\"vertical-align: inherit;\">limitar o excluir nuestra o su responsabilidad por fraude o tergiversaci\u00f3n fraudulenta;<\/span><\/span><\/p>\r\n<p><span style=\"vertical-align: inherit;\"><span style=\"vertical-align: inherit;\">limitar cualquiera de nuestras responsabilidades o las suyas de cualquier manera que no est\u00e9 permitida por la ley aplicable; <\/span><span style=\"vertical-align: inherit;\">o<\/span><\/span><\/p>\r\n<p><span style=\"vertical-align: inherit;\"><span style=\"vertical-align: inherit;\">excluir cualquiera de nuestras o sus obligaciones que no puedan ser excluidas bajo la ley aplicable.<\/span><\/span><\/p>\r\n<p><span style=\"vertical-align: inherit;\"><span style=\"vertical-align: inherit;\">Las limitaciones y prohibiciones de responsabilidad establecidas en esta secci\u00f3n y en otras partes de este descargo de responsabilidad: (a) est\u00e1n sujetas al p\u00e1rrafo anterior; <\/span><span style=\"vertical-align: inherit;\">y (b) rigen todas las responsabilidades que surjan en virtud de la exenci\u00f3n de responsabilidad, incluidas las responsabilidades que surjan por contrato, agravio e incumplimiento del deber legal.<\/span><\/span><\/p>\r\n<p><span style=\"vertical-align: inherit;\"><span style=\"vertical-align: inherit;\">Siempre que el sitio web y la informaci\u00f3n y los servicios en el sitio web se proporcionen de forma gratuita, no seremos responsables de ninguna p\u00e9rdida o da\u00f1o de ning\u00fan tipo.<\/span><\/span><\/p>\r\n<p>&nbsp;<\/p>\r\n","protected":false},"excerpt":{"rendered":"<p>&nbsp; \u00a0T\u00e9rminos y condiciones Bienvenido a Ahelth.com Estos t\u00e9rminos y condiciones establecen las reglas y regulaciones para el uso del sitio web ahelth.com, ubicado en ahelth.com. Al acceder a este sitio web asumimos que acepta estos t\u00e9rminos y condiciones. No contin\u00fae usando Ahelth.com si no est\u00e1 de acuerdo con todos los t\u00e9rminos y condiciones establecidos &hellip;<\/p>\n","protected":false},"author":1,"featured_media":0,"parent":0,"menu_order":0,"comment_status":"closed","ping_status":"closed","template":"","meta":{"footnotes":""},"class_list":["post-19790","page","type-page","status-publish","hentry"],"yoast_head":"<!-- This site is optimized with the Yoast SEO plugin v27.4 - https:\/\/yoast.com\/product\/yoast-seo-wordpress\/ -->\n<title>\u00a0T\u00e9rminos y condiciones - the health<\/title>\n<meta name=\"robots\" content=\"index, follow, max-snippet:-1, max-image-preview:large, max-video-preview:-1\" \/>\n<link rel=\"canonical\" href=\"https:\/\/ahelth.com\/es\/terms-and-conditions\/\" \/>\n<meta property=\"og:locale\" content=\"es_ES\" \/>\n<meta property=\"og:type\" content=\"article\" \/>\n<meta property=\"og:title\" content=\"\u00a0T\u00e9rminos y condiciones - the health\" \/>\n<meta property=\"og:description\" content=\"&nbsp; \u00a0T\u00e9rminos y condiciones Bienvenido a Ahelth.com Estos t\u00e9rminos y condiciones establecen las reglas y regulaciones para el uso del sitio web ahelth.com, ubicado en ahelth.com. Al acceder a este sitio web asumimos que acepta estos t\u00e9rminos y condiciones. No contin\u00fae usando Ahelth.com si no est\u00e1 de acuerdo con todos los t\u00e9rminos y condiciones establecidos &hellip;\" \/>\n<meta property=\"og:url\" content=\"https:\/\/ahelth.com\/es\/terms-and-conditions\/\" \/>\n<meta property=\"og:site_name\" content=\"the health\" \/>\n<meta property=\"article:modified_time\" content=\"2022-05-01T00:42:52+00:00\" \/>\n<meta name=\"twitter:card\" content=\"summary_large_image\" \/>\n<meta name=\"twitter:label1\" content=\"Tiempo de lectura\" \/>\n\t<meta name=\"twitter:data1\" content=\"9 minutes\" \/>\n<script type=\"application\/ld+json\" class=\"yoast-schema-graph\">{\"@context\":\"https:\\\/\\\/schema.org\",\"@graph\":[{\"@type\":\"WebPage\",\"@id\":\"https:\\\/\\\/ahelth.com\\\/es\\\/terms-and-conditions\\\/\",\"url\":\"https:\\\/\\\/ahelth.com\\\/es\\\/terms-and-conditions\\\/\",\"name\":\"\u00a0T\u00e9rminos y condiciones - the health\",\"isPartOf\":{\"@id\":\"https:\\\/\\\/ahelth.com\\\/es\\\/#website\"},\"datePublished\":\"2021-11-01T00:15:34+00:00\",\"dateModified\":\"2022-05-01T00:42:52+00:00\",\"breadcrumb\":{\"@id\":\"https:\\\/\\\/ahelth.com\\\/es\\\/terms-and-conditions\\\/#breadcrumb\"},\"inLanguage\":\"es-ES\",\"potentialAction\":[{\"@type\":\"ReadAction\",\"target\":[\"https:\\\/\\\/ahelth.com\\\/es\\\/terms-and-conditions\\\/\"]}]},{\"@type\":\"BreadcrumbList\",\"@id\":\"https:\\\/\\\/ahelth.com\\\/es\\\/terms-and-conditions\\\/#breadcrumb\",\"itemListElement\":[{\"@type\":\"ListItem\",\"position\":1,\"name\":\"Home\",\"item\":\"https:\\\/\\\/ahelth.com\\\/es\\\/\"},{\"@type\":\"ListItem\",\"position\":2,\"name\":\"\u00a0T\u00e9rminos y condiciones\"}]},{\"@type\":\"WebSite\",\"@id\":\"https:\\\/\\\/ahelth.com\\\/es\\\/#website\",\"url\":\"https:\\\/\\\/ahelth.com\\\/es\\\/\",\"name\":\"the health\",\"description\":\"Articles on health\",\"potentialAction\":[{\"@type\":\"SearchAction\",\"target\":{\"@type\":\"EntryPoint\",\"urlTemplate\":\"https:\\\/\\\/ahelth.com\\\/es\\\/?s={search_term_string}\"},\"query-input\":{\"@type\":\"PropertyValueSpecification\",\"valueRequired\":true,\"valueName\":\"search_term_string\"}}],\"inLanguage\":\"es-ES\"}]}<\/script>\n<!-- \/ Yoast SEO plugin. -->","yoast_head_json":{"title":"\u00a0T\u00e9rminos y condiciones - the health","robots":{"index":"index","follow":"follow","max-snippet":"max-snippet:-1","max-image-preview":"max-image-preview:large","max-video-preview":"max-video-preview:-1"},"canonical":"https:\/\/ahelth.com\/es\/terms-and-conditions\/","og_locale":"es_ES","og_type":"article","og_title":"\u00a0T\u00e9rminos y condiciones - the health","og_description":"&nbsp; \u00a0T\u00e9rminos y condiciones Bienvenido a Ahelth.com Estos t\u00e9rminos y condiciones establecen las reglas y regulaciones para el uso del sitio web ahelth.com, ubicado en ahelth.com. Al acceder a este sitio web asumimos que acepta estos t\u00e9rminos y condiciones. No contin\u00fae usando Ahelth.com si no est\u00e1 de acuerdo con todos los t\u00e9rminos y condiciones establecidos &hellip;","og_url":"https:\/\/ahelth.com\/es\/terms-and-conditions\/","og_site_name":"the health","article_modified_time":"2022-05-01T00:42:52+00:00","twitter_card":"summary_large_image","twitter_misc":{"Tiempo de lectura":"9 minutes"},"schema":{"@context":"https:\/\/schema.org","@graph":[{"@type":"WebPage","@id":"https:\/\/ahelth.com\/es\/terms-and-conditions\/","url":"https:\/\/ahelth.com\/es\/terms-and-conditions\/","name":"\u00a0T\u00e9rminos y condiciones - the health","isPartOf":{"@id":"https:\/\/ahelth.com\/es\/#website"},"datePublished":"2021-11-01T00:15:34+00:00","dateModified":"2022-05-01T00:42:52+00:00","breadcrumb":{"@id":"https:\/\/ahelth.com\/es\/terms-and-conditions\/#breadcrumb"},"inLanguage":"es-ES","potentialAction":[{"@type":"ReadAction","target":["https:\/\/ahelth.com\/es\/terms-and-conditions\/"]}]},{"@type":"BreadcrumbList","@id":"https:\/\/ahelth.com\/es\/terms-and-conditions\/#breadcrumb","itemListElement":[{"@type":"ListItem","position":1,"name":"Home","item":"https:\/\/ahelth.com\/es\/"},{"@type":"ListItem","position":2,"name":"\u00a0T\u00e9rminos y condiciones"}]},{"@type":"WebSite","@id":"https:\/\/ahelth.com\/es\/#website","url":"https:\/\/ahelth.com\/es\/","name":"the health","description":"Articles on health","potentialAction":[{"@type":"SearchAction","target":{"@type":"EntryPoint","urlTemplate":"https:\/\/ahelth.com\/es\/?s={search_term_string}"},"query-input":{"@type":"PropertyValueSpecification","valueRequired":true,"valueName":"search_term_string"}}],"inLanguage":"es-ES"}]}},"_links":{"self":[{"href":"https:\/\/ahelth.com\/es\/wp-json\/wp\/v2\/pages\/19790","targetHints":{"allow":["GET"]}}],"collection":[{"href":"https:\/\/ahelth.com\/es\/wp-json\/wp\/v2\/pages"}],"about":[{"href":"https:\/\/ahelth.com\/es\/wp-json\/wp\/v2\/types\/page"}],"author":[{"embeddable":true,"href":"https:\/\/ahelth.com\/es\/wp-json\/wp\/v2\/users\/1"}],"replies":[{"embeddable":true,"href":"https:\/\/ahelth.com\/es\/wp-json\/wp\/v2\/comments?post=19790"}],"version-history":[{"count":0,"href":"https:\/\/ahelth.com\/es\/wp-json\/wp\/v2\/pages\/19790\/revisions"}],"wp:attachment":[{"href":"https:\/\/ahelth.com\/es\/wp-json\/wp\/v2\/media?parent=19790"}],"curies":[{"name":"wp","href":"https:\/\/api.w.org\/{rel}","templated":true}]}}