{"id":19711,"date":"2021-11-01T00:17:28","date_gmt":"2021-11-01T00:17:28","guid":{"rendered":"http:\/\/ahelth.com\/about-us\/"},"modified":"2022-05-01T00:06:29","modified_gmt":"2022-05-01T00:06:29","slug":"about-us","status":"publish","type":"page","link":"https:\/\/ahelth.com\/fr\/about-us\/","title":{"rendered":"\u00e0 propos de nous"},"content":{"rendered":"\r\n<p><span style=\"vertical-align: inherit;\"><span style=\"vertical-align: inherit;\">\u00e0 propos de nous<\/span><\/span><\/p>\r\n\r\n\r\n\r\n<p><span style=\"vertical-align: inherit;\"><span style=\"vertical-align: inherit;\">Le site Web Ahelth.com s&#8217;efforce de fournir des informations fiables dans tous les domaines de la sant\u00e9 aux lecteurs o\u00f9 qu&#8217;ils se trouvent. <\/span><span style=\"vertical-align: inherit;\">Nous croyons au droit de chacun de savoir et d&#8217;acc\u00e9der facilement \u00e0 des informations fiables.<\/span><\/span><\/p>\r\n\r\n\r\n\r\n<p><span style=\"vertical-align: inherit;\"><span style=\"vertical-align: inherit;\">Pour r\u00e9aliser sa mission, Ahelth.com tient \u00e0 gagner et \u00e0 conserver la confiance des utilisateurs en :<\/span><\/span><\/p>\r\n\r\n\r\n\r\n<p><span style=\"vertical-align: inherit;\"><span style=\"vertical-align: inherit;\">Diffusion des informations dans tous les domaines affect\u00e9s aux donn\u00e9es et approuv\u00e9s.<\/span><\/span><\/p>\r\n\r\n\r\n\r\n<p><span style=\"vertical-align: inherit;\"><span style=\"vertical-align: inherit;\">Respecter les droits d&#8217;auteur, la propri\u00e9t\u00e9 intellectuelle, les normes professionnelles et \u00e9thiques.<\/span><\/span><\/p>\r\n\r\n\r\n\r\n<p><span style=\"vertical-align: inherit;\"><span style=\"vertical-align: inherit;\">Respectez la vie priv\u00e9e de nos utilisateurs et ne divulguez aucune information priv\u00e9e partag\u00e9e avec Ahelth.com<\/span><\/span><\/p>\r\n\r\n\r\n\r\n<p><span style=\"vertical-align: inherit;\"><span style=\"vertical-align: inherit;\">Se tenir au courant des derniers d\u00e9veloppements scientifiques et mettre \u00e0 jour notre contenu en cons\u00e9quence.<\/span><\/span><\/p>\r\n\r\n\r\n\r\n<p><span style=\"vertical-align: inherit;\"><span style=\"vertical-align: inherit;\">Ahelth.com est propuls\u00e9 par une \u00e9quipe d&#8217;experts professionnels, de gestionnaires, d&#8217;\u00e9diteurs, de programmeurs, de concepteurs et de sp\u00e9cialistes de la publicit\u00e9, travaillant pour maintenir et am\u00e9liorer continuellement ses performances afin de garantir des produits, du contenu et des services de haute qualit\u00e9.<\/span><\/span><\/p>\r\n\r\n\r\n\r\n<p><span style=\"vertical-align: inherit;\"><span style=\"vertical-align: inherit;\">Avis de non-responsabilit\u00e9\u00a0: Ahelth.com insiste sur l&#8217;importance de rechercher une aide m\u00e9dicale professionnelle avant de commencer tout traitement et en cas de probl\u00e8me m\u00e9dical. <\/span><span style=\"vertical-align: inherit;\">Les informations fournies par Ahelth.com sont \u00e0 des fins \u00e9ducatives et ne doivent pas \u00eatre consid\u00e9r\u00e9es comme un substitut aux avis m\u00e9dicaux et professionnels.<\/span><\/span><\/p>\r\n\r\n\r\n\r\n<p><span style=\"vertical-align: inherit;\"><span style=\"vertical-align: inherit;\">\u00a0Cordialement<\/span><\/span><\/p>\r\n\r\n\r\n\r\n<p><span style=\"vertical-align: inherit;\"><span style=\"vertical-align: inherit;\">Sant\u00e9.com<\/span><\/span><\/p>\r\n","protected":false},"excerpt":{"rendered":"<p>\u00e0 propos de nous Le site Web Ahelth.com s&#8217;efforce de fournir des informations fiables dans tous les domaines de la sant\u00e9 aux lecteurs o\u00f9 qu&#8217;ils se trouvent. Nous croyons au droit de chacun de savoir et d&#8217;acc\u00e9der facilement \u00e0 des informations fiables. Pour r\u00e9aliser sa mission, Ahelth.com tient \u00e0 gagner et \u00e0 conserver la confiance &hellip;<\/p>\n","protected":false},"author":1,"featured_media":0,"parent":0,"menu_order":0,"comment_status":"closed","ping_status":"closed","template":"","meta":{"footnotes":""},"class_list":["post-19711","page","type-page","status-publish","hentry"],"yoast_head":"<!-- This site is optimized with the Yoast SEO plugin v24.0 - https:\/\/yoast.com\/wordpress\/plugins\/seo\/ -->\n<title>\u00e0 propos de nous - the health<\/title>\n<meta name=\"robots\" content=\"index, follow, max-snippet:-1, max-image-preview:large, max-video-preview:-1\" \/>\n<link rel=\"canonical\" href=\"https:\/\/ahelth.com\/fr\/about-us\/\" \/>\n<meta property=\"og:locale\" content=\"fr_FR\" \/>\n<meta property=\"og:type\" content=\"article\" \/>\n<meta property=\"og:title\" content=\"\u00e0 propos de nous - the health\" \/>\n<meta property=\"og:description\" content=\"\u00e0 propos de nous Le site Web Ahelth.com s&#8217;efforce de fournir des informations fiables dans tous les domaines de la sant\u00e9 aux lecteurs o\u00f9 qu&#8217;ils se trouvent. Nous croyons au droit de chacun de savoir et d&#8217;acc\u00e9der facilement \u00e0 des informations fiables. Pour r\u00e9aliser sa mission, Ahelth.com tient \u00e0 gagner et \u00e0 conserver la confiance &hellip;\" \/>\n<meta property=\"og:url\" content=\"https:\/\/ahelth.com\/fr\/about-us\/\" \/>\n<meta property=\"og:site_name\" content=\"the health\" \/>\n<meta property=\"article:modified_time\" content=\"2022-05-01T00:06:29+00:00\" \/>\n<meta name=\"twitter:card\" content=\"summary_large_image\" \/>\n<meta name=\"twitter:label1\" content=\"Dur\u00e9e de lecture estim\u00e9e\" \/>\n\t<meta name=\"twitter:data1\" content=\"1 minute\" \/>\n<script type=\"application\/ld+json\" class=\"yoast-schema-graph\">{\"@context\":\"https:\/\/schema.org\",\"@graph\":[{\"@type\":\"WebPage\",\"@id\":\"https:\/\/ahelth.com\/fr\/about-us\/\",\"url\":\"https:\/\/ahelth.com\/fr\/about-us\/\",\"name\":\"\u00e0 propos de nous - the health\",\"isPartOf\":{\"@id\":\"https:\/\/ahelth.com\/es\/#website\"},\"datePublished\":\"2021-11-01T00:17:28+00:00\",\"dateModified\":\"2022-05-01T00:06:29+00:00\",\"breadcrumb\":{\"@id\":\"https:\/\/ahelth.com\/fr\/about-us\/#breadcrumb\"},\"inLanguage\":\"fr-FR\",\"potentialAction\":[{\"@type\":\"ReadAction\",\"target\":[\"https:\/\/ahelth.com\/fr\/about-us\/\"]}]},{\"@type\":\"BreadcrumbList\",\"@id\":\"https:\/\/ahelth.com\/fr\/about-us\/#breadcrumb\",\"itemListElement\":[{\"@type\":\"ListItem\",\"position\":1,\"name\":\"Home\",\"item\":\"https:\/\/ahelth.com\/fr\/\"},{\"@type\":\"ListItem\",\"position\":2,\"name\":\"\u00e0 propos de nous\"}]},{\"@type\":\"WebSite\",\"@id\":\"https:\/\/ahelth.com\/es\/#website\",\"url\":\"https:\/\/ahelth.com\/es\/\",\"name\":\"the health\",\"description\":\"Articles on health\",\"potentialAction\":[{\"@type\":\"SearchAction\",\"target\":{\"@type\":\"EntryPoint\",\"urlTemplate\":\"https:\/\/ahelth.com\/es\/?s={search_term_string}\"},\"query-input\":{\"@type\":\"PropertyValueSpecification\",\"valueRequired\":true,\"valueName\":\"search_term_string\"}}],\"inLanguage\":\"fr-FR\"}]}<\/script>\n<!-- \/ Yoast SEO plugin. -->","yoast_head_json":{"title":"\u00e0 propos de nous - the health","robots":{"index":"index","follow":"follow","max-snippet":"max-snippet:-1","max-image-preview":"max-image-preview:large","max-video-preview":"max-video-preview:-1"},"canonical":"https:\/\/ahelth.com\/fr\/about-us\/","og_locale":"fr_FR","og_type":"article","og_title":"\u00e0 propos de nous - the health","og_description":"\u00e0 propos de nous Le site Web Ahelth.com s&#8217;efforce de fournir des informations fiables dans tous les domaines de la sant\u00e9 aux lecteurs o\u00f9 qu&#8217;ils se trouvent. Nous croyons au droit de chacun de savoir et d&#8217;acc\u00e9der facilement \u00e0 des informations fiables. Pour r\u00e9aliser sa mission, Ahelth.com tient \u00e0 gagner et \u00e0 conserver la confiance &hellip;","og_url":"https:\/\/ahelth.com\/fr\/about-us\/","og_site_name":"the health","article_modified_time":"2022-05-01T00:06:29+00:00","twitter_card":"summary_large_image","twitter_misc":{"Dur\u00e9e de lecture estim\u00e9e":"1 minute"},"schema":{"@context":"https:\/\/schema.org","@graph":[{"@type":"WebPage","@id":"https:\/\/ahelth.com\/fr\/about-us\/","url":"https:\/\/ahelth.com\/fr\/about-us\/","name":"\u00e0 propos de nous - the health","isPartOf":{"@id":"https:\/\/ahelth.com\/es\/#website"},"datePublished":"2021-11-01T00:17:28+00:00","dateModified":"2022-05-01T00:06:29+00:00","breadcrumb":{"@id":"https:\/\/ahelth.com\/fr\/about-us\/#breadcrumb"},"inLanguage":"fr-FR","potentialAction":[{"@type":"ReadAction","target":["https:\/\/ahelth.com\/fr\/about-us\/"]}]},{"@type":"BreadcrumbList","@id":"https:\/\/ahelth.com\/fr\/about-us\/#breadcrumb","itemListElement":[{"@type":"ListItem","position":1,"name":"Home","item":"https:\/\/ahelth.com\/fr\/"},{"@type":"ListItem","position":2,"name":"\u00e0 propos de nous"}]},{"@type":"WebSite","@id":"https:\/\/ahelth.com\/es\/#website","url":"https:\/\/ahelth.com\/es\/","name":"the health","description":"Articles on health","potentialAction":[{"@type":"SearchAction","target":{"@type":"EntryPoint","urlTemplate":"https:\/\/ahelth.com\/es\/?s={search_term_string}"},"query-input":{"@type":"PropertyValueSpecification","valueRequired":true,"valueName":"search_term_string"}}],"inLanguage":"fr-FR"}]}},"_links":{"self":[{"href":"https:\/\/ahelth.com\/fr\/wp-json\/wp\/v2\/pages\/19711","targetHints":{"allow":["GET"]}}],"collection":[{"href":"https:\/\/ahelth.com\/fr\/wp-json\/wp\/v2\/pages"}],"about":[{"href":"https:\/\/ahelth.com\/fr\/wp-json\/wp\/v2\/types\/page"}],"author":[{"embeddable":true,"href":"https:\/\/ahelth.com\/fr\/wp-json\/wp\/v2\/users\/1"}],"replies":[{"embeddable":true,"href":"https:\/\/ahelth.com\/fr\/wp-json\/wp\/v2\/comments?post=19711"}],"version-history":[{"count":0,"href":"https:\/\/ahelth.com\/fr\/wp-json\/wp\/v2\/pages\/19711\/revisions"}],"wp:attachment":[{"href":"https:\/\/ahelth.com\/fr\/wp-json\/wp\/v2\/media?parent=19711"}],"curies":[{"name":"wp","href":"https:\/\/api.w.org\/{rel}","templated":true}]}}