{"id":19744,"date":"2021-10-31T23:44:38","date_gmt":"2021-10-31T23:44:38","guid":{"rendered":"http:\/\/ahelth.com\/privacy-policy\/"},"modified":"2022-05-01T00:24:08","modified_gmt":"2022-05-01T00:24:08","slug":"privacy-policy","status":"publish","type":"page","link":"https:\/\/ahelth.com\/fr\/privacy-policy\/","title":{"rendered":"Politique de confidentialit\u00e9"},"content":{"rendered":"<p><strong><span style=\"vertical-align: inherit;\"><span style=\"vertical-align: inherit;\">Politique de confidentialit\u00e9<\/span><\/span><\/strong><\/p>\n<p><strong><span style=\"vertical-align: inherit;\"><span style=\"vertical-align: inherit;\">Cher visiteur,<\/span><\/span><\/strong><\/p>\n<p><span style=\"vertical-align: inherit;\"><span style=\"vertical-align: inherit;\">Votre vie priv\u00e9e, visiteur, est extr\u00eamement importante pour nous, et la politique de confidentialit\u00e9 de ce document d\u00e9crit les types d&#8217;informations personnelles\u00a0 collect\u00e9es par <\/span><\/span><strong><span style=\"vertical-align: inherit;\"><span style=\"vertical-align: inherit;\">\u00a0\u00a0ahelth<\/span><\/span><\/strong><a href=\"https:\/\/1ajaeb.com\/\">\u00a0<\/a><span style=\"vertical-align: inherit;\"><span style=\"vertical-align: inherit;\"> blog et la mani\u00e8re dont ces informations sont utilis\u00e9es.<\/span><\/span><\/p>\n<p><span style=\"vertical-align: inherit;\"><span style=\"vertical-align: inherit;\">Nous utilisons des soci\u00e9t\u00e9s de publicit\u00e9 tierces pour afficher des publicit\u00e9s, et lorsque vous visitez\u00a0 <\/span><\/span><strong><span style=\"vertical-align: inherit;\"><span style=\"vertical-align: inherit;\">\u00a0le blog ahelth<\/span><\/span><\/strong><span style=\"vertical-align: inherit;\"><span style=\"vertical-align: inherit;\"> \u00a0\u00a0, ces soci\u00e9t\u00e9s ont le droit d&#8217;utiliser des informations sur vos visites sur ce blog (\u00e0 l&#8217;exception du nom, de l&#8217;adresse, de l&#8217;adresse e-mail ou du num\u00e9ro de t\u00e9l\u00e9phone) afin de fournir des publicit\u00e9s sur les biens et services qui vous int\u00e9ressent via\u00a0 <\/span><\/span><a href=\"https:\/\/www.doubleclickbygoogle.com\/\"><span style=\"vertical-align: inherit;\"><span style=\"vertical-align: inherit;\">un fichier cookie<\/span><\/span><\/a><span style=\"vertical-align: inherit;\"><span style=\"vertical-align: inherit;\"> .<\/span><\/span><\/p>\n<p>&nbsp;<\/p>\n<p><span style=\"vertical-align: inherit;\"><span style=\"vertical-align: inherit;\">Chez\u00a0 <\/span><\/span><strong><span style=\"vertical-align: inherit;\"><span style=\"vertical-align: inherit;\">\u00a0ahelth<\/span><\/span><\/strong><span style=\"vertical-align: inherit;\"><span style=\"vertical-align: inherit;\"> , nous \u00a0\u00a0utilisons les publicit\u00e9s Google comme ressource financi\u00e8re externe, donc Google utilise des\u00a0 <\/span><\/span><a href=\"https:\/\/www.doubleclickbygoogle.com\/\"><span style=\"vertical-align: inherit;\"><span style=\"vertical-align: inherit;\">cookies<\/span><\/span><\/a><span style=\"vertical-align: inherit;\"><span style=\"vertical-align: inherit;\"> \u00a0pour afficher des publicit\u00e9s sur notre site.<\/span><\/span><\/p>\n<p>&nbsp;<\/p>\n<p><span style=\"vertical-align: inherit;\"><span style=\"vertical-align: inherit;\">Cela permettra \u00e0\u00a0 <\/span><\/span><strong><span style=\"vertical-align: inherit;\"><span style=\"vertical-align: inherit;\">Google<\/span><\/span><\/strong><span style=\"vertical-align: inherit;\"><span style=\"vertical-align: inherit;\"> \u00a0, en utilisant le\u00a0 <\/span><\/span><strong><span style=\"vertical-align: inherit;\"><span style=\"vertical-align: inherit;\">cookie DART<\/span><\/span><\/strong><span style=\"vertical-align: inherit;\"><span style=\"vertical-align: inherit;\"> \u00a0, de diffuser des annonces &#8220;bas\u00e9es sur les int\u00e9r\u00eats&#8221; aux utilisateurs en fonction de leurs visites sur notre site.<\/span><\/span><\/p>\n<p>&nbsp;<\/p>\n<p><span style=\"vertical-align: inherit;\"><span style=\"vertical-align: inherit;\">Nos pr\u00e9cieux visiteurs peuvent d\u00e9sactiver l&#8217;utilisation du\u00a0 <\/span><\/span><strong><span style=\"vertical-align: inherit;\"><span style=\"vertical-align: inherit;\">cookie DART<\/span><\/span><\/strong><span style=\"vertical-align: inherit;\"><span style=\"vertical-align: inherit;\"> en \u00a0consultant\u00a0 la politique de confidentialit\u00e9 des <\/span><\/span><a href=\"https:\/\/www.google.com\/policies\/technologies\/ads\/\"><span style=\"vertical-align: inherit;\"><span style=\"vertical-align: inherit;\">annonces\u00a0 <\/span><\/span><strong><span style=\"vertical-align: inherit;\"><span style=\"vertical-align: inherit;\">Google<\/span><\/span><\/strong><span style=\"vertical-align: inherit;\"><span style=\"vertical-align: inherit;\"> \u00a0et du r\u00e9seau de contenu<\/span><\/span><\/a><span style=\"vertical-align: inherit;\"><span style=\"vertical-align: inherit;\"> .<\/span><\/span><\/p>\n<p>&nbsp;<\/p>\n<p><strong><span style=\"vertical-align: inherit;\"><span style=\"vertical-align: inherit;\">Fichiers journaux<\/span><\/span><\/strong><strong><span style=\"vertical-align: inherit;\"><span style=\"vertical-align: inherit;\">\u00a0:<\/span><\/span><\/strong><\/p>\n<p><span style=\"vertical-align: inherit;\"><span style=\"vertical-align: inherit;\">Comme la plupart des autres serveurs de site, le\u00a0 site Web <\/span><\/span><strong><span style=\"vertical-align: inherit;\"><span style=\"vertical-align: inherit;\">\u00a0ahelth<\/span><\/span><\/strong><span style=\"vertical-align: inherit;\"><span style=\"vertical-align: inherit;\"> \u00a0\u00a0utilise donc le syst\u00e8me de fichiers journaux, et cela inclut le protocole Internet (adresses, type de navigateur, fournisseur d&#8217;acc\u00e8s Internet &#8220;Fournisseurs d&#8217;acc\u00e8s Internet&#8221;, date \/ heure et nombre de clics pour analyser les tendances).<\/span><\/span><\/p>\n<p>&nbsp;<\/p>\n<p><span style=\"vertical-align: inherit;\"><span style=\"vertical-align: inherit;\">Par ce processus, il ne s&#8217;agit pas de collecter toutes ces informations dans le but d&#8217;\u00e9couter les affaires personnelles des visiteurs, mais plut\u00f4t de proc\u00e9der \u00e0 des analyses dans le but d&#8217;am\u00e9liorer la qualit\u00e9 des annonces de\u00a0 <\/span><\/span><strong><span style=\"vertical-align: inherit;\"><span style=\"vertical-align: inherit;\">Google<\/span><\/span><\/strong><span style=\"vertical-align: inherit;\"><span style=\"vertical-align: inherit;\"> \u00a0, et en plus de cela, toutes ces informations enregistr\u00e9es par nos soins sont totalement confidentielles, et restent dans le cadre d&#8217;un d\u00e9veloppement et d&#8217;une am\u00e9lioration priv\u00e9s.Notre site uniquement.<\/span><\/span><\/p>\n<p>&nbsp;<\/p>\n<p><strong><span style=\"vertical-align: inherit;\"><span style=\"vertical-align: inherit;\">Cookies et param\u00e8tres r\u00e9seau <\/span><\/span><\/strong><strong><span style=\"vertical-align: inherit;\"><span style=\"vertical-align: inherit;\">:<\/span><\/span><\/strong><\/p>\n<p><span style=\"vertical-align: inherit;\"><span style=\"vertical-align: inherit;\">Google\u00a0 <\/span><span style=\"vertical-align: inherit;\">\u00a0utilise des cookies pour stocker des informations sur les int\u00e9r\u00eats des visiteurs, ainsi qu&#8217;un enregistrement d&#8217;utilisateur sp\u00e9cial dans lequel des informations sp\u00e9cifiques sur les pages qui ont \u00e9t\u00e9 consult\u00e9es ou visit\u00e9es, et avec cette \u00e9tape, nous connaissons l&#8217;\u00e9tendue des int\u00e9r\u00eats des visiteurs et quels sujets sont les plus pr\u00e9f\u00e9r\u00e9s par eux afin que nous puissions \u00e0 notre tour d\u00e9velopper nos <\/span><\/span><strong><span style=\"vertical-align: inherit;\"><span style=\"vertical-align: inherit;\">contenus<\/span><\/span><\/strong><\/p>\n<p>&nbsp;<\/p>\n<p><span style=\"vertical-align: inherit;\"><span style=\"vertical-align: inherit;\">Nous ajoutons \u00e0 cela que certaines soci\u00e9t\u00e9s qui font de la publicit\u00e9 sur\u00a0 <\/span><\/span><strong><span style=\"vertical-align: inherit;\"><span style=\"vertical-align: inherit;\">\u00a0ahelth<\/span><\/span><\/strong><span style=\"vertical-align: inherit;\"><span style=\"vertical-align: inherit;\"> \u00a0peuvent consulter les cookies et les param\u00e8tres r\u00e9seau pour notre site et pour vous, et ces soci\u00e9t\u00e9s, par exemple,\u00a0 <\/span><\/span><strong><span style=\"vertical-align: inherit;\"><span style=\"vertical-align: inherit;\">Google<\/span><\/span><\/strong><span style=\"vertical-align: inherit;\"><span style=\"vertical-align: inherit;\"> \u00a0et son programme publicitaire\u00a0 <\/span><\/span><a href=\"https:\/\/accounts.google.com\/ServiceLogin?service=adsense&amp;rm=hide&amp;nui=15&amp;alwf=true&amp;ltmpl=adsense&amp;passive=true&amp;continue=https:\/\/www.google.com\/adsense\/gaiaauth2?hl%3Den_US%26subid%3Dww-en_US-et-ads%26sourceid%3Daso%26medium%3Dlink&amp;followup=https:\/\/www.google.com\/adsense\/gaiaauth2?hl%3Den_US%26subid%3Dww-en_US-et-ads%26sourceid%3Daso%26medium%3Dlink&amp;hl=en_US#identifier\"><strong><span style=\"vertical-align: inherit;\"><span style=\"vertical-align: inherit;\">Google AdSense<\/span><\/span><\/strong><\/a><span style=\"vertical-align: inherit;\"><span style=\"vertical-align: inherit;\"> \u00a0, qui est la premi\u00e8re soci\u00e9t\u00e9 de publicit\u00e9 sur notre site.<\/span><\/span><\/p>\n<p>&nbsp;<\/p>\n<p><span style=\"vertical-align: inherit;\"><span style=\"vertical-align: inherit;\">Bien entendu, ces annonceurs, qui sont consid\u00e9r\u00e9s comme des tiers dans la politique de confidentialit\u00e9, suivent ces donn\u00e9es et statistiques via des protocoles Internet dans le but d&#8217;am\u00e9liorer la qualit\u00e9 de leurs publicit\u00e9s et de mesurer leur efficacit\u00e9.<\/span><\/span><\/p>\n<p>&nbsp;<\/p>\n<p><span style=\"vertical-align: inherit;\"><span style=\"vertical-align: inherit;\">En outre, ces soci\u00e9t\u00e9s, en vertu des accords conclus avec nous, sont autoris\u00e9es \u00e0 utiliser des moyens techniques (tels que des cookies, des param\u00e8tres de r\u00e9seau et des codes de programmation sp\u00e9ciaux \u00ab\u00a0JavaScript\u00a0\u00bb) aux m\u00eames fins que celles mentionn\u00e9es ci-dessus, qui sont de d\u00e9velopper le contenu publicitaire de ces entreprises et mesurer l&#8217;efficacit\u00e9 de ces publicit\u00e9s, sans autres objectifs pouvant nuire d&#8217;une mani\u00e8re ou d&#8217;une autre aux visiteurs de notre site.<\/span><\/span><\/p>\n<p>&nbsp;<\/p>\n<p><span style=\"vertical-align: inherit;\"><span style=\"vertical-align: inherit;\">Bien s\u00fbr,\u00a0 le site Web <\/span><\/span><strong><span style=\"vertical-align: inherit;\"><span style=\"vertical-align: inherit;\">ahelth<\/span><\/span><\/strong><span style=\"vertical-align: inherit;\"><span style=\"vertical-align: inherit;\"> \u00a0ne peut pas acc\u00e9der ou contr\u00f4ler ces fichiers, m\u00eame apr\u00e8s que vous les ayez autoris\u00e9s et activ\u00e9s pour les retirer de votre appareil (cookies), et nous ne sommes en aucun cas responsables de l&#8217;utilisation ill\u00e9gale de ceux-ci s&#8217;ils se produisent, Dieu nous en pr\u00e9serve.<\/span><\/span><\/p>\n<p>&nbsp;<\/p>\n<p><span style=\"vertical-align: inherit;\"><span style=\"vertical-align: inherit;\">Vous devriez consulter la politique de confidentialit\u00e9 du tiers dans ce document (des annonceurs tels que\u00a0 <\/span><\/span><a href=\"https:\/\/accounts.google.com\/ServiceLogin?service=adsense&amp;rm=hide&amp;nui=15&amp;alwf=true&amp;ltmpl=adsense&amp;passive=true&amp;continue=https:\/\/www.google.com\/adsense\/gaiaauth2?hl%3Den_US%26subid%3Dww-en_US-et-ads%26sourceid%3Daso%26medium%3Dlink&amp;followup=https:\/\/www.google.com\/adsense\/gaiaauth2?hl%3Den_US%26subid%3Dww-en_US-et-ads%26sourceid%3Daso%26medium%3Dlink&amp;hl=en_US#identifier\"><strong><span style=\"vertical-align: inherit;\"><span style=\"vertical-align: inherit;\">Google AdSense<\/span><\/span><\/strong><\/a><span style=\"vertical-align: inherit;\"><span style=\"vertical-align: inherit;\"> \u00a0) ou des serveurs de r\u00e9seaux publicitaires pour plus d&#8217;informations sur leurs diverses pratiques et activit\u00e9s.<\/span><\/span><\/p>\n<p>&nbsp;<\/p>\n<p><span style=\"vertical-align: inherit;\"><span style=\"vertical-align: inherit;\">Pour consulter la politique de confidentialit\u00e9 du programme de publicit\u00e9 <\/span><a href=\"https:\/\/accounts.google.com\/ServiceLogin?service=adsense&amp;rm=hide&amp;nui=15&amp;alwf=true&amp;ltmpl=adsense&amp;passive=true&amp;continue=https:\/\/www.google.com\/adsense\/gaiaauth2?hl%3Den_US%26subid%3Dww-en_US-et-ads%26sourceid%3Daso%26medium%3Dlink&amp;followup=https:\/\/www.google.com\/adsense\/gaiaauth2?hl%3Den_US%26subid%3Dww-en_US-et-ads%26sourceid%3Daso%26medium%3Dlink&amp;hl=en_US#identifier\"><strong><span style=\"vertical-align: inherit;\">Google AdSense<\/span><\/strong><\/a><span style=\"vertical-align: inherit;\"> \u00a0de\u00a0 <\/span><strong><span style=\"vertical-align: inherit;\">Google\u00a0<\/span><\/strong><span style=\"vertical-align: inherit;\"> , veuillez cliquer\u00a0 <\/span><a href=\"https:\/\/www.google.com\/policies\/technologies\/ads\/\"><span style=\"vertical-align: inherit;\">ici<\/span><\/a><\/span><strong>\u00a0<\/strong><\/p>\n<p>&nbsp;<\/p>\n<p><span style=\"vertical-align: inherit;\"><span style=\"vertical-align: inherit;\">Les donn\u00e9es peuvent \u00eatre collect\u00e9es pour le remarketing sur le R\u00e9seau Display et le R\u00e9seau de Recherche via la politique des annonces qui cible les centres d&#8217;int\u00e9r\u00eat et les emplacements des visiteurs, et cette fonctionnalit\u00e9 peut \u00eatre d\u00e9sactiv\u00e9e \u00e0 partir d&#8217;\u00a0 <\/span><\/span><a href=\"https:\/\/tools.google.com\/dlpage\/gaoptout\/?hl=ar\"><span style=\"vertical-align: inherit;\"><span style=\"vertical-align: inherit;\">ici<\/span><\/span><\/a><span style=\"vertical-align: inherit;\"><span style=\"vertical-align: inherit;\"> .<\/span><\/span><\/p>\n<p>&nbsp;<\/p>\n<p><span style=\"vertical-align: inherit;\"><span style=\"vertical-align: inherit;\">Enfin, nous sommes tenus par les termes de cet accord de vous montrer comment d\u00e9sactiver la fonction de cookie, o\u00f9 vous pouvez le faire via les options de votre navigateur ou en suivant \u00a0 <\/span><\/span><a href=\"https:\/\/www.google.com\/policies\/technologies\/ads\/\"><span style=\"vertical-align: inherit;\"><span style=\"vertical-align: inherit;\">la politique de confidentialit\u00e9 des\u00a0 annonces <\/span><\/span><strong><span style=\"vertical-align: inherit;\"><span style=\"vertical-align: inherit;\">Google<\/span><\/span><\/strong><span style=\"vertical-align: inherit;\"><span style=\"vertical-align: inherit;\"> \u00a0et du r\u00e9seau de contenu<\/span><\/span><\/a><span style=\"vertical-align: inherit;\"><span style=\"vertical-align: inherit;\"> \u00a0.<\/span><\/span><\/p>\n<p>&nbsp;<\/p>\n<p><span style=\"vertical-align: inherit;\"><span style=\"vertical-align: inherit;\">Si vous avez besoin de plus d&#8217;informations ou avez des questions sur la politique de confidentialit\u00e9, n&#8217;h\u00e9sitez pas \u00e0 nous contacter via le formulaire de contact, en entrant dans l&#8217;\u00a0 onglet <\/span><\/span><strong><span style=\"vertical-align: inherit;\"><span style=\"vertical-align: inherit;\">Contactez-nous<\/span><\/span><\/strong><span style=\"vertical-align: inherit;\"><span style=\"vertical-align: inherit;\"> .<\/span><\/span><\/p>\n<p>&nbsp;<\/p>\n<p><span style=\"vertical-align: inherit;\"><span style=\"vertical-align: inherit;\">Les termes de cette politique sont sujets \u00e0 d\u00e9veloppement et modification de leur contenu \u00e0 tout moment que nous jugeons n\u00e9cessaire.<\/span><\/span><\/p>\n<p>&nbsp;<\/p>\n","protected":false},"excerpt":{"rendered":"<p>Politique de confidentialit\u00e9 Cher visiteur, Votre vie priv\u00e9e, visiteur, est extr\u00eamement importante pour nous, et la politique de confidentialit\u00e9 de ce document d\u00e9crit les types d&#8217;informations personnelles\u00a0 collect\u00e9es par \u00a0\u00a0ahelth\u00a0 blog et la mani\u00e8re dont ces informations sont utilis\u00e9es. Nous utilisons des soci\u00e9t\u00e9s de publicit\u00e9 tierces pour afficher des publicit\u00e9s, et lorsque vous visitez\u00a0 \u00a0le &hellip;<\/p>\n","protected":false},"author":1,"featured_media":0,"parent":0,"menu_order":0,"comment_status":"closed","ping_status":"open","template":"","meta":{"footnotes":""},"class_list":["post-19744","page","type-page","status-publish","hentry"],"yoast_head":"<!-- This site is optimized with the Yoast SEO plugin v24.0 - https:\/\/yoast.com\/wordpress\/plugins\/seo\/ -->\n<title>Politique de confidentialit\u00e9 - the health<\/title>\n<meta name=\"robots\" content=\"index, follow, max-snippet:-1, max-image-preview:large, max-video-preview:-1\" \/>\n<link rel=\"canonical\" href=\"https:\/\/ahelth.com\/fr\/privacy-policy\/\" \/>\n<meta property=\"og:locale\" content=\"fr_FR\" \/>\n<meta property=\"og:type\" content=\"article\" \/>\n<meta property=\"og:title\" content=\"Politique de confidentialit\u00e9 - the health\" \/>\n<meta property=\"og:description\" content=\"Politique de confidentialit\u00e9 Cher visiteur, Votre vie priv\u00e9e, visiteur, est extr\u00eamement importante pour nous, et la politique de confidentialit\u00e9 de ce document d\u00e9crit les types d&#8217;informations personnelles\u00a0 collect\u00e9es par \u00a0\u00a0ahelth\u00a0 blog et la mani\u00e8re dont ces informations sont utilis\u00e9es. Nous utilisons des soci\u00e9t\u00e9s de publicit\u00e9 tierces pour afficher des publicit\u00e9s, et lorsque vous visitez\u00a0 \u00a0le &hellip;\" \/>\n<meta property=\"og:url\" content=\"https:\/\/ahelth.com\/fr\/privacy-policy\/\" \/>\n<meta property=\"og:site_name\" content=\"the health\" \/>\n<meta property=\"article:modified_time\" content=\"2022-05-01T00:24:08+00:00\" \/>\n<meta name=\"twitter:card\" content=\"summary_large_image\" \/>\n<meta name=\"twitter:label1\" content=\"Dur\u00e9e de lecture estim\u00e9e\" \/>\n\t<meta name=\"twitter:data1\" content=\"4 minutes\" \/>\n<script type=\"application\/ld+json\" class=\"yoast-schema-graph\">{\"@context\":\"https:\/\/schema.org\",\"@graph\":[{\"@type\":\"WebPage\",\"@id\":\"https:\/\/ahelth.com\/fr\/privacy-policy\/\",\"url\":\"https:\/\/ahelth.com\/fr\/privacy-policy\/\",\"name\":\"Politique de confidentialit\u00e9 - the health\",\"isPartOf\":{\"@id\":\"https:\/\/ahelth.com\/es\/#website\"},\"datePublished\":\"2021-10-31T23:44:38+00:00\",\"dateModified\":\"2022-05-01T00:24:08+00:00\",\"breadcrumb\":{\"@id\":\"https:\/\/ahelth.com\/fr\/privacy-policy\/#breadcrumb\"},\"inLanguage\":\"fr-FR\",\"potentialAction\":[{\"@type\":\"ReadAction\",\"target\":[\"https:\/\/ahelth.com\/fr\/privacy-policy\/\"]}]},{\"@type\":\"BreadcrumbList\",\"@id\":\"https:\/\/ahelth.com\/fr\/privacy-policy\/#breadcrumb\",\"itemListElement\":[{\"@type\":\"ListItem\",\"position\":1,\"name\":\"Home\",\"item\":\"https:\/\/ahelth.com\/fr\/\"},{\"@type\":\"ListItem\",\"position\":2,\"name\":\"Politique de confidentialit\u00e9\"}]},{\"@type\":\"WebSite\",\"@id\":\"https:\/\/ahelth.com\/es\/#website\",\"url\":\"https:\/\/ahelth.com\/es\/\",\"name\":\"the health\",\"description\":\"Articles on health\",\"potentialAction\":[{\"@type\":\"SearchAction\",\"target\":{\"@type\":\"EntryPoint\",\"urlTemplate\":\"https:\/\/ahelth.com\/es\/?s={search_term_string}\"},\"query-input\":{\"@type\":\"PropertyValueSpecification\",\"valueRequired\":true,\"valueName\":\"search_term_string\"}}],\"inLanguage\":\"fr-FR\"}]}<\/script>\n<!-- \/ Yoast SEO plugin. -->","yoast_head_json":{"title":"Politique de confidentialit\u00e9 - the health","robots":{"index":"index","follow":"follow","max-snippet":"max-snippet:-1","max-image-preview":"max-image-preview:large","max-video-preview":"max-video-preview:-1"},"canonical":"https:\/\/ahelth.com\/fr\/privacy-policy\/","og_locale":"fr_FR","og_type":"article","og_title":"Politique de confidentialit\u00e9 - the health","og_description":"Politique de confidentialit\u00e9 Cher visiteur, Votre vie priv\u00e9e, visiteur, est extr\u00eamement importante pour nous, et la politique de confidentialit\u00e9 de ce document d\u00e9crit les types d&#8217;informations personnelles\u00a0 collect\u00e9es par \u00a0\u00a0ahelth\u00a0 blog et la mani\u00e8re dont ces informations sont utilis\u00e9es. Nous utilisons des soci\u00e9t\u00e9s de publicit\u00e9 tierces pour afficher des publicit\u00e9s, et lorsque vous visitez\u00a0 \u00a0le &hellip;","og_url":"https:\/\/ahelth.com\/fr\/privacy-policy\/","og_site_name":"the health","article_modified_time":"2022-05-01T00:24:08+00:00","twitter_card":"summary_large_image","twitter_misc":{"Dur\u00e9e de lecture estim\u00e9e":"4 minutes"},"schema":{"@context":"https:\/\/schema.org","@graph":[{"@type":"WebPage","@id":"https:\/\/ahelth.com\/fr\/privacy-policy\/","url":"https:\/\/ahelth.com\/fr\/privacy-policy\/","name":"Politique de confidentialit\u00e9 - the health","isPartOf":{"@id":"https:\/\/ahelth.com\/es\/#website"},"datePublished":"2021-10-31T23:44:38+00:00","dateModified":"2022-05-01T00:24:08+00:00","breadcrumb":{"@id":"https:\/\/ahelth.com\/fr\/privacy-policy\/#breadcrumb"},"inLanguage":"fr-FR","potentialAction":[{"@type":"ReadAction","target":["https:\/\/ahelth.com\/fr\/privacy-policy\/"]}]},{"@type":"BreadcrumbList","@id":"https:\/\/ahelth.com\/fr\/privacy-policy\/#breadcrumb","itemListElement":[{"@type":"ListItem","position":1,"name":"Home","item":"https:\/\/ahelth.com\/fr\/"},{"@type":"ListItem","position":2,"name":"Politique de confidentialit\u00e9"}]},{"@type":"WebSite","@id":"https:\/\/ahelth.com\/es\/#website","url":"https:\/\/ahelth.com\/es\/","name":"the health","description":"Articles on health","potentialAction":[{"@type":"SearchAction","target":{"@type":"EntryPoint","urlTemplate":"https:\/\/ahelth.com\/es\/?s={search_term_string}"},"query-input":{"@type":"PropertyValueSpecification","valueRequired":true,"valueName":"search_term_string"}}],"inLanguage":"fr-FR"}]}},"_links":{"self":[{"href":"https:\/\/ahelth.com\/fr\/wp-json\/wp\/v2\/pages\/19744","targetHints":{"allow":["GET"]}}],"collection":[{"href":"https:\/\/ahelth.com\/fr\/wp-json\/wp\/v2\/pages"}],"about":[{"href":"https:\/\/ahelth.com\/fr\/wp-json\/wp\/v2\/types\/page"}],"author":[{"embeddable":true,"href":"https:\/\/ahelth.com\/fr\/wp-json\/wp\/v2\/users\/1"}],"replies":[{"embeddable":true,"href":"https:\/\/ahelth.com\/fr\/wp-json\/wp\/v2\/comments?post=19744"}],"version-history":[{"count":0,"href":"https:\/\/ahelth.com\/fr\/wp-json\/wp\/v2\/pages\/19744\/revisions"}],"wp:attachment":[{"href":"https:\/\/ahelth.com\/fr\/wp-json\/wp\/v2\/media?parent=19744"}],"curies":[{"name":"wp","href":"https:\/\/api.w.org\/{rel}","templated":true}]}}