{"id":19747,"date":"2021-10-31T23:44:38","date_gmt":"2021-10-31T23:44:38","guid":{"rendered":"http:\/\/ahelth.com\/privacy-policy\/"},"modified":"2022-05-01T00:25:13","modified_gmt":"2022-05-01T00:25:13","slug":"privacy-policy","status":"publish","type":"page","link":"https:\/\/ahelth.com\/it\/privacy-policy\/","title":{"rendered":"politica sulla riservatezza"},"content":{"rendered":"<p><strong><span style=\"vertical-align: inherit;\"><span style=\"vertical-align: inherit;\">politica sulla riservatezza<\/span><\/span><\/strong><\/p>\n<p><strong><span style=\"vertical-align: inherit;\"><span style=\"vertical-align: inherit;\">Gentile visitatore,<\/span><\/span><\/strong><\/p>\n<p><span style=\"vertical-align: inherit;\"><span style=\"vertical-align: inherit;\">La tua privacy, visitatore, \u00e8 estremamente importante per noi e l&#8217;informativa sulla privacy in questo documento delinea i tipi di informazioni personali raccolte da\u00a0 <\/span><\/span><strong><span style=\"vertical-align: inherit;\"><span style=\"vertical-align: inherit;\">\u00a0\u00a0ahelth<\/span><\/span><\/strong><a href=\"https:\/\/1ajaeb.com\/\">\u00a0<\/a><span style=\"vertical-align: inherit;\"><span style=\"vertical-align: inherit;\"> blog e come queste informazioni vengono utilizzate.<\/span><\/span><\/p>\n<p><span style=\"vertical-align: inherit;\"><span style=\"vertical-align: inherit;\">Utilizziamo societ\u00e0 pubblicitarie di terze parti per visualizzare annunci e quando visiti\u00a0 <\/span><\/span><strong><span style=\"vertical-align: inherit;\"><span style=\"vertical-align: inherit;\">\u00a0il \u200b\u200bblog ahelth<\/span><\/span><\/strong><span style=\"vertical-align: inherit;\"><span style=\"vertical-align: inherit;\"> \u00a0\u00a0, queste societ\u00e0 hanno il diritto di utilizzare le informazioni sulle tue visite a questo blog (ad eccezione del nome, indirizzo, indirizzo e-mail o numero di telefono) al fine di fornire pubblicit\u00e0 su beni e servizi che ti interessano tramite\u00a0 <\/span><\/span><a href=\"https:\/\/www.doubleclickbygoogle.com\/\"><span style=\"vertical-align: inherit;\"><span style=\"vertical-align: inherit;\">file cookie<\/span><\/span><\/a><span style=\"vertical-align: inherit;\"><span style=\"vertical-align: inherit;\"> .<\/span><\/span><\/p>\n<p>&nbsp;<\/p>\n<p><span style=\"vertical-align: inherit;\"><span style=\"vertical-align: inherit;\">Noi di\u00a0 <\/span><\/span><strong><span style=\"vertical-align: inherit;\"><span style=\"vertical-align: inherit;\">\u00a0ahelth<\/span><\/span><\/strong><span style=\"vertical-align: inherit;\"><span style=\"vertical-align: inherit;\"> \u00a0\u00a0utilizziamo gli annunci di Google come risorsa finanziaria esterna, quindi Google utilizza\u00a0 <\/span><\/span><a href=\"https:\/\/www.doubleclickbygoogle.com\/\"><span style=\"vertical-align: inherit;\"><span style=\"vertical-align: inherit;\">i cookie<\/span><\/span><\/a><span style=\"vertical-align: inherit;\"><span style=\"vertical-align: inherit;\"> \u00a0per visualizzare annunci sul nostro sito.<\/span><\/span><\/p>\n<p>&nbsp;<\/p>\n<p><span style=\"vertical-align: inherit;\"><span style=\"vertical-align: inherit;\">Ci\u00f2 consentir\u00e0 a\u00a0 <\/span><\/span><strong><span style=\"vertical-align: inherit;\"><span style=\"vertical-align: inherit;\">Google<\/span><\/span><\/strong><span style=\"vertical-align: inherit;\"><span style=\"vertical-align: inherit;\"> \u00a0, utilizzando il\u00a0 <\/span><\/span><strong><span style=\"vertical-align: inherit;\"><span style=\"vertical-align: inherit;\">cookie DART<\/span><\/span><\/strong><span style=\"vertical-align: inherit;\"><span style=\"vertical-align: inherit;\"> \u00a0, di pubblicare annunci &#8220;basati sugli interessi&#8221; agli utenti in base alle loro visite al nostro sito.<\/span><\/span><\/p>\n<p>&nbsp;<\/p>\n<p><span style=\"vertical-align: inherit;\"><span style=\"vertical-align: inherit;\">I nostri stimati visitatori possono disabilitare l&#8217;uso del\u00a0 <\/span><\/span><strong><span style=\"vertical-align: inherit;\"><span style=\"vertical-align: inherit;\">cookie DART<\/span><\/span><\/strong><span style=\"vertical-align: inherit;\"><span style=\"vertical-align: inherit;\"> \u00a0visitando\u00a0 l&#8217;informativa sulla privacy di <\/span><a href=\"https:\/\/www.google.com\/policies\/technologies\/ads\/\"><strong><span style=\"vertical-align: inherit;\">Google<\/span><\/strong><\/a><\/span><a href=\"https:\/\/www.google.com\/policies\/technologies\/ads\/\"><span style=\"vertical-align: inherit;\"><span style=\"vertical-align: inherit;\"> Ads\u00a0 <\/span><span style=\"vertical-align: inherit;\">\u00a0e della rete di contenuti<\/span><\/span><\/a><span style=\"vertical-align: inherit;\"><span style=\"vertical-align: inherit;\"> .<\/span><\/span><\/p>\n<p>&nbsp;<\/p>\n<p><strong><span style=\"vertical-align: inherit;\"><span style=\"vertical-align: inherit;\">File di registro <\/span><\/span><\/strong><strong><span style=\"vertical-align: inherit;\"><span style=\"vertical-align: inherit;\">:<\/span><\/span><\/strong><\/p>\n<p><span style=\"vertical-align: inherit;\"><span style=\"vertical-align: inherit;\">Come la maggior parte degli altri server del sito, quindi il\u00a0 sito Web di <\/span><\/span><strong><span style=\"vertical-align: inherit;\"><span style=\"vertical-align: inherit;\">\u00a0ahelth<\/span><\/span><\/strong><span style=\"vertical-align: inherit;\"><span style=\"vertical-align: inherit;\"> \u00a0\u00a0utilizza il file system di log, e questo include il protocollo Internet (indirizzi, tipo di browser, provider di servizi Internet &#8220;Provider di servizi Internet&#8221;, data \/ ora e numero di clic per analizzare le tendenze).<\/span><\/span><\/p>\n<p>&nbsp;<\/p>\n<p><span style=\"vertical-align: inherit;\"><span style=\"vertical-align: inherit;\">Attraverso questo processo, non si intende raccogliere tutte queste informazioni al fine di intercettare questioni personali dei visitatori, ma si tratta piuttosto di questioni analitiche allo scopo di migliorare la qualit\u00e0 degli annunci di\u00a0 <\/span><\/span><strong><span style=\"vertical-align: inherit;\"><span style=\"vertical-align: inherit;\">Google<\/span><\/span><\/strong><span style=\"vertical-align: inherit;\"><span style=\"vertical-align: inherit;\"> \u00a0e, in aggiunta, tutte queste informazioni salvato da noi \u00e8 completamente confidenziale e rimane nell&#8217;ambito dello sviluppo e del miglioramento privato.Solo il nostro sito.<\/span><\/span><\/p>\n<p>&nbsp;<\/p>\n<p><strong><span style=\"vertical-align: inherit;\"><span style=\"vertical-align: inherit;\">Cookie e impostazioni di rete <\/span><\/span><\/strong><strong><span style=\"vertical-align: inherit;\"><span style=\"vertical-align: inherit;\">:<\/span><\/span><\/strong><\/p>\n<p><span style=\"vertical-align: inherit;\"><span style=\"vertical-align: inherit;\">Google\u00a0 <\/span><span style=\"vertical-align: inherit;\">\u00a0utilizza i cookie per memorizzare informazioni sugli interessi dei visitatori, insieme a un record utente speciale in cui informazioni specifiche sulle pagine a cui si \u00e8 avuto accesso o visitate e, con questo passaggio, conosciamo l&#8217;entit\u00e0 degli interessi dei visitatori e quali argomenti sono maggiormente preferiti da loro in modo che possiamo a nostra volta sviluppare il nostro servizio e <\/span><\/span><strong><span style=\"vertical-align: inherit;\"><span style=\"vertical-align: inherit;\">contenuto<\/span><\/span><\/strong><\/p>\n<p>&nbsp;<\/p>\n<p><span style=\"vertical-align: inherit;\"><span style=\"vertical-align: inherit;\">Aggiungiamo a ci\u00f2 che alcune societ\u00e0 che fanno pubblicit\u00e0 su\u00a0 <\/span><\/span><strong><span style=\"vertical-align: inherit;\"><span style=\"vertical-align: inherit;\">\u00a0ahelth<\/span><\/span><\/strong><span style=\"vertical-align: inherit;\"><span style=\"vertical-align: inherit;\"> \u00a0potrebbero guardare i cookie e le impostazioni di rete per il nostro sito e per te, e queste societ\u00e0, ad esempio,\u00a0 <\/span><\/span><strong><span style=\"vertical-align: inherit;\"><span style=\"vertical-align: inherit;\">Google<\/span><\/span><\/strong><span style=\"vertical-align: inherit;\"><span style=\"vertical-align: inherit;\"> \u00a0e il suo programma pubblicitario\u00a0 <\/span><\/span><a href=\"https:\/\/accounts.google.com\/ServiceLogin?service=adsense&amp;rm=hide&amp;nui=15&amp;alwf=true&amp;ltmpl=adsense&amp;passive=true&amp;continue=https:\/\/www.google.com\/adsense\/gaiaauth2?hl%3Den_US%26subid%3Dww-en_US-et-ads%26sourceid%3Daso%26medium%3Dlink&amp;followup=https:\/\/www.google.com\/adsense\/gaiaauth2?hl%3Den_US%26subid%3Dww-en_US-et-ads%26sourceid%3Daso%26medium%3Dlink&amp;hl=en_US#identifier\"><strong><span style=\"vertical-align: inherit;\"><span style=\"vertical-align: inherit;\">Google AdSense<\/span><\/span><\/strong><\/a><span style=\"vertical-align: inherit;\"><span style=\"vertical-align: inherit;\"> \u00a0, che \u00e8 la prima societ\u00e0 pubblicitaria sul nostro sito.<\/span><\/span><\/p>\n<p>&nbsp;<\/p>\n<p><span style=\"vertical-align: inherit;\"><span style=\"vertical-align: inherit;\">Naturalmente, tali inserzionisti, che sono considerati terzi nell&#8217;informativa sulla privacy, seguono tali dati e statistiche tramite protocolli Internet allo scopo di migliorare la qualit\u00e0 dei loro annunci e misurarne l&#8217;efficacia.<\/span><\/span><\/p>\n<p>&nbsp;<\/p>\n<p><span style=\"vertical-align: inherit;\"><span style=\"vertical-align: inherit;\">Inoltre, queste societ\u00e0, in base agli accordi con noi stipulati, hanno il diritto di utilizzare mezzi tecnici (come cookie, impostazioni di rete e codici di programmazione speciali &#8220;JavaScript&#8221;) per le stesse finalit\u00e0 sopra menzionate, che sono lo sviluppo del contenuto pubblicitario di questi aziende e misurare l&#8217;efficacia di questi annunci, senza alcun altro obiettivo che possa danneggiare in un modo o nell&#8217;altro i visitatori del nostro sito.<\/span><\/span><\/p>\n<p>&nbsp;<\/p>\n<p><span style=\"vertical-align: inherit;\"><span style=\"vertical-align: inherit;\">Naturalmente,\u00a0 il sito Web di <\/span><\/span><strong><span style=\"vertical-align: inherit;\"><span style=\"vertical-align: inherit;\">ahelth<\/span><\/span><\/strong><span style=\"vertical-align: inherit;\"><span style=\"vertical-align: inherit;\"> \u00a0non pu\u00f2 accedere o controllare questi file, anche dopo averli autorizzati e attivati \u200b\u200b\u200b\u200bper prelevarli dal tuo dispositivo (cookie), e non siamo in alcun modo responsabili per l&#8217;uso illegale degli stessi se accadono, ci mancherebbe.<\/span><\/span><\/p>\n<p>&nbsp;<\/p>\n<p><span style=\"vertical-align: inherit;\"><span style=\"vertical-align: inherit;\">\u00c8 necessario rivedere l&#8217;informativa sulla privacy delle terze parti in questo documento (inserzionisti come\u00a0 <\/span><\/span><a href=\"https:\/\/accounts.google.com\/ServiceLogin?service=adsense&amp;rm=hide&amp;nui=15&amp;alwf=true&amp;ltmpl=adsense&amp;passive=true&amp;continue=https:\/\/www.google.com\/adsense\/gaiaauth2?hl%3Den_US%26subid%3Dww-en_US-et-ads%26sourceid%3Daso%26medium%3Dlink&amp;followup=https:\/\/www.google.com\/adsense\/gaiaauth2?hl%3Den_US%26subid%3Dww-en_US-et-ads%26sourceid%3Daso%26medium%3Dlink&amp;hl=en_US#identifier\"><strong><span style=\"vertical-align: inherit;\"><span style=\"vertical-align: inherit;\">Google AdSense<\/span><\/span><\/strong><\/a><span style=\"vertical-align: inherit;\"><span style=\"vertical-align: inherit;\"> \u00a0) o i server delle reti pubblicitarie per ulteriori informazioni sulle loro varie pratiche e attivit\u00e0.<\/span><\/span><\/p>\n<p>&nbsp;<\/p>\n<p><span style=\"vertical-align: inherit;\"><span style=\"vertical-align: inherit;\">Per consultare l&#8217; informativa sulla privacy del programma pubblicitario di <\/span><a href=\"https:\/\/accounts.google.com\/ServiceLogin?service=adsense&amp;rm=hide&amp;nui=15&amp;alwf=true&amp;ltmpl=adsense&amp;passive=true&amp;continue=https:\/\/www.google.com\/adsense\/gaiaauth2?hl%3Den_US%26subid%3Dww-en_US-et-ads%26sourceid%3Daso%26medium%3Dlink&amp;followup=https:\/\/www.google.com\/adsense\/gaiaauth2?hl%3Den_US%26subid%3Dww-en_US-et-ads%26sourceid%3Daso%26medium%3Dlink&amp;hl=en_US#identifier\"><strong><span style=\"vertical-align: inherit;\">Google AdSense<\/span><\/strong><\/a><span style=\"vertical-align: inherit;\"> \u00a0di\u00a0 <\/span><strong><span style=\"vertical-align: inherit;\">Google\u00a0<\/span><\/strong><span style=\"vertical-align: inherit;\"> , fare clic\u00a0 <\/span><a href=\"https:\/\/www.google.com\/policies\/technologies\/ads\/\"><span style=\"vertical-align: inherit;\">qui<\/span><\/a><\/span><strong>\u00a0<\/strong><\/p>\n<p>&nbsp;<\/p>\n<p><span style=\"vertical-align: inherit;\"><span style=\"vertical-align: inherit;\">I dati possono essere raccolti per il remarketing sulla Rete Display e sulla Rete di ricerca tramite le Norme sugli annunci che prendono di mira gli interessi e le localit\u00e0 dei visitatori e questa funzione pu\u00f2 essere disabilitata da\u00a0 <\/span><\/span><a href=\"https:\/\/tools.google.com\/dlpage\/gaoptout\/?hl=ar\"><span style=\"vertical-align: inherit;\"><span style=\"vertical-align: inherit;\">qui<\/span><\/span><\/a><span style=\"vertical-align: inherit;\"><span style=\"vertical-align: inherit;\"> .<\/span><\/span><\/p>\n<p>&nbsp;<\/p>\n<p><span style=\"vertical-align: inherit;\"><span style=\"vertical-align: inherit;\">Infine, siamo vincolati dai termini di questo accordo a mostrarti come disabilitare la funzione dei cookie, dove puoi farlo attraverso le opzioni del tuo browser, o seguendo \u00a0 <\/span><\/span><a href=\"https:\/\/www.google.com\/policies\/technologies\/ads\/\"><span style=\"vertical-align: inherit;\"><span style=\"vertical-align: inherit;\">l&#8217;informativa sulla privacy di\u00a0 <\/span><\/span><strong><span style=\"vertical-align: inherit;\"><span style=\"vertical-align: inherit;\">Google<\/span><\/span><\/strong><span style=\"vertical-align: inherit;\"><span style=\"vertical-align: inherit;\"> Ads \u00a0e della rete di contenuti<\/span><\/span><\/a><span style=\"vertical-align: inherit;\"><span style=\"vertical-align: inherit;\"> \u00a0.<\/span><\/span><\/p>\n<p>&nbsp;<\/p>\n<p><span style=\"vertical-align: inherit;\"><span style=\"vertical-align: inherit;\">Se hai bisogno di maggiori informazioni o hai domande sulla politica sulla privacy, non esitare a contattarci tramite il modulo di contatto, entrando nella\u00a0 scheda <\/span><\/span><strong><span style=\"vertical-align: inherit;\"><span style=\"vertical-align: inherit;\">Contattaci<\/span><\/span><\/strong><span style=\"vertical-align: inherit;\"><span style=\"vertical-align: inherit;\"> .<\/span><\/span><\/p>\n<p>&nbsp;<\/p>\n<p><span style=\"vertical-align: inherit;\"><span style=\"vertical-align: inherit;\">I termini di questa politica sono soggetti a sviluppo e modifica del loro contenuto in qualsiasi momento lo ritenga necessario.<\/span><\/span><\/p>\n<p>&nbsp;<\/p>\n","protected":false},"excerpt":{"rendered":"<p>politica sulla riservatezza Gentile visitatore, La tua privacy, visitatore, \u00e8 estremamente importante per noi e l&#8217;informativa sulla privacy in questo documento delinea i tipi di informazioni personali raccolte da\u00a0 \u00a0\u00a0ahelth\u00a0 blog e come queste informazioni vengono utilizzate. Utilizziamo societ\u00e0 pubblicitarie di terze parti per visualizzare annunci e quando visiti\u00a0 \u00a0il \u200b\u200bblog ahelth \u00a0\u00a0, queste societ\u00e0 &hellip;<\/p>\n","protected":false},"author":1,"featured_media":0,"parent":0,"menu_order":0,"comment_status":"closed","ping_status":"open","template":"","meta":{"footnotes":""},"class_list":["post-19747","page","type-page","status-publish","hentry"],"yoast_head":"<!-- This site is optimized with the Yoast SEO plugin v24.0 - https:\/\/yoast.com\/wordpress\/plugins\/seo\/ -->\n<title>politica sulla riservatezza - the health<\/title>\n<meta name=\"robots\" content=\"index, follow, max-snippet:-1, max-image-preview:large, max-video-preview:-1\" \/>\n<link rel=\"canonical\" href=\"https:\/\/ahelth.com\/it\/privacy-policy\/\" \/>\n<meta property=\"og:locale\" content=\"it_IT\" \/>\n<meta property=\"og:type\" content=\"article\" \/>\n<meta property=\"og:title\" content=\"politica sulla riservatezza - the health\" \/>\n<meta property=\"og:description\" content=\"politica sulla riservatezza Gentile visitatore, La tua privacy, visitatore, \u00e8 estremamente importante per noi e l&#8217;informativa sulla privacy in questo documento delinea i tipi di informazioni personali raccolte da\u00a0 \u00a0\u00a0ahelth\u00a0 blog e come queste informazioni vengono utilizzate. Utilizziamo societ\u00e0 pubblicitarie di terze parti per visualizzare annunci e quando visiti\u00a0 \u00a0il \u200b\u200bblog ahelth \u00a0\u00a0, queste societ\u00e0 &hellip;\" \/>\n<meta property=\"og:url\" content=\"https:\/\/ahelth.com\/it\/privacy-policy\/\" \/>\n<meta property=\"og:site_name\" content=\"the health\" \/>\n<meta property=\"article:modified_time\" content=\"2022-05-01T00:25:13+00:00\" \/>\n<meta name=\"twitter:card\" content=\"summary_large_image\" \/>\n<meta name=\"twitter:label1\" content=\"Tempo di lettura stimato\" \/>\n\t<meta name=\"twitter:data1\" content=\"4 minuti\" \/>\n<script type=\"application\/ld+json\" class=\"yoast-schema-graph\">{\"@context\":\"https:\/\/schema.org\",\"@graph\":[{\"@type\":\"WebPage\",\"@id\":\"https:\/\/ahelth.com\/it\/privacy-policy\/\",\"url\":\"https:\/\/ahelth.com\/it\/privacy-policy\/\",\"name\":\"politica sulla riservatezza - the health\",\"isPartOf\":{\"@id\":\"https:\/\/ahelth.com\/es\/#website\"},\"datePublished\":\"2021-10-31T23:44:38+00:00\",\"dateModified\":\"2022-05-01T00:25:13+00:00\",\"breadcrumb\":{\"@id\":\"https:\/\/ahelth.com\/it\/privacy-policy\/#breadcrumb\"},\"inLanguage\":\"it-IT\",\"potentialAction\":[{\"@type\":\"ReadAction\",\"target\":[\"https:\/\/ahelth.com\/it\/privacy-policy\/\"]}]},{\"@type\":\"BreadcrumbList\",\"@id\":\"https:\/\/ahelth.com\/it\/privacy-policy\/#breadcrumb\",\"itemListElement\":[{\"@type\":\"ListItem\",\"position\":1,\"name\":\"Home\",\"item\":\"https:\/\/ahelth.com\/it\/\"},{\"@type\":\"ListItem\",\"position\":2,\"name\":\"politica sulla riservatezza\"}]},{\"@type\":\"WebSite\",\"@id\":\"https:\/\/ahelth.com\/es\/#website\",\"url\":\"https:\/\/ahelth.com\/es\/\",\"name\":\"the health\",\"description\":\"Articles on health\",\"potentialAction\":[{\"@type\":\"SearchAction\",\"target\":{\"@type\":\"EntryPoint\",\"urlTemplate\":\"https:\/\/ahelth.com\/es\/?s={search_term_string}\"},\"query-input\":{\"@type\":\"PropertyValueSpecification\",\"valueRequired\":true,\"valueName\":\"search_term_string\"}}],\"inLanguage\":\"it-IT\"}]}<\/script>\n<!-- \/ Yoast SEO plugin. -->","yoast_head_json":{"title":"politica sulla riservatezza - the health","robots":{"index":"index","follow":"follow","max-snippet":"max-snippet:-1","max-image-preview":"max-image-preview:large","max-video-preview":"max-video-preview:-1"},"canonical":"https:\/\/ahelth.com\/it\/privacy-policy\/","og_locale":"it_IT","og_type":"article","og_title":"politica sulla riservatezza - the health","og_description":"politica sulla riservatezza Gentile visitatore, La tua privacy, visitatore, \u00e8 estremamente importante per noi e l&#8217;informativa sulla privacy in questo documento delinea i tipi di informazioni personali raccolte da\u00a0 \u00a0\u00a0ahelth\u00a0 blog e come queste informazioni vengono utilizzate. Utilizziamo societ\u00e0 pubblicitarie di terze parti per visualizzare annunci e quando visiti\u00a0 \u00a0il \u200b\u200bblog ahelth \u00a0\u00a0, queste societ\u00e0 &hellip;","og_url":"https:\/\/ahelth.com\/it\/privacy-policy\/","og_site_name":"the health","article_modified_time":"2022-05-01T00:25:13+00:00","twitter_card":"summary_large_image","twitter_misc":{"Tempo di lettura stimato":"4 minuti"},"schema":{"@context":"https:\/\/schema.org","@graph":[{"@type":"WebPage","@id":"https:\/\/ahelth.com\/it\/privacy-policy\/","url":"https:\/\/ahelth.com\/it\/privacy-policy\/","name":"politica sulla riservatezza - the health","isPartOf":{"@id":"https:\/\/ahelth.com\/es\/#website"},"datePublished":"2021-10-31T23:44:38+00:00","dateModified":"2022-05-01T00:25:13+00:00","breadcrumb":{"@id":"https:\/\/ahelth.com\/it\/privacy-policy\/#breadcrumb"},"inLanguage":"it-IT","potentialAction":[{"@type":"ReadAction","target":["https:\/\/ahelth.com\/it\/privacy-policy\/"]}]},{"@type":"BreadcrumbList","@id":"https:\/\/ahelth.com\/it\/privacy-policy\/#breadcrumb","itemListElement":[{"@type":"ListItem","position":1,"name":"Home","item":"https:\/\/ahelth.com\/it\/"},{"@type":"ListItem","position":2,"name":"politica sulla riservatezza"}]},{"@type":"WebSite","@id":"https:\/\/ahelth.com\/es\/#website","url":"https:\/\/ahelth.com\/es\/","name":"the health","description":"Articles on health","potentialAction":[{"@type":"SearchAction","target":{"@type":"EntryPoint","urlTemplate":"https:\/\/ahelth.com\/es\/?s={search_term_string}"},"query-input":{"@type":"PropertyValueSpecification","valueRequired":true,"valueName":"search_term_string"}}],"inLanguage":"it-IT"}]}},"_links":{"self":[{"href":"https:\/\/ahelth.com\/it\/wp-json\/wp\/v2\/pages\/19747","targetHints":{"allow":["GET"]}}],"collection":[{"href":"https:\/\/ahelth.com\/it\/wp-json\/wp\/v2\/pages"}],"about":[{"href":"https:\/\/ahelth.com\/it\/wp-json\/wp\/v2\/types\/page"}],"author":[{"embeddable":true,"href":"https:\/\/ahelth.com\/it\/wp-json\/wp\/v2\/users\/1"}],"replies":[{"embeddable":true,"href":"https:\/\/ahelth.com\/it\/wp-json\/wp\/v2\/comments?post=19747"}],"version-history":[{"count":0,"href":"https:\/\/ahelth.com\/it\/wp-json\/wp\/v2\/pages\/19747\/revisions"}],"wp:attachment":[{"href":"https:\/\/ahelth.com\/it\/wp-json\/wp\/v2\/media?parent=19747"}],"curies":[{"name":"wp","href":"https:\/\/api.w.org\/{rel}","templated":true}]}}