{"id":19783,"date":"2021-11-01T00:15:34","date_gmt":"2021-11-01T00:15:34","guid":{"rendered":"http:\/\/ahelth.com\/terms-and-conditions\/"},"modified":"2022-05-01T00:39:59","modified_gmt":"2022-05-01T00:39:59","slug":"terms-and-conditions","status":"publish","type":"page","link":"https:\/\/ahelth.com\/it\/terms-and-conditions\/","title":{"rendered":"\u00a0Termini e Condizioni"},"content":{"rendered":"\r\n<p>&nbsp;<\/p>\r\n<p><span style=\"vertical-align: inherit;\"><span style=\"vertical-align: inherit;\">\u00a0Termini e Condizioni<\/span><\/span><\/p>\r\n<p><span style=\"vertical-align: inherit;\"><span style=\"vertical-align: inherit;\">Benvenuto su Ahelth.com<\/span><\/span><\/p>\r\n<p><span style=\"vertical-align: inherit;\"><span style=\"vertical-align: inherit;\">Questi termini e condizioni stabiliscono le regole e i regolamenti per l&#8217;uso del sito Web ahelth.com, che si trova su ahelth.com Accedendo a questo sito Web presumiamo che accetti questi termini e condizioni. <\/span><span style=\"vertical-align: inherit;\">Non continuare a utilizzare Ahelth.com se non accetti di accettare tutti i termini e le condizioni indicati in questa pagina.<\/span><\/span><\/p>\r\n<p><span style=\"vertical-align: inherit;\"><span style=\"vertical-align: inherit;\">I seguenti termini si applicano a questi Termini e condizioni, Informativa sulla privacy, Avviso di non responsabilit\u00e0 e tutti gli accordi: &#8220;Cliente&#8221;, &#8220;Tu&#8221; e &#8220;Tuo&#8221; si riferiscono a te, la persona che accede a questo sito Web e rispetta i Termini e condizioni della Societ\u00e0. <\/span><span style=\"vertical-align: inherit;\">&#8220;La Societ\u00e0&#8221;, &#8220;Noi stessi&#8221;, &#8220;Noi&#8221;, &#8220;Ci&#8221; e &#8220;Ci&#8221; si riferiscono alla nostra Societ\u00e0. <\/span><span style=\"vertical-align: inherit;\">&#8220;Parte&#8221;, &#8220;Parti&#8221; o &#8220;noi&#8221; si riferiscono sia al Cliente che a noi stessi. <\/span><span style=\"vertical-align: inherit;\">Tutti i termini si riferiscono all&#8217;offerta, all&#8217;accettazione e al corrispettivo del pagamento necessario per intraprendere il processo della nostra assistenza al Cliente nel modo pi\u00f9 appropriato per l&#8217;espresso scopo di soddisfare le esigenze del Cliente in relazione alla fornitura dei servizi dichiarati dalla Societ\u00e0, in conformit\u00e0 con e soggetto alla legge vigente. <\/span><span style=\"vertical-align: inherit;\">Qualsiasi uso dei suddetti termini o di altre parole al singolare e al plurale e\/o lui\/lei, \u00e8 considerato intercambiabile e si riferisce quindi agli stessi.<\/span><\/span><\/p>\r\n<p><span style=\"vertical-align: inherit;\"><span style=\"vertical-align: inherit;\">Cookie Internet<\/span><\/span><\/p>\r\n<p><span style=\"vertical-align: inherit;\"><span style=\"vertical-align: inherit;\">Usiamo l&#8217;uso dei cookie. <\/span><span style=\"vertical-align: inherit;\">Accedendo a ahelth.com, accetti l&#8217;uso dei cookie in accordo con l&#8217;Informativa sulla privacy di ahelth.com<\/span><\/span><\/p>\r\n<p><span style=\"vertical-align: inherit;\"><span style=\"vertical-align: inherit;\">La maggior parte dei siti Web interattivi utilizza i cookie per consentirci di recuperare i dettagli dell&#8217;utente per ogni visita. <\/span><span style=\"vertical-align: inherit;\">Il nostro sito utilizza i cookie per abilitare la funzionalit\u00e0 di determinate aree in modo da rendere pi\u00f9 facile per le persone visitare il nostro sito. <\/span><span style=\"vertical-align: inherit;\">Anche alcuni partner affiliati\/pubblicitari possono utilizzare i cookie.<\/span><\/span><\/p>\r\n<p><span style=\"vertical-align: inherit;\"><span style=\"vertical-align: inherit;\">licenza<\/span><\/span><\/p>\r\n<p><span style=\"vertical-align: inherit;\"><span style=\"vertical-align: inherit;\">Salvo diversa indicazione, Ahelth.com e\/o i suoi licenziatari detengono i diritti di propriet\u00e0 intellettuale su tutto il materiale su Ahelth.com. <\/span><span style=\"vertical-align: inherit;\">Tutti i diritti di propriet\u00e0 intellettuale riservati. <\/span><span style=\"vertical-align: inherit;\">Puoi accedervi da Ahelth.com per uso personale, fatte salve le restrizioni stabilite in questi Termini e Condizioni.<\/span><\/span><\/p>\r\n<p><span style=\"vertical-align: inherit;\"><span style=\"vertical-align: inherit;\">tu non devi:<\/span><\/span><\/p>\r\n<p><span style=\"vertical-align: inherit;\"><span style=\"vertical-align: inherit;\">Ripubblicare materiale da Ahelth.com Vendere, noleggiare o concedere in licenza materiale da Ahelth.com<\/span><\/span><\/p>\r\n<p><span style=\"vertical-align: inherit;\"><span style=\"vertical-align: inherit;\">Riproduzione, duplicazione o duplicazione di materiale da Ahelth.com<\/span><\/span><\/p>\r\n<p><span style=\"vertical-align: inherit;\"><span style=\"vertical-align: inherit;\">Ridistribuire i contenuti da Ahelth.com<\/span><\/span><\/p>\r\n<p><span style=\"vertical-align: inherit;\"><span style=\"vertical-align: inherit;\">Questo accordo inizia nella sua storia. <\/span><span style=\"vertical-align: inherit;\">I nostri Termini e Condizioni sono stati creati con l&#8217;aiuto del Generatore di Termini e Condizioni.<\/span><\/span><\/p>\r\n<p><span style=\"vertical-align: inherit;\"><span style=\"vertical-align: inherit;\">Parti di questo sito Web offrono agli utenti l&#8217;opportunit\u00e0 di pubblicare e condividere opinioni e informazioni in determinate aree del sito Web. <\/span><span style=\"vertical-align: inherit;\">Ahelth.com non filtra, modifica, pubblica o rivede i Commenti prima che appaiano sul Sito. <\/span><span style=\"vertical-align: inherit;\">I commenti non riflettono le opinioni e le opinioni di Ahelth.com, dei suoi agenti e\/o affiliati. <\/span><span style=\"vertical-align: inherit;\">I commenti riflettono i punti di vista e le opinioni della persona che li pubblica. <\/span><span style=\"vertical-align: inherit;\">Nella misura consentita dalle leggi applicabili, Ahelth.com non sar\u00e0 responsabile per i Commenti o per qualsiasi responsabilit\u00e0, danno o spesa causati e\/o subiti a seguito di qualsiasi uso e\/o pubblicazione e\/o comparsa dei Commenti su questo sito web.<\/span><\/span><\/p>\r\n<p><span style=\"vertical-align: inherit;\"><span style=\"vertical-align: inherit;\">Ahelth.com si riserva il diritto di monitorare tutti i Commenti e di rimuovere eventuali Commenti che potrebbero essere considerati inappropriati, offensivi o causare una violazione di questi Termini e Condizioni.<\/span><\/span><\/p>\r\n<p><span style=\"vertical-align: inherit;\"><span style=\"vertical-align: inherit;\">Garantisci e dichiari che:<\/span><\/span><\/p>\r\n<p><span style=\"vertical-align: inherit;\"><span style=\"vertical-align: inherit;\">Hai il diritto di pubblicare Commenti sul nostro Sito e di ottenere tutte le licenze e i consensi necessari per farlo;<\/span><\/span><\/p>\r\n<p><span style=\"vertical-align: inherit;\"><span style=\"vertical-align: inherit;\">I Commenti non violano alcun diritto di propriet\u00e0 intellettuale, inclusi, a titolo esemplificativo, il copyright, il brevetto o il marchio di terzi;<\/span><\/span><\/p>\r\n<p><span style=\"vertical-align: inherit;\"><span style=\"vertical-align: inherit;\">I commenti non contengono materiale diffamatorio, diffamatorio, offensivo, indecente o altrimenti illegale che costituisca un&#8217;invasione della privacy<\/span><\/span><\/p>\r\n<p><span style=\"vertical-align: inherit;\"><span style=\"vertical-align: inherit;\">I commenti non verranno utilizzati per sollecitare o promuovere attivit\u00e0 commerciali, personalizzate o correnti o attivit\u00e0 illegali.<\/span><\/span><\/p>\r\n<p><span style=\"vertical-align: inherit;\"><span style=\"vertical-align: inherit;\">Con la presente concedi ad Ahelth.com una licenza non esclusiva per utilizzare, riprodurre, modificare e autorizzare altri a utilizzare, riprodurre e modificare qualsiasi tuo Commento in qualsiasi forma, formato o supporto.<\/span><\/span><\/p>\r\n<p><span style=\"vertical-align: inherit;\"><span style=\"vertical-align: inherit;\">Collegamento ipertestuale al nostro contenuto<\/span><\/span><\/p>\r\n<p><span style=\"vertical-align: inherit;\"><span style=\"vertical-align: inherit;\">Le seguenti organizzazioni possono collegarsi al nostro sito Web senza il nostro previo consenso scritto:<\/span><\/span><\/p>\r\n<p><span style=\"vertical-align: inherit;\"><span style=\"vertical-align: inherit;\">agenzie governative;<\/span><\/span><\/p>\r\n<p><span style=\"vertical-align: inherit;\"><span style=\"vertical-align: inherit;\">motori di ricerca<\/span><\/span><\/p>\r\n<p><span style=\"vertical-align: inherit;\"><span style=\"vertical-align: inherit;\">testate giornalistiche;<\/span><\/span><\/p>\r\n<p><span style=\"vertical-align: inherit;\"><span style=\"vertical-align: inherit;\">I distributori di elenchi online possono collegarsi al nostro sito Web allo stesso modo dei collegamenti ipertestuali ai siti Web di altre societ\u00e0 quotate; <\/span><span style=\"vertical-align: inherit;\">E<\/span><\/span><\/p>\r\n<p><span style=\"vertical-align: inherit;\"><span style=\"vertical-align: inherit;\">Aziende approvate a livello di sistema, ad eccezione di organizzazioni senza scopo di lucro, centri commerciali di beneficenza e gruppi di raccolta fondi di beneficenza che potrebbero non essere collegati al nostro sito Web.<\/span><\/span><\/p>\r\n<p><span style=\"vertical-align: inherit;\"><span style=\"vertical-align: inherit;\">Tali organizzazioni possono collegarsi alla nostra home page, a pubblicazioni o ad altre informazioni sul Sito purch\u00e9 il collegamento: (a) non sia in alcun modo fuorviante; <\/span><span style=\"vertical-align: inherit;\">(b) non implica sponsorizzazione, approvazione o approvazione della Parte Collegata e dei suoi prodotti e\/o servizi; <\/span><span style=\"vertical-align: inherit;\">e (c) si inserisce nel contesto del sito web della parte che collega.<\/span><\/span><\/p>\r\n<p><span style=\"vertical-align: inherit;\"><span style=\"vertical-align: inherit;\">Possiamo prendere in considerazione e accettare altre richieste di collegamento dai seguenti tipi di organizzazioni:<\/span><\/span><\/p>\r\n<p><span style=\"vertical-align: inherit;\"><span style=\"vertical-align: inherit;\">fonti di informazioni note sui consumatori e\/o aziendali;<\/span><\/span><\/p>\r\n<p><span style=\"vertical-align: inherit;\"><span style=\"vertical-align: inherit;\">siti della comunit\u00e0 dot.com;<\/span><\/span><\/p>\r\n<p><span style=\"vertical-align: inherit;\"><span style=\"vertical-align: inherit;\">associazioni o altri gruppi che rappresentano enti di beneficenza;<\/span><\/span><\/p>\r\n<p><span style=\"vertical-align: inherit;\"><span style=\"vertical-align: inherit;\">distributori di elenchi on-line;<\/span><\/span><\/p>\r\n<p><span style=\"vertical-align: inherit;\"><span style=\"vertical-align: inherit;\">Portali Internet<\/span><\/span><\/p>\r\n<p><span style=\"vertical-align: inherit;\"><span style=\"vertical-align: inherit;\">studi contabili, legali e di consulenza; <\/span><span style=\"vertical-align: inherit;\">E<\/span><\/span><\/p>\r\n<p><span style=\"vertical-align: inherit;\"><span style=\"vertical-align: inherit;\">Istituzioni scolastiche e associazioni di categoria.<\/span><\/span><\/p>\r\n<p><span style=\"vertical-align: inherit;\"><span style=\"vertical-align: inherit;\">Approveremo le richieste di collegamento da queste organizzazioni se decidiamo che: (a) il collegamento non ci far\u00e0 guardare a noi stessi o alle nostre attivit\u00e0 approvate; <\/span><span style=\"vertical-align: inherit;\">(b) l&#8217;organizzazione non ha alcun record negativo con noi; <\/span><span style=\"vertical-align: inherit;\">(c) il vantaggio che otteniamo dalla visualizzazione del collegamento ipertestuale compensa l&#8217;assenza di Ahelth.com e (d) il collegamento \u00e8 nel contesto di informazioni generali sulle risorse.<\/span><\/span><\/p>\r\n<p><span style=\"vertical-align: inherit;\"><span style=\"vertical-align: inherit;\">Queste organizzazioni possono collegarsi alla nostra home page purch\u00e9 il collegamento: (a) non sia ingannevole in alcun modo; <\/span><span style=\"vertical-align: inherit;\">(b) non implica sponsorizzazione, approvazione o approvazione della Parte Collegata e dei suoi prodotti o servizi; <\/span><span style=\"vertical-align: inherit;\">e (c) si inserisce nel contesto del sito web della parte che collega.<\/span><\/span><\/p>\r\n<p><span style=\"vertical-align: inherit;\"><span style=\"vertical-align: inherit;\">Se sei una delle organizzazioni elencate nel paragrafo 2 sopra e sei interessato a collegarti al nostro sito Web, devi informarci inviando un&#8217;e-mail a Ahelth.com. <\/span><span style=\"vertical-align: inherit;\">Includi il tuo nome, il nome dell&#8217;organizzazione e le informazioni di contatto, nonch\u00e9 l&#8217;URL del tuo sito, un elenco di tutti gli URL che intendi collegare al nostro sito Web e un elenco di URL sul nostro sito a cui desideri collegarti. <\/span><span style=\"vertical-align: inherit;\">Attendi 2-3 settimane per una risposta.<\/span><\/span><\/p>\r\n<p><span style=\"vertical-align: inherit;\"><span style=\"vertical-align: inherit;\">Le organizzazioni approvate possono creare un collegamento ipertestuale al nostro sito come segue:<\/span><\/span><\/p>\r\n<p><span style=\"vertical-align: inherit;\"><span style=\"vertical-align: inherit;\">Utilizzando il nome della nostra azienda; <\/span><span style=\"vertical-align: inherit;\">o<\/span><\/span><\/p>\r\n<p><span style=\"vertical-align: inherit;\"><span style=\"vertical-align: inherit;\">Utilizzando il localizzatore di risorse standard a cui \u00e8 collegato; <\/span><span style=\"vertical-align: inherit;\">o<\/span><\/span><\/p>\r\n<p><span style=\"vertical-align: inherit;\"><span style=\"vertical-align: inherit;\">Utilizzando qualsiasi altra descrizione del nostro sito Web collegata a questo nel contesto e nel formato del contenuto del sito Web della parte che collega.<\/span><\/span><\/p>\r\n<p><span style=\"vertical-align: inherit;\"><span style=\"vertical-align: inherit;\">L&#8217;uso del logo Ahelth.com o di qualsiasi altra grafica non sar\u00e0 consentito per associare l&#8217;assenza di un contratto di licenza del marchio.<\/span><\/span><\/p>\r\n<p><span style=\"vertical-align: inherit;\"><span style=\"vertical-align: inherit;\">iFrame<\/span><\/span><\/p>\r\n<p><span style=\"vertical-align: inherit;\"><span style=\"vertical-align: inherit;\">Senza previo consenso e autorizzazione scritta, non \u00e8 possibile creare frame attorno alle nostre pagine Web che alterano in alcun modo la presentazione visiva o l&#8217;aspetto del nostro sito.<\/span><\/span><\/p>\r\n<p><span style=\"vertical-align: inherit;\"><span style=\"vertical-align: inherit;\">Responsabilit\u00e0 dei contenuti<\/span><\/span><\/p>\r\n<p><span style=\"vertical-align: inherit;\"><span style=\"vertical-align: inherit;\">Non saremo ritenuti responsabili per qualsiasi contenuto che appare sul tuo sito web. <\/span><span style=\"vertical-align: inherit;\">Accetti di proteggerci e difenderci da tutti i reclami derivanti dal tuo sito web. <\/span><span style=\"vertical-align: inherit;\">Nessun collegamento deve apparire su qualsiasi sito Web che possa essere interpretato come diffamatorio, osceno o criminale, o che altrimenti violi, violi o sostenga la violazione o altra violazione dei diritti di terzi.<\/span><\/span><\/p>\r\n<p><span style=\"vertical-align: inherit;\"><span style=\"vertical-align: inherit;\">la tua privacy<\/span><\/span><\/p>\r\n<p><span style=\"vertical-align: inherit;\"><span style=\"vertical-align: inherit;\">Si prega di leggere la nostra Informativa sulla privacy http:\/\/ahelth.com\/privacy-policy\/ Riserva dei diritti<\/span><\/span><\/p>\r\n<p><span style=\"vertical-align: inherit;\"><span style=\"vertical-align: inherit;\">Ci riserviamo il diritto di chiederti di rimuovere tutti i collegamenti o qualsiasi collegamento particolare al nostro sito. <\/span><span style=\"vertical-align: inherit;\">Accetti di rimuovere immediatamente tutti i collegamenti al nostro sito su richiesta. <\/span><span style=\"vertical-align: inherit;\">Ci riserviamo inoltre il diritto di modificare questi termini e condizioni e la loro politica di collegamento in qualsiasi momento. <\/span><span style=\"vertical-align: inherit;\">Continuando a collegarti al nostro sito, accetti di essere vincolato e di seguire questi termini e condizioni di collegamento.<\/span><\/span><\/p>\r\n<p><span style=\"vertical-align: inherit;\"><span style=\"vertical-align: inherit;\">Rimuovere i collegamenti dal nostro sito<\/span><\/span><\/p>\r\n<p><span style=\"vertical-align: inherit;\"><span style=\"vertical-align: inherit;\">Se per qualsiasi motivo trovi un link offensivo sul nostro sito Web, sei libero di contattarci e informarci in qualsiasi momento. <\/span><span style=\"vertical-align: inherit;\">Prenderemo in considerazione le richieste di rimozione dei collegamenti, ma non abbiamo alcun obbligo di farlo o di risponderti direttamente.<\/span><\/span><\/p>\r\n<p><span style=\"vertical-align: inherit;\"><span style=\"vertical-align: inherit;\">Non garantiamo la correttezza delle informazioni su questo sito Web, n\u00e9 la loro completezza o accuratezza; <\/span><span style=\"vertical-align: inherit;\">N\u00e9 ci impegniamo a garantire che il sito Web rimarr\u00e0 disponibile o che il materiale sul sito Web sar\u00e0 aggiornato.<\/span><\/span><\/p>\r\n<p><span style=\"vertical-align: inherit;\"><span style=\"vertical-align: inherit;\">disclaimer<\/span><\/span><\/p>\r\n<p><span style=\"vertical-align: inherit;\"><span style=\"vertical-align: inherit;\">Nella misura massima consentita dalla legge applicabile, escludiamo tutte le dichiarazioni, garanzie e condizioni relative al nostro sito Web e all&#8217;utilizzo di questo sito Web. <\/span><span style=\"vertical-align: inherit;\">Nulla in questo disclaimer:<\/span><\/span><\/p>\r\n<p><span style=\"vertical-align: inherit;\"><span style=\"vertical-align: inherit;\">limitare o escludere la nostra o la vostra responsabilit\u00e0 per morte o lesioni personali;<\/span><\/span><\/p>\r\n<p><span style=\"vertical-align: inherit;\"><span style=\"vertical-align: inherit;\">limitare o escludere la nostra o la vostra responsabilit\u00e0 per frode o falsa dichiarazione fraudolenta;<\/span><\/span><\/p>\r\n<p><span style=\"vertical-align: inherit;\"><span style=\"vertical-align: inherit;\">limitare qualsiasi nostra o vostra responsabilit\u00e0 in qualsiasi modo non consentito dalla legge applicabile; <\/span><span style=\"vertical-align: inherit;\">o<\/span><\/span><\/p>\r\n<p><span style=\"vertical-align: inherit;\"><span style=\"vertical-align: inherit;\">escludere uno qualsiasi dei nostri o tuoi obblighi che potrebbero non essere esclusi dalla legge applicabile.<\/span><\/span><\/p>\r\n<p><span style=\"vertical-align: inherit;\"><span style=\"vertical-align: inherit;\">Le limitazioni ei divieti di responsabilit\u00e0 stabiliti in questa sezione e altrove in questo disclaimer: (a) sono soggetti al paragrafo precedente; <\/span><span style=\"vertical-align: inherit;\">e (b) disciplinano tutte le responsabilit\u00e0 derivanti dall&#8217;esclusione di responsabilit\u00e0, comprese le responsabilit\u00e0 derivanti da contratto, illecito civile e violazione di obblighi di legge.<\/span><\/span><\/p>\r\n<p><span style=\"vertical-align: inherit;\"><span style=\"vertical-align: inherit;\">Finch\u00e9 il sito web e le informazioni ei servizi presenti sul sito web sono forniti gratuitamente, non saremo responsabili per eventuali perdite o danni di alcun tipo.<\/span><\/span><\/p>\r\n<p>&nbsp;<\/p>\r\n","protected":false},"excerpt":{"rendered":"<p>&nbsp; \u00a0Termini e Condizioni Benvenuto su Ahelth.com Questi termini e condizioni stabiliscono le regole e i regolamenti per l&#8217;uso del sito Web ahelth.com, che si trova su ahelth.com Accedendo a questo sito Web presumiamo che accetti questi termini e condizioni. Non continuare a utilizzare Ahelth.com se non accetti di accettare tutti i termini e le &hellip;<\/p>\n","protected":false},"author":1,"featured_media":0,"parent":0,"menu_order":0,"comment_status":"closed","ping_status":"closed","template":"","meta":{"footnotes":""},"class_list":["post-19783","page","type-page","status-publish","hentry"],"yoast_head":"<!-- This site is optimized with the Yoast SEO plugin v24.0 - https:\/\/yoast.com\/wordpress\/plugins\/seo\/ -->\n<title>\u00a0Termini e Condizioni - the health<\/title>\n<meta name=\"robots\" content=\"index, follow, max-snippet:-1, max-image-preview:large, max-video-preview:-1\" \/>\n<link rel=\"canonical\" href=\"https:\/\/ahelth.com\/it\/terms-and-conditions\/\" \/>\n<meta property=\"og:locale\" content=\"it_IT\" \/>\n<meta property=\"og:type\" content=\"article\" \/>\n<meta property=\"og:title\" content=\"\u00a0Termini e Condizioni - the health\" \/>\n<meta property=\"og:description\" content=\"&nbsp; \u00a0Termini e Condizioni Benvenuto su Ahelth.com Questi termini e condizioni stabiliscono le regole e i regolamenti per l&#8217;uso del sito Web ahelth.com, che si trova su ahelth.com Accedendo a questo sito Web presumiamo che accetti questi termini e condizioni. Non continuare a utilizzare Ahelth.com se non accetti di accettare tutti i termini e le &hellip;\" \/>\n<meta property=\"og:url\" content=\"https:\/\/ahelth.com\/it\/terms-and-conditions\/\" \/>\n<meta property=\"og:site_name\" content=\"the health\" \/>\n<meta property=\"article:modified_time\" content=\"2022-05-01T00:39:59+00:00\" \/>\n<meta name=\"twitter:card\" content=\"summary_large_image\" \/>\n<meta name=\"twitter:label1\" content=\"Tempo di lettura stimato\" \/>\n\t<meta name=\"twitter:data1\" content=\"8 minuti\" \/>\n<script type=\"application\/ld+json\" class=\"yoast-schema-graph\">{\"@context\":\"https:\/\/schema.org\",\"@graph\":[{\"@type\":\"WebPage\",\"@id\":\"https:\/\/ahelth.com\/it\/terms-and-conditions\/\",\"url\":\"https:\/\/ahelth.com\/it\/terms-and-conditions\/\",\"name\":\"\u00a0Termini e Condizioni - the health\",\"isPartOf\":{\"@id\":\"https:\/\/ahelth.com\/es\/#website\"},\"datePublished\":\"2021-11-01T00:15:34+00:00\",\"dateModified\":\"2022-05-01T00:39:59+00:00\",\"breadcrumb\":{\"@id\":\"https:\/\/ahelth.com\/it\/terms-and-conditions\/#breadcrumb\"},\"inLanguage\":\"it-IT\",\"potentialAction\":[{\"@type\":\"ReadAction\",\"target\":[\"https:\/\/ahelth.com\/it\/terms-and-conditions\/\"]}]},{\"@type\":\"BreadcrumbList\",\"@id\":\"https:\/\/ahelth.com\/it\/terms-and-conditions\/#breadcrumb\",\"itemListElement\":[{\"@type\":\"ListItem\",\"position\":1,\"name\":\"Home\",\"item\":\"https:\/\/ahelth.com\/it\/\"},{\"@type\":\"ListItem\",\"position\":2,\"name\":\"\u00a0Termini e Condizioni\"}]},{\"@type\":\"WebSite\",\"@id\":\"https:\/\/ahelth.com\/es\/#website\",\"url\":\"https:\/\/ahelth.com\/es\/\",\"name\":\"the health\",\"description\":\"Articles on health\",\"potentialAction\":[{\"@type\":\"SearchAction\",\"target\":{\"@type\":\"EntryPoint\",\"urlTemplate\":\"https:\/\/ahelth.com\/es\/?s={search_term_string}\"},\"query-input\":{\"@type\":\"PropertyValueSpecification\",\"valueRequired\":true,\"valueName\":\"search_term_string\"}}],\"inLanguage\":\"it-IT\"}]}<\/script>\n<!-- \/ Yoast SEO plugin. -->","yoast_head_json":{"title":"\u00a0Termini e Condizioni - the health","robots":{"index":"index","follow":"follow","max-snippet":"max-snippet:-1","max-image-preview":"max-image-preview:large","max-video-preview":"max-video-preview:-1"},"canonical":"https:\/\/ahelth.com\/it\/terms-and-conditions\/","og_locale":"it_IT","og_type":"article","og_title":"\u00a0Termini e Condizioni - the health","og_description":"&nbsp; \u00a0Termini e Condizioni Benvenuto su Ahelth.com Questi termini e condizioni stabiliscono le regole e i regolamenti per l&#8217;uso del sito Web ahelth.com, che si trova su ahelth.com Accedendo a questo sito Web presumiamo che accetti questi termini e condizioni. Non continuare a utilizzare Ahelth.com se non accetti di accettare tutti i termini e le &hellip;","og_url":"https:\/\/ahelth.com\/it\/terms-and-conditions\/","og_site_name":"the health","article_modified_time":"2022-05-01T00:39:59+00:00","twitter_card":"summary_large_image","twitter_misc":{"Tempo di lettura stimato":"8 minuti"},"schema":{"@context":"https:\/\/schema.org","@graph":[{"@type":"WebPage","@id":"https:\/\/ahelth.com\/it\/terms-and-conditions\/","url":"https:\/\/ahelth.com\/it\/terms-and-conditions\/","name":"\u00a0Termini e Condizioni - the health","isPartOf":{"@id":"https:\/\/ahelth.com\/es\/#website"},"datePublished":"2021-11-01T00:15:34+00:00","dateModified":"2022-05-01T00:39:59+00:00","breadcrumb":{"@id":"https:\/\/ahelth.com\/it\/terms-and-conditions\/#breadcrumb"},"inLanguage":"it-IT","potentialAction":[{"@type":"ReadAction","target":["https:\/\/ahelth.com\/it\/terms-and-conditions\/"]}]},{"@type":"BreadcrumbList","@id":"https:\/\/ahelth.com\/it\/terms-and-conditions\/#breadcrumb","itemListElement":[{"@type":"ListItem","position":1,"name":"Home","item":"https:\/\/ahelth.com\/it\/"},{"@type":"ListItem","position":2,"name":"\u00a0Termini e Condizioni"}]},{"@type":"WebSite","@id":"https:\/\/ahelth.com\/es\/#website","url":"https:\/\/ahelth.com\/es\/","name":"the health","description":"Articles on health","potentialAction":[{"@type":"SearchAction","target":{"@type":"EntryPoint","urlTemplate":"https:\/\/ahelth.com\/es\/?s={search_term_string}"},"query-input":{"@type":"PropertyValueSpecification","valueRequired":true,"valueName":"search_term_string"}}],"inLanguage":"it-IT"}]}},"_links":{"self":[{"href":"https:\/\/ahelth.com\/it\/wp-json\/wp\/v2\/pages\/19783","targetHints":{"allow":["GET"]}}],"collection":[{"href":"https:\/\/ahelth.com\/it\/wp-json\/wp\/v2\/pages"}],"about":[{"href":"https:\/\/ahelth.com\/it\/wp-json\/wp\/v2\/types\/page"}],"author":[{"embeddable":true,"href":"https:\/\/ahelth.com\/it\/wp-json\/wp\/v2\/users\/1"}],"replies":[{"embeddable":true,"href":"https:\/\/ahelth.com\/it\/wp-json\/wp\/v2\/comments?post=19783"}],"version-history":[{"count":0,"href":"https:\/\/ahelth.com\/it\/wp-json\/wp\/v2\/pages\/19783\/revisions"}],"wp:attachment":[{"href":"https:\/\/ahelth.com\/it\/wp-json\/wp\/v2\/media?parent=19783"}],"curies":[{"name":"wp","href":"https:\/\/api.w.org\/{rel}","templated":true}]}}