{"id":19723,"date":"2021-11-01T00:17:28","date_gmt":"2021-11-01T00:17:28","guid":{"rendered":"http:\/\/ahelth.com\/about-us\/"},"modified":"2022-05-01T00:14:51","modified_gmt":"2022-05-01T00:14:51","slug":"about-us","status":"publish","type":"page","link":"https:\/\/ahelth.com\/tr\/about-us\/","title":{"rendered":"Hakk\u0131m\u0131zda"},"content":{"rendered":"\r\n<p><span style=\"vertical-align: inherit;\"><span style=\"vertical-align: inherit;\">Hakk\u0131m\u0131zda<\/span><\/span><\/p>\r\n\r\n\r\n\r\n<p><span style=\"vertical-align: inherit;\"><span style=\"vertical-align: inherit;\">Ahelth.com web sitesi, okuyucular\u0131na nerede olurlarsa olsunlar sa\u011fl\u0131\u011f\u0131n her alan\u0131nda g\u00fcvenilir bilgiler sa\u011flamak i\u00e7in \u00e7al\u0131\u015fmaktad\u0131r. <\/span><span style=\"vertical-align: inherit;\">Herkesin bilme ve g\u00fcvenilir bilgiye kolay eri\u015fim hakk\u0131na inan\u0131yoruz.<\/span><\/span><\/p>\r\n\r\n\r\n\r\n<p><span style=\"vertical-align: inherit;\"><span style=\"vertical-align: inherit;\">Ahelth.com, misyonunu ger\u00e7ekle\u015ftirmek i\u00e7in kullan\u0131c\u0131lar\u0131n g\u00fcvenini kazanmaya ve s\u00fcrd\u00fcrmeye kararl\u0131d\u0131r:<\/span><\/span><\/p>\r\n\r\n\r\n\r\n<p><span style=\"vertical-align: inherit;\"><span style=\"vertical-align: inherit;\">Verilere atanan ve onaylanan t\u00fcm alanlarda bilginin yay\u0131lmas\u0131.<\/span><\/span><\/p>\r\n\r\n\r\n\r\n<p><span style=\"vertical-align: inherit;\"><span style=\"vertical-align: inherit;\">Telif haklar\u0131na, fikri m\u00fclkiyete, profesyonel ve etik standartlara sayg\u0131 g\u00f6sterin.<\/span><\/span><\/p>\r\n\r\n\r\n\r\n<p><span style=\"vertical-align: inherit;\"><span style=\"vertical-align: inherit;\">Kullan\u0131c\u0131lar\u0131m\u0131z\u0131n gizlili\u011fine sayg\u0131 g\u00f6sterin ve Ahelth.com ile payla\u015f\u0131lan hi\u00e7bir \u00f6zel bilgiyi if\u015fa etmeyin.<\/span><\/span><\/p>\r\n\r\n\r\n\r\n<p><span style=\"vertical-align: inherit;\"><span style=\"vertical-align: inherit;\">En son bilimsel geli\u015fmeleri takip etmek ve i\u00e7eri\u011fimizi buna g\u00f6re g\u00fcncellemek.<\/span><\/span><\/p>\r\n\r\n\r\n\r\n<p><span style=\"vertical-align: inherit;\"><span style=\"vertical-align: inherit;\">Ahelth.com, y\u00fcksek kaliteli \u00fcr\u00fcnler, i\u00e7erik ve hizmetler sa\u011flamak i\u00e7in performans\u0131n\u0131 s\u00fcrd\u00fcrmek ve s\u00fcrekli iyile\u015ftirmek i\u00e7in \u00e7al\u0131\u015fan profesyonel uzmanlar, y\u00f6neticiler, edit\u00f6rler, programc\u0131lar, tasar\u0131mc\u0131lar ve reklam uzmanlar\u0131ndan olu\u015fan bir ekip taraf\u0131ndan desteklenmektedir.<\/span><\/span><\/p>\r\n\r\n\r\n\r\n<p><span style=\"vertical-align: inherit;\"><span style=\"vertical-align: inherit;\">Sorumluluk Reddi: Ahelth.com, herhangi bir tedaviye ba\u015flamadan \u00f6nce ve herhangi bir t\u0131bbi sorun olmas\u0131 durumunda profesyonel t\u0131bbi yard\u0131m alman\u0131n \u00f6nemini vurgular. <\/span><span style=\"vertical-align: inherit;\">Ahelth.com taraf\u0131ndan sa\u011flanan bilgiler e\u011fitim ama\u00e7l\u0131d\u0131r ve t\u0131bbi ve profesyonel g\u00f6r\u00fc\u015flerin yerine ge\u00e7memelidir.<\/span><\/span><\/p>\r\n\r\n\r\n\r\n<p><span style=\"vertical-align: inherit;\"><span style=\"vertical-align: inherit;\">\u00a0Selamlar\u0131mla<\/span><\/span><\/p>\r\n\r\n\r\n\r\n<p><span style=\"vertical-align: inherit;\"><span style=\"vertical-align: inherit;\">Sa\u011fl\u0131k.com<\/span><\/span><\/p>\r\n","protected":false},"excerpt":{"rendered":"<p>Hakk\u0131m\u0131zda Ahelth.com web sitesi, okuyucular\u0131na nerede olurlarsa olsunlar sa\u011fl\u0131\u011f\u0131n her alan\u0131nda g\u00fcvenilir bilgiler sa\u011flamak i\u00e7in \u00e7al\u0131\u015fmaktad\u0131r. Herkesin bilme ve g\u00fcvenilir bilgiye kolay eri\u015fim hakk\u0131na inan\u0131yoruz. Ahelth.com, misyonunu ger\u00e7ekle\u015ftirmek i\u00e7in kullan\u0131c\u0131lar\u0131n g\u00fcvenini kazanmaya ve s\u00fcrd\u00fcrmeye kararl\u0131d\u0131r: Verilere atanan ve onaylanan t\u00fcm alanlarda bilginin yay\u0131lmas\u0131. Telif haklar\u0131na, fikri m\u00fclkiyete, profesyonel ve etik standartlara sayg\u0131 g\u00f6sterin. Kullan\u0131c\u0131lar\u0131m\u0131z\u0131n gizlili\u011fine &hellip;<\/p>\n","protected":false},"author":1,"featured_media":0,"parent":0,"menu_order":0,"comment_status":"closed","ping_status":"closed","template":"","meta":{"footnotes":""},"class_list":["post-19723","page","type-page","status-publish","hentry"],"yoast_head":"<!-- This site is optimized with the Yoast SEO plugin v27.4 - https:\/\/yoast.com\/product\/yoast-seo-wordpress\/ -->\n<title>Hakk\u0131m\u0131zda - the health<\/title>\n<meta name=\"robots\" content=\"index, follow, max-snippet:-1, max-image-preview:large, max-video-preview:-1\" \/>\n<link rel=\"canonical\" href=\"https:\/\/ahelth.com\/tr\/about-us\/\" \/>\n<meta property=\"og:locale\" content=\"tr_TR\" \/>\n<meta property=\"og:type\" content=\"article\" \/>\n<meta property=\"og:title\" content=\"Hakk\u0131m\u0131zda - the health\" \/>\n<meta property=\"og:description\" content=\"Hakk\u0131m\u0131zda Ahelth.com web sitesi, okuyucular\u0131na nerede olurlarsa olsunlar sa\u011fl\u0131\u011f\u0131n her alan\u0131nda g\u00fcvenilir bilgiler sa\u011flamak i\u00e7in \u00e7al\u0131\u015fmaktad\u0131r. Herkesin bilme ve g\u00fcvenilir bilgiye kolay eri\u015fim hakk\u0131na inan\u0131yoruz. Ahelth.com, misyonunu ger\u00e7ekle\u015ftirmek i\u00e7in kullan\u0131c\u0131lar\u0131n g\u00fcvenini kazanmaya ve s\u00fcrd\u00fcrmeye kararl\u0131d\u0131r: Verilere atanan ve onaylanan t\u00fcm alanlarda bilginin yay\u0131lmas\u0131. Telif haklar\u0131na, fikri m\u00fclkiyete, profesyonel ve etik standartlara sayg\u0131 g\u00f6sterin. Kullan\u0131c\u0131lar\u0131m\u0131z\u0131n gizlili\u011fine &hellip;\" \/>\n<meta property=\"og:url\" content=\"https:\/\/ahelth.com\/tr\/about-us\/\" \/>\n<meta property=\"og:site_name\" content=\"the health\" \/>\n<meta property=\"article:modified_time\" content=\"2022-05-01T00:14:51+00:00\" \/>\n<meta name=\"twitter:card\" content=\"summary_large_image\" \/>\n<meta name=\"twitter:label1\" content=\"Tahmini okuma s\u00fcresi\" \/>\n\t<meta name=\"twitter:data1\" content=\"1 dakika\" \/>\n<script type=\"application\/ld+json\" class=\"yoast-schema-graph\">{\"@context\":\"https:\\\/\\\/schema.org\",\"@graph\":[{\"@type\":\"WebPage\",\"@id\":\"https:\\\/\\\/ahelth.com\\\/tr\\\/about-us\\\/\",\"url\":\"https:\\\/\\\/ahelth.com\\\/tr\\\/about-us\\\/\",\"name\":\"Hakk\u0131m\u0131zda - the health\",\"isPartOf\":{\"@id\":\"https:\\\/\\\/ahelth.com\\\/es\\\/#website\"},\"datePublished\":\"2021-11-01T00:17:28+00:00\",\"dateModified\":\"2022-05-01T00:14:51+00:00\",\"breadcrumb\":{\"@id\":\"https:\\\/\\\/ahelth.com\\\/tr\\\/about-us\\\/#breadcrumb\"},\"inLanguage\":\"tr\",\"potentialAction\":[{\"@type\":\"ReadAction\",\"target\":[\"https:\\\/\\\/ahelth.com\\\/tr\\\/about-us\\\/\"]}]},{\"@type\":\"BreadcrumbList\",\"@id\":\"https:\\\/\\\/ahelth.com\\\/tr\\\/about-us\\\/#breadcrumb\",\"itemListElement\":[{\"@type\":\"ListItem\",\"position\":1,\"name\":\"Home\",\"item\":\"https:\\\/\\\/ahelth.com\\\/tr\\\/\"},{\"@type\":\"ListItem\",\"position\":2,\"name\":\"Hakk\u0131m\u0131zda\"}]},{\"@type\":\"WebSite\",\"@id\":\"https:\\\/\\\/ahelth.com\\\/es\\\/#website\",\"url\":\"https:\\\/\\\/ahelth.com\\\/es\\\/\",\"name\":\"the health\",\"description\":\"Articles on health\",\"potentialAction\":[{\"@type\":\"SearchAction\",\"target\":{\"@type\":\"EntryPoint\",\"urlTemplate\":\"https:\\\/\\\/ahelth.com\\\/es\\\/?s={search_term_string}\"},\"query-input\":{\"@type\":\"PropertyValueSpecification\",\"valueRequired\":true,\"valueName\":\"search_term_string\"}}],\"inLanguage\":\"tr\"}]}<\/script>\n<!-- \/ Yoast SEO plugin. -->","yoast_head_json":{"title":"Hakk\u0131m\u0131zda - the health","robots":{"index":"index","follow":"follow","max-snippet":"max-snippet:-1","max-image-preview":"max-image-preview:large","max-video-preview":"max-video-preview:-1"},"canonical":"https:\/\/ahelth.com\/tr\/about-us\/","og_locale":"tr_TR","og_type":"article","og_title":"Hakk\u0131m\u0131zda - the health","og_description":"Hakk\u0131m\u0131zda Ahelth.com web sitesi, okuyucular\u0131na nerede olurlarsa olsunlar sa\u011fl\u0131\u011f\u0131n her alan\u0131nda g\u00fcvenilir bilgiler sa\u011flamak i\u00e7in \u00e7al\u0131\u015fmaktad\u0131r. Herkesin bilme ve g\u00fcvenilir bilgiye kolay eri\u015fim hakk\u0131na inan\u0131yoruz. Ahelth.com, misyonunu ger\u00e7ekle\u015ftirmek i\u00e7in kullan\u0131c\u0131lar\u0131n g\u00fcvenini kazanmaya ve s\u00fcrd\u00fcrmeye kararl\u0131d\u0131r: Verilere atanan ve onaylanan t\u00fcm alanlarda bilginin yay\u0131lmas\u0131. Telif haklar\u0131na, fikri m\u00fclkiyete, profesyonel ve etik standartlara sayg\u0131 g\u00f6sterin. Kullan\u0131c\u0131lar\u0131m\u0131z\u0131n gizlili\u011fine &hellip;","og_url":"https:\/\/ahelth.com\/tr\/about-us\/","og_site_name":"the health","article_modified_time":"2022-05-01T00:14:51+00:00","twitter_card":"summary_large_image","twitter_misc":{"Tahmini okuma s\u00fcresi":"1 dakika"},"schema":{"@context":"https:\/\/schema.org","@graph":[{"@type":"WebPage","@id":"https:\/\/ahelth.com\/tr\/about-us\/","url":"https:\/\/ahelth.com\/tr\/about-us\/","name":"Hakk\u0131m\u0131zda - the health","isPartOf":{"@id":"https:\/\/ahelth.com\/es\/#website"},"datePublished":"2021-11-01T00:17:28+00:00","dateModified":"2022-05-01T00:14:51+00:00","breadcrumb":{"@id":"https:\/\/ahelth.com\/tr\/about-us\/#breadcrumb"},"inLanguage":"tr","potentialAction":[{"@type":"ReadAction","target":["https:\/\/ahelth.com\/tr\/about-us\/"]}]},{"@type":"BreadcrumbList","@id":"https:\/\/ahelth.com\/tr\/about-us\/#breadcrumb","itemListElement":[{"@type":"ListItem","position":1,"name":"Home","item":"https:\/\/ahelth.com\/tr\/"},{"@type":"ListItem","position":2,"name":"Hakk\u0131m\u0131zda"}]},{"@type":"WebSite","@id":"https:\/\/ahelth.com\/es\/#website","url":"https:\/\/ahelth.com\/es\/","name":"the health","description":"Articles on health","potentialAction":[{"@type":"SearchAction","target":{"@type":"EntryPoint","urlTemplate":"https:\/\/ahelth.com\/es\/?s={search_term_string}"},"query-input":{"@type":"PropertyValueSpecification","valueRequired":true,"valueName":"search_term_string"}}],"inLanguage":"tr"}]}},"_links":{"self":[{"href":"https:\/\/ahelth.com\/tr\/wp-json\/wp\/v2\/pages\/19723","targetHints":{"allow":["GET"]}}],"collection":[{"href":"https:\/\/ahelth.com\/tr\/wp-json\/wp\/v2\/pages"}],"about":[{"href":"https:\/\/ahelth.com\/tr\/wp-json\/wp\/v2\/types\/page"}],"author":[{"embeddable":true,"href":"https:\/\/ahelth.com\/tr\/wp-json\/wp\/v2\/users\/1"}],"replies":[{"embeddable":true,"href":"https:\/\/ahelth.com\/tr\/wp-json\/wp\/v2\/comments?post=19723"}],"version-history":[{"count":0,"href":"https:\/\/ahelth.com\/tr\/wp-json\/wp\/v2\/pages\/19723\/revisions"}],"wp:attachment":[{"href":"https:\/\/ahelth.com\/tr\/wp-json\/wp\/v2\/media?parent=19723"}],"curies":[{"name":"wp","href":"https:\/\/api.w.org\/{rel}","templated":true}]}}