{"id":19756,"date":"2021-10-31T23:44:38","date_gmt":"2021-10-31T23:44:38","guid":{"rendered":"http:\/\/ahelth.com\/privacy-policy\/"},"modified":"2022-05-01T00:29:02","modified_gmt":"2022-05-01T00:29:02","slug":"privacy-policy","status":"publish","type":"page","link":"https:\/\/ahelth.com\/tr\/privacy-policy\/","title":{"rendered":"Gizlilik Politikas\u0131"},"content":{"rendered":"<p><strong><span style=\"vertical-align: inherit;\"><span style=\"vertical-align: inherit;\">Gizlilik Politikas\u0131<\/span><\/span><\/strong><\/p>\n<p><strong><span style=\"vertical-align: inherit;\"><span style=\"vertical-align: inherit;\">sevgili ziyaret\u00e7i,<\/span><\/span><\/strong><\/p>\n<p><span style=\"vertical-align: inherit;\"><span style=\"vertical-align: inherit;\">Gizlili\u011finiz, yani ziyaret\u00e7i, bizim i\u00e7in son derece \u00f6nemlidir ve bu belgedeki gizlilik politikas\u0131,\u00a0 <\/span><\/span><strong><span style=\"vertical-align: inherit;\"><span style=\"vertical-align: inherit;\">\u00a0\u00a0ahelth<\/span><\/span><\/strong><a href=\"https:\/\/1ajaeb.com\/\">\u00a0<\/a><span style=\"vertical-align: inherit;\"><span style=\"vertical-align: inherit;\"> blog&#8217;un toplad\u0131\u011f\u0131 ki\u015fisel bilgi t\u00fcrlerini ve bu bilgilerin nas\u0131l kullan\u0131ld\u0131\u011f\u0131n\u0131 \u00f6zetlemektedir.<\/span><\/span><\/p>\n<p><strong><span style=\"vertical-align: inherit;\"><span style=\"vertical-align: inherit;\">\u00a0Reklamlar\u0131 g\u00f6r\u00fcnt\u00fclemek i\u00e7in \u00fc\u00e7\u00fcnc\u00fc taraf reklam \u015firketlerini kullan\u0131yoruz ve ahelth<\/span><\/span><\/strong><span style=\"vertical-align: inherit;\"><span style=\"vertical-align: inherit;\"> blogunu ziyaret\u00a0 etti\u011finizde <\/span><span style=\"vertical-align: inherit;\">\u00a0\u00a0, bu \u015firketler bu bloga yapt\u0131\u011f\u0131n\u0131z ziyaretlerle ilgili bilgileri (ad, adres, e-posta adresi veya telefon numaras\u0131 hari\u00e7) kullanmak i\u00e7in kullanma hakk\u0131na sahiptir. <\/span><\/span><a href=\"https:\/\/www.doubleclickbygoogle.com\/\"><span style=\"vertical-align: inherit;\"><span style=\"vertical-align: inherit;\">\u00e7erez dosyas\u0131<\/span><\/span><\/a><span style=\"vertical-align: inherit;\"><span style=\"vertical-align: inherit;\"> arac\u0131l\u0131\u011f\u0131yla ilginizi \u00e7eken mal ve hizmetlerle ilgili reklamlar sa\u011flamak\u00a0 <\/span><span style=\"vertical-align: inherit;\">.<\/span><\/span><\/p>\n<p>&nbsp;<\/p>\n<p><span style=\"vertical-align: inherit;\"><span style=\"vertical-align: inherit;\">Biz her\u00a0 <\/span><\/span><strong><span style=\"vertical-align: inherit;\"><span style=\"vertical-align: inherit;\">\u00a0zaman<\/span><\/span><\/strong><span style=\"vertical-align: inherit;\"><span style=\"vertical-align: inherit;\"> \u00a0\u00a0Google reklamlar\u0131n\u0131 harici bir finansal kaynak olarak kullan\u0131yoruz, bu nedenle Google,\u00a0 <\/span><span style=\"vertical-align: inherit;\">\u00a0sitemizde reklamlar\u0131 g\u00f6r\u00fcnt\u00fclemek i\u00e7in <\/span><\/span><a href=\"https:\/\/www.doubleclickbygoogle.com\/\"><span style=\"vertical-align: inherit;\"><span style=\"vertical-align: inherit;\">\u00e7erezleri kullan\u0131r.<\/span><\/span><\/a><\/p>\n<p>&nbsp;<\/p>\n<p><span style=\"vertical-align: inherit;\"><span style=\"vertical-align: inherit;\">Bu,\u00a0 <\/span><\/span><strong><span style=\"vertical-align: inherit;\"><span style=\"vertical-align: inherit;\">Google&#8217;\u0131n <\/span><\/span><\/strong><strong><span style=\"vertical-align: inherit;\"><span style=\"vertical-align: inherit;\">DART \u00e7erezini<\/span><\/span><\/strong><span style=\"vertical-align: inherit;\"><span style=\"vertical-align: inherit;\"> \u00a0kullanarak\u00a0 <\/span><span style=\"vertical-align: inherit;\">\u00a0kullan\u0131c\u0131lara sitemizi ziyaretlerine dayal\u0131 olarak &#8220;ilgi alanlar\u0131na dayal\u0131&#8221; reklamlar sunmas\u0131n\u0131 sa\u011flayacakt\u0131r.<\/span><\/span><\/p>\n<p>&nbsp;<\/p>\n<p><span style=\"vertical-align: inherit;\"><span style=\"vertical-align: inherit;\">De\u011ferli ziyaret\u00e7ilerimiz,\u00a0 <\/span><a href=\"https:\/\/www.google.com\/policies\/technologies\/ads\/\"><strong><span style=\"vertical-align: inherit;\">Google<\/span><\/strong><\/a><a href=\"https:\/\/www.google.com\/policies\/technologies\/ads\/\"><span style=\"vertical-align: inherit;\"> reklamlar\u0131n\u0131n\u00a0 <\/span><\/a><a href=\"https:\/\/www.google.com\/policies\/technologies\/ads\/\"><span style=\"vertical-align: inherit;\">\u00a0ve i\u00e7erik a\u011f\u0131n\u0131n<\/span><\/a><span style=\"vertical-align: inherit;\"> gizlilik politikas\u0131n\u0131 \u00a0ziyaret ederek\u00a0 <\/span><\/span><strong><span style=\"vertical-align: inherit;\"><span style=\"vertical-align: inherit;\">DART \u00e7erezinin<\/span><\/span><\/strong><span style=\"vertical-align: inherit;\"><span style=\"vertical-align: inherit;\"> kullan\u0131m\u0131n\u0131 devre d\u0131\u015f\u0131 b\u0131rakabilirler .<\/span><\/span><\/p>\n<p>&nbsp;<\/p>\n<p><strong><span style=\"vertical-align: inherit;\"><span style=\"vertical-align: inherit;\">G\u00fcnl\u00fck dosyalar\u0131 <\/span><\/span><\/strong><strong><span style=\"vertical-align: inherit;\"><span style=\"vertical-align: inherit;\">:<\/span><\/span><\/strong><\/p>\n<p><span style=\"vertical-align: inherit;\"><span style=\"vertical-align: inherit;\">Di\u011fer \u00e7o\u011fu site sunucusu gibi, bu nedenle\u00a0 <\/span><\/span><strong><span style=\"vertical-align: inherit;\"><span style=\"vertical-align: inherit;\">\u00a0ahelth<\/span><\/span><\/strong><span style=\"vertical-align: inherit;\"><span style=\"vertical-align: inherit;\"> web sitesi \u00a0\u00a0g\u00fcnl\u00fck dosya sistemini kullan\u0131r ve buna \u0130nternet protokol\u00fc (adresler, taray\u0131c\u0131 t\u00fcr\u00fc, \u0130nternet servis sa\u011flay\u0131c\u0131s\u0131 \u201c\u0130nternet Servis Sa\u011flay\u0131c\u0131lar\u0131\u201d, tarih \/ saat ve e\u011filimleri analiz etmek i\u00e7in t\u0131klama say\u0131s\u0131) dahildir.<\/span><\/span><\/p>\n<p>&nbsp;<\/p>\n<p><strong><span style=\"vertical-align: inherit;\"><span style=\"vertical-align: inherit;\">Bu s\u00fcre\u00e7 boyunca, bu, ziyaret\u00e7ilerin ki\u015fisel konular\u0131na kulak misafiri olmak i\u00e7in t\u00fcm bu bilgileri toplamay\u0131 ama\u00e7lamaz, daha ziyade Google&#8217;\u0131n<\/span><\/span><\/strong><span style=\"vertical-align: inherit;\"><span style=\"vertical-align: inherit;\"> reklamlar\u0131n\u0131n kalitesini iyile\u015ftirme amac\u0131yla analitik konular ve buna\u00a0 <\/span><span style=\"vertical-align: inherit;\">\u00a0ek olarak, t\u00fcm bu bilgiler taraf\u0131m\u0131zca kaydedilen tamamen gizlidir ve \u00f6zel geli\u015ftirme ve iyile\u015ftirme kapsam\u0131nda kal\u0131r.Sadece sitemiz.<\/span><\/span><\/p>\n<p>&nbsp;<\/p>\n<p><strong><span style=\"vertical-align: inherit;\"><span style=\"vertical-align: inherit;\">\u00c7erezler ve a\u011f ayarlar\u0131 <\/span><\/span><\/strong><strong><span style=\"vertical-align: inherit;\"><span style=\"vertical-align: inherit;\">:<\/span><\/span><\/strong><\/p>\n<p><span style=\"vertical-align: inherit;\"><span style=\"vertical-align: inherit;\">Google\u00a0 <\/span><span style=\"vertical-align: inherit;\">\u00a0, \u00e7erezleri ziyaret\u00e7ilerin ilgi alanlar\u0131yla ilgili bilgileri, eri\u015filen veya ziyaret edilen sayfalarla ilgili belirli bilgilerin yer ald\u0131\u011f\u0131 \u00f6zel bir kullan\u0131c\u0131 kayd\u0131yla birlikte kullan\u0131r ve bu ad\u0131mla, ziyaret\u00e7ilerin ilgi alanlar\u0131n\u0131n kapsam\u0131n\u0131 ve hangi konular\u0131n en \u00e7ok tercih edildi\u011fini biliriz. B\u00f6ylece onlara uygun hizmet ve bilgi <\/span><\/span><strong><span style=\"vertical-align: inherit;\"><span style=\"vertical-align: inherit;\">i\u00e7eri\u011fimizi<\/span><\/span><\/strong><\/p>\n<p>&nbsp;<\/p>\n<p><span style=\"vertical-align: inherit;\"><span style=\"vertical-align: inherit;\">Buna ek olarak,\u00a0 <\/span><\/span><strong><span style=\"vertical-align: inherit;\"><span style=\"vertical-align: inherit;\">\u00a0sa\u011fl\u0131\u011fa<\/span><\/span><\/strong><span style=\"vertical-align: inherit;\"><span style=\"vertical-align: inherit;\"> reklam veren baz\u0131 \u015firketlerin, \u00a0sitemiz ve sizin i\u00e7in \u00e7erezlere ve a\u011f ayarlar\u0131na bakabilece\u011fini ve bu \u015firketlerin, \u00f6rne\u011fin\u00a0 <\/span><\/span><strong><span style=\"vertical-align: inherit;\"><span style=\"vertical-align: inherit;\">Google<\/span><\/span><\/strong><span style=\"vertical-align: inherit;\"><span style=\"vertical-align: inherit;\"> ve \u00a0sitemizdeki ilk reklam \u015firketi olan <\/span><span style=\"vertical-align: inherit;\">\u00a0reklam program\u0131\u00a0 <\/span><\/span><a href=\"https:\/\/accounts.google.com\/ServiceLogin?service=adsense&amp;rm=hide&amp;nui=15&amp;alwf=true&amp;ltmpl=adsense&amp;passive=true&amp;continue=https:\/\/www.google.com\/adsense\/gaiaauth2?hl%3Den_US%26subid%3Dww-en_US-et-ads%26sourceid%3Daso%26medium%3Dlink&amp;followup=https:\/\/www.google.com\/adsense\/gaiaauth2?hl%3Den_US%26subid%3Dww-en_US-et-ads%26sourceid%3Daso%26medium%3Dlink&amp;hl=en_US#identifier\"><strong><span style=\"vertical-align: inherit;\"><span style=\"vertical-align: inherit;\">Google AdSense&#8217;i ekliyoruz.<\/span><\/span><\/strong><\/a><\/p>\n<p>&nbsp;<\/p>\n<p><span style=\"vertical-align: inherit;\"><span style=\"vertical-align: inherit;\">Tabii ki, gizlilik politikas\u0131nda \u00fc\u00e7\u00fcnc\u00fc ki\u015fi olarak kabul edilen bu t\u00fcr reklamc\u0131lar, reklamlar\u0131n\u0131n kalitesini art\u0131rmak ve etkinli\u011fini \u00f6l\u00e7mek amac\u0131yla bu t\u00fcr verileri ve istatistikleri \u0130nternet protokolleri arac\u0131l\u0131\u011f\u0131yla takip etmektedir.<\/span><\/span><\/p>\n<p>&nbsp;<\/p>\n<p><span style=\"vertical-align: inherit;\"><span style=\"vertical-align: inherit;\">Ayr\u0131ca, bu \u015firketler, bizimle akdedilen anla\u015fmalar kapsam\u0131nda, bu \u015firketlerin reklam i\u00e7eriklerini geli\u015ftirmek i\u00e7in yukar\u0131da belirtilen ama\u00e7larla teknik ara\u00e7lar (\u00e7erezler, a\u011f ayarlar\u0131 ve \u00f6zel \u201cJavaScript\u201d programlama kodlar\u0131 gibi) kullanma hakk\u0131na sahiptir. \u015firketler ve bu reklamlar\u0131n etkinli\u011fini \u00f6l\u00e7mek, sitemizin ziyaret\u00e7ilerine \u015fu ya da bu \u015fekilde zarar verebilecek ba\u015fka ama\u00e7lar olmadan.<\/span><\/span><\/p>\n<p>&nbsp;<\/p>\n<p><span style=\"vertical-align: inherit;\"><span style=\"vertical-align: inherit;\">Elbette,\u00a0 <\/span><\/span><strong><span style=\"vertical-align: inherit;\"><span style=\"vertical-align: inherit;\">ahelth<\/span><\/span><\/strong><span style=\"vertical-align: inherit;\"><span style=\"vertical-align: inherit;\"> web sitesi \u00a0, siz onlar\u0131 cihaz\u0131n\u0131zdan (\u00e7erezler) almak i\u00e7in izin verip etkinle\u015ftirdikten sonra bile bu dosyalara eri\u015femez veya bunlar\u0131 denetleyemez ve Allah korusun, bunlar\u0131n yasa d\u0131\u015f\u0131 kullan\u0131m\u0131ndan hi\u00e7bir \u015fekilde sorumlu de\u011filiz.<\/span><\/span><\/p>\n<p>&nbsp;<\/p>\n<p><span style=\"vertical-align: inherit;\"><span style=\"vertical-align: inherit;\">\u00a0\u00c7e\u015fitli uygulamalar\u0131 ve etkinlikleri hakk\u0131nda daha fazla bilgi i\u00e7in <\/span><span style=\"vertical-align: inherit;\">bu belgedeki \u00fc\u00e7\u00fcnc\u00fc taraf\u0131n (\u00a0 <\/span><\/span><a href=\"https:\/\/accounts.google.com\/ServiceLogin?service=adsense&amp;rm=hide&amp;nui=15&amp;alwf=true&amp;ltmpl=adsense&amp;passive=true&amp;continue=https:\/\/www.google.com\/adsense\/gaiaauth2?hl%3Den_US%26subid%3Dww-en_US-et-ads%26sourceid%3Daso%26medium%3Dlink&amp;followup=https:\/\/www.google.com\/adsense\/gaiaauth2?hl%3Den_US%26subid%3Dww-en_US-et-ads%26sourceid%3Daso%26medium%3Dlink&amp;hl=en_US#identifier\"><strong><span style=\"vertical-align: inherit;\"><span style=\"vertical-align: inherit;\">Google AdSense gibi reklamverenler) veya reklam a\u011f\u0131 sunucular\u0131n\u0131n gizlilik politikas\u0131n\u0131 incelemelisiniz.<\/span><\/span><\/strong><\/a><\/p>\n<p>&nbsp;<\/p>\n<p><span style=\"vertical-align: inherit;\"><strong><span style=\"vertical-align: inherit;\">Google&#8217;\u0131n Google\u00a0 <\/span><\/strong><a href=\"https:\/\/accounts.google.com\/ServiceLogin?service=adsense&amp;rm=hide&amp;nui=15&amp;alwf=true&amp;ltmpl=adsense&amp;passive=true&amp;continue=https:\/\/www.google.com\/adsense\/gaiaauth2?hl%3Den_US%26subid%3Dww-en_US-et-ads%26sourceid%3Daso%26medium%3Dlink&amp;followup=https:\/\/www.google.com\/adsense\/gaiaauth2?hl%3Den_US%26subid%3Dww-en_US-et-ads%26sourceid%3Daso%26medium%3Dlink&amp;hl=en_US#identifier\"><strong><span style=\"vertical-align: inherit;\">AdSense<\/span><\/strong><\/a><span style=\"vertical-align: inherit;\"> reklam program\u0131 gizlilik politikas\u0131n\u0131 <\/span><span style=\"vertical-align: inherit;\">\u00a0incelemek\u00a0 i\u00e7in <\/span><span style=\"vertical-align: inherit;\">l\u00fctfen buray\u0131\u00a0 <\/span><a href=\"https:\/\/www.google.com\/policies\/technologies\/ads\/\"><span style=\"vertical-align: inherit;\">t\u0131klay\u0131n.<\/span><\/a><\/span><strong>\u00a0<\/strong><\/p>\n<p>&nbsp;<\/p>\n<p><span style=\"vertical-align: inherit;\"><span style=\"vertical-align: inherit;\">Ziyaret\u00e7ilerin ilgi alanlar\u0131n\u0131 ve konumlar\u0131n\u0131 hedefleyen Reklamlar politikas\u0131 arac\u0131l\u0131\u011f\u0131yla G\u00f6r\u00fcnt\u00fcl\u00fc Reklam A\u011f\u0131 ve Arama A\u011f\u0131&#8217;nda yeniden pazarlama i\u00e7in veriler toplanabilir ve bu \u00f6zellik buradan devre d\u0131\u015f\u0131\u00a0 <\/span><\/span><a href=\"https:\/\/tools.google.com\/dlpage\/gaoptout\/?hl=ar\"><span style=\"vertical-align: inherit;\"><span style=\"vertical-align: inherit;\">b\u0131rak\u0131labilir<\/span><\/span><\/a><span style=\"vertical-align: inherit;\"><span style=\"vertical-align: inherit;\"> .<\/span><\/span><\/p>\n<p>&nbsp;<\/p>\n<p><span style=\"vertical-align: inherit;\"><a href=\"https:\/\/www.google.com\/policies\/technologies\/ads\/\"><strong><span style=\"vertical-align: inherit;\">Son olarak, taray\u0131c\u0131 se\u00e7enekleriniz arac\u0131l\u0131\u011f\u0131yla veya Google<\/span><\/strong><\/a><a href=\"https:\/\/www.google.com\/policies\/technologies\/ads\/\"><span style=\"vertical-align: inherit;\"> reklamlar\u0131n\u0131n \u00a0ve i\u00e7erik a\u011f\u0131n\u0131n <\/span><\/a><\/span><a href=\"https:\/\/www.google.com\/policies\/technologies\/ads\/\"><span style=\"vertical-align: inherit;\"><span style=\"vertical-align: inherit;\">gizlilik politikas\u0131n\u0131\u00a0<\/span><\/span><\/a><span style=\"vertical-align: inherit;\"><span style=\"vertical-align: inherit;\"> izleyerek \u00e7erez \u00f6zelli\u011fini nas\u0131l devre d\u0131\u015f\u0131 b\u0131rakabilece\u011finizi size g\u00f6stermek i\u00e7in bu s\u00f6zle\u015fmenin \u015fartlar\u0131na ba\u011fl\u0131y\u0131z \u00a0 <\/span><span style=\"vertical-align: inherit;\">\u00a0.<\/span><\/span><\/p>\n<p>&nbsp;<\/p>\n<p><strong><span style=\"vertical-align: inherit;\"><span style=\"vertical-align: inherit;\">Daha fazla bilgiye ihtiyac\u0131n\u0131z varsa veya gizlilik politikas\u0131 hakk\u0131nda herhangi bir sorunuz varsa, Bize Ula\u015f\u0131n<\/span><\/span><\/strong><span style=\"vertical-align: inherit;\"><span style=\"vertical-align: inherit;\"> sekmesine girerek ileti\u015fim formu arac\u0131l\u0131\u011f\u0131yla bizimle ileti\u015fime ge\u00e7mekten\u00a0 \u00e7ekinmeyin <\/span><span style=\"vertical-align: inherit;\">.<\/span><\/span><\/p>\n<p>&nbsp;<\/p>\n<p><span style=\"vertical-align: inherit;\"><span style=\"vertical-align: inherit;\">Bu politikan\u0131n \u015fartlar\u0131, gerekli g\u00f6rd\u00fc\u011f\u00fcm\u00fcz herhangi bir zamanda i\u00e7eri\u011finde geli\u015ftirme ve de\u011fi\u015fikli\u011fe tabidir.<\/span><\/span><\/p>\n<p>&nbsp;<\/p>\n","protected":false},"excerpt":{"rendered":"<p>Gizlilik Politikas\u0131 sevgili ziyaret\u00e7i, Gizlili\u011finiz, yani ziyaret\u00e7i, bizim i\u00e7in son derece \u00f6nemlidir ve bu belgedeki gizlilik politikas\u0131,\u00a0 \u00a0\u00a0ahelth\u00a0 blog&#8217;un toplad\u0131\u011f\u0131 ki\u015fisel bilgi t\u00fcrlerini ve bu bilgilerin nas\u0131l kullan\u0131ld\u0131\u011f\u0131n\u0131 \u00f6zetlemektedir. \u00a0Reklamlar\u0131 g\u00f6r\u00fcnt\u00fclemek i\u00e7in \u00fc\u00e7\u00fcnc\u00fc taraf reklam \u015firketlerini kullan\u0131yoruz ve ahelth blogunu ziyaret\u00a0 etti\u011finizde \u00a0\u00a0, bu \u015firketler bu bloga yapt\u0131\u011f\u0131n\u0131z ziyaretlerle ilgili bilgileri (ad, adres, e-posta adresi &hellip;<\/p>\n","protected":false},"author":1,"featured_media":0,"parent":0,"menu_order":0,"comment_status":"closed","ping_status":"open","template":"","meta":{"footnotes":""},"class_list":["post-19756","page","type-page","status-publish","hentry"],"yoast_head":"<!-- This site is optimized with the Yoast SEO plugin v27.4 - https:\/\/yoast.com\/product\/yoast-seo-wordpress\/ -->\n<title>Gizlilik Politikas\u0131 - the health<\/title>\n<meta name=\"robots\" content=\"index, follow, max-snippet:-1, max-image-preview:large, max-video-preview:-1\" \/>\n<link rel=\"canonical\" href=\"https:\/\/ahelth.com\/tr\/privacy-policy\/\" \/>\n<meta property=\"og:locale\" content=\"tr_TR\" \/>\n<meta property=\"og:type\" content=\"article\" \/>\n<meta property=\"og:title\" content=\"Gizlilik Politikas\u0131 - the health\" \/>\n<meta property=\"og:description\" content=\"Gizlilik Politikas\u0131 sevgili ziyaret\u00e7i, Gizlili\u011finiz, yani ziyaret\u00e7i, bizim i\u00e7in son derece \u00f6nemlidir ve bu belgedeki gizlilik politikas\u0131,\u00a0 \u00a0\u00a0ahelth\u00a0 blog&#8217;un toplad\u0131\u011f\u0131 ki\u015fisel bilgi t\u00fcrlerini ve bu bilgilerin nas\u0131l kullan\u0131ld\u0131\u011f\u0131n\u0131 \u00f6zetlemektedir. \u00a0Reklamlar\u0131 g\u00f6r\u00fcnt\u00fclemek i\u00e7in \u00fc\u00e7\u00fcnc\u00fc taraf reklam \u015firketlerini kullan\u0131yoruz ve ahelth blogunu ziyaret\u00a0 etti\u011finizde \u00a0\u00a0, bu \u015firketler bu bloga yapt\u0131\u011f\u0131n\u0131z ziyaretlerle ilgili bilgileri (ad, adres, e-posta adresi &hellip;\" \/>\n<meta property=\"og:url\" content=\"https:\/\/ahelth.com\/tr\/privacy-policy\/\" \/>\n<meta property=\"og:site_name\" content=\"the health\" \/>\n<meta property=\"article:modified_time\" content=\"2022-05-01T00:29:02+00:00\" \/>\n<meta name=\"twitter:card\" content=\"summary_large_image\" \/>\n<meta name=\"twitter:label1\" content=\"Tahmini okuma s\u00fcresi\" \/>\n\t<meta name=\"twitter:data1\" content=\"4 dakika\" \/>\n<script type=\"application\/ld+json\" class=\"yoast-schema-graph\">{\"@context\":\"https:\\\/\\\/schema.org\",\"@graph\":[{\"@type\":\"WebPage\",\"@id\":\"https:\\\/\\\/ahelth.com\\\/tr\\\/privacy-policy\\\/\",\"url\":\"https:\\\/\\\/ahelth.com\\\/tr\\\/privacy-policy\\\/\",\"name\":\"Gizlilik Politikas\u0131 - the health\",\"isPartOf\":{\"@id\":\"https:\\\/\\\/ahelth.com\\\/es\\\/#website\"},\"datePublished\":\"2021-10-31T23:44:38+00:00\",\"dateModified\":\"2022-05-01T00:29:02+00:00\",\"breadcrumb\":{\"@id\":\"https:\\\/\\\/ahelth.com\\\/tr\\\/privacy-policy\\\/#breadcrumb\"},\"inLanguage\":\"tr\",\"potentialAction\":[{\"@type\":\"ReadAction\",\"target\":[\"https:\\\/\\\/ahelth.com\\\/tr\\\/privacy-policy\\\/\"]}]},{\"@type\":\"BreadcrumbList\",\"@id\":\"https:\\\/\\\/ahelth.com\\\/tr\\\/privacy-policy\\\/#breadcrumb\",\"itemListElement\":[{\"@type\":\"ListItem\",\"position\":1,\"name\":\"Home\",\"item\":\"https:\\\/\\\/ahelth.com\\\/tr\\\/\"},{\"@type\":\"ListItem\",\"position\":2,\"name\":\"Gizlilik Politikas\u0131\"}]},{\"@type\":\"WebSite\",\"@id\":\"https:\\\/\\\/ahelth.com\\\/es\\\/#website\",\"url\":\"https:\\\/\\\/ahelth.com\\\/es\\\/\",\"name\":\"the health\",\"description\":\"Articles on health\",\"potentialAction\":[{\"@type\":\"SearchAction\",\"target\":{\"@type\":\"EntryPoint\",\"urlTemplate\":\"https:\\\/\\\/ahelth.com\\\/es\\\/?s={search_term_string}\"},\"query-input\":{\"@type\":\"PropertyValueSpecification\",\"valueRequired\":true,\"valueName\":\"search_term_string\"}}],\"inLanguage\":\"tr\"}]}<\/script>\n<!-- \/ Yoast SEO plugin. -->","yoast_head_json":{"title":"Gizlilik Politikas\u0131 - the health","robots":{"index":"index","follow":"follow","max-snippet":"max-snippet:-1","max-image-preview":"max-image-preview:large","max-video-preview":"max-video-preview:-1"},"canonical":"https:\/\/ahelth.com\/tr\/privacy-policy\/","og_locale":"tr_TR","og_type":"article","og_title":"Gizlilik Politikas\u0131 - the health","og_description":"Gizlilik Politikas\u0131 sevgili ziyaret\u00e7i, Gizlili\u011finiz, yani ziyaret\u00e7i, bizim i\u00e7in son derece \u00f6nemlidir ve bu belgedeki gizlilik politikas\u0131,\u00a0 \u00a0\u00a0ahelth\u00a0 blog&#8217;un toplad\u0131\u011f\u0131 ki\u015fisel bilgi t\u00fcrlerini ve bu bilgilerin nas\u0131l kullan\u0131ld\u0131\u011f\u0131n\u0131 \u00f6zetlemektedir. \u00a0Reklamlar\u0131 g\u00f6r\u00fcnt\u00fclemek i\u00e7in \u00fc\u00e7\u00fcnc\u00fc taraf reklam \u015firketlerini kullan\u0131yoruz ve ahelth blogunu ziyaret\u00a0 etti\u011finizde \u00a0\u00a0, bu \u015firketler bu bloga yapt\u0131\u011f\u0131n\u0131z ziyaretlerle ilgili bilgileri (ad, adres, e-posta adresi &hellip;","og_url":"https:\/\/ahelth.com\/tr\/privacy-policy\/","og_site_name":"the health","article_modified_time":"2022-05-01T00:29:02+00:00","twitter_card":"summary_large_image","twitter_misc":{"Tahmini okuma s\u00fcresi":"4 dakika"},"schema":{"@context":"https:\/\/schema.org","@graph":[{"@type":"WebPage","@id":"https:\/\/ahelth.com\/tr\/privacy-policy\/","url":"https:\/\/ahelth.com\/tr\/privacy-policy\/","name":"Gizlilik Politikas\u0131 - the health","isPartOf":{"@id":"https:\/\/ahelth.com\/es\/#website"},"datePublished":"2021-10-31T23:44:38+00:00","dateModified":"2022-05-01T00:29:02+00:00","breadcrumb":{"@id":"https:\/\/ahelth.com\/tr\/privacy-policy\/#breadcrumb"},"inLanguage":"tr","potentialAction":[{"@type":"ReadAction","target":["https:\/\/ahelth.com\/tr\/privacy-policy\/"]}]},{"@type":"BreadcrumbList","@id":"https:\/\/ahelth.com\/tr\/privacy-policy\/#breadcrumb","itemListElement":[{"@type":"ListItem","position":1,"name":"Home","item":"https:\/\/ahelth.com\/tr\/"},{"@type":"ListItem","position":2,"name":"Gizlilik Politikas\u0131"}]},{"@type":"WebSite","@id":"https:\/\/ahelth.com\/es\/#website","url":"https:\/\/ahelth.com\/es\/","name":"the health","description":"Articles on health","potentialAction":[{"@type":"SearchAction","target":{"@type":"EntryPoint","urlTemplate":"https:\/\/ahelth.com\/es\/?s={search_term_string}"},"query-input":{"@type":"PropertyValueSpecification","valueRequired":true,"valueName":"search_term_string"}}],"inLanguage":"tr"}]}},"_links":{"self":[{"href":"https:\/\/ahelth.com\/tr\/wp-json\/wp\/v2\/pages\/19756","targetHints":{"allow":["GET"]}}],"collection":[{"href":"https:\/\/ahelth.com\/tr\/wp-json\/wp\/v2\/pages"}],"about":[{"href":"https:\/\/ahelth.com\/tr\/wp-json\/wp\/v2\/types\/page"}],"author":[{"embeddable":true,"href":"https:\/\/ahelth.com\/tr\/wp-json\/wp\/v2\/users\/1"}],"replies":[{"embeddable":true,"href":"https:\/\/ahelth.com\/tr\/wp-json\/wp\/v2\/comments?post=19756"}],"version-history":[{"count":0,"href":"https:\/\/ahelth.com\/tr\/wp-json\/wp\/v2\/pages\/19756\/revisions"}],"wp:attachment":[{"href":"https:\/\/ahelth.com\/tr\/wp-json\/wp\/v2\/media?parent=19756"}],"curies":[{"name":"wp","href":"https:\/\/api.w.org\/{rel}","templated":true}]}}